{"id":104,"date":"2017-04-22T19:35:46","date_gmt":"2017-04-22T17:35:46","guid":{"rendered":"http:\/\/copalev.org\/?page_id=104"},"modified":"2023-08-12T17:16:16","modified_gmt":"2023-08-12T15:16:16","slug":"ueber-uns","status":"publish","type":"page","link":"http:\/\/copalev.org\/de\/ueber-uns\/","title":{"rendered":"\u00dcber uns"},"content":{"rendered":"\t\t<div data-elementor-type=\"wp-page\" data-elementor-id=\"104\" class=\"elementor elementor-104\">\n\t\t\t\t\t\t\t\t\t<section class=\"elementor-section elementor-top-section elementor-element elementor-element-46e5616f elementor-section-boxed elementor-section-height-default elementor-section-height-default\" data-id=\"46e5616f\" data-element_type=\"section\">\n\t\t\t\t\t\t<div class=\"elementor-container elementor-column-gap-default\">\n\t\t\t\t\t<div class=\"elementor-column elementor-col-100 elementor-top-column elementor-element elementor-element-22de4f55\" data-id=\"22de4f55\" data-element_type=\"column\">\n\t\t\t<div class=\"elementor-widget-wrap elementor-element-populated\">\n\t\t\t\t\t\t\t\t<div class=\"elementor-element elementor-element-22c9d799 elementor-widget elementor-widget-text-editor\" data-id=\"22c9d799\" data-element_type=\"widget\" data-widget_type=\"text-editor.default\">\n\t\t\t\t<div class=\"elementor-widget-container\">\n\t\t\t\t\t\t\t<p><\/p><h2><strong>Corazones por Am\u00e9rica Latina &#8211; COPAL e.V.<\/strong><\/h2><p>Corazones por Am\u00e9rica Latina &#8211; COPAL e.V. &#8211; ist ein eingetragener, gemeinn\u00fctziger Verein, d.h. wir haben eine entsprechende Satzung, werden regelm\u00e4\u00dfig durch das Finanzamt kontrolliert und sind berechtigt Spendenquittungen auszustellen. Mehr Informationen dazu finden Sie <a href=\"http:\/\/copalev.org\/de\/kontakt-und-service\/\" target=\"_blank\" rel=\"noopener noreferrer\">hier<\/a>.<\/p><p><div class=\"fusion-sep-clear\"><\/div><div class=\"fusion-separator fusion-full-width-sep sep-single sep-solid\" style=\"border-color:#757474;border-top-width:1px;margin-left: auto;margin-right: auto;margin-top:10px;margin-bottom:10px;\"><\/div><\/p><h2><strong>Organisation<\/strong><\/h2><p>COPAL e.V. ist aus dem ehemaligen Arbeitskreis Mexiko der <a href=\"http:\/\/www.wuerzburg-martin-luther.de\/\" target=\"_blank\" rel=\"noopener noreferrer\">Martin-Luther-Kirche W\u00fcrzburg<\/a> entstanden. Auch jetzt arbeiten wir im Sinne der \u00d6kumene mit verschiedenen <a href=\"http:\/\/copalev.org\/de\/kirchengemeinden\/\" target=\"_blank\" rel=\"noopener noreferrer\">Kirchengemeinden<\/a> sowie einem gro\u00dfen Netzwerk von weiteren Partnern zusammen. Die Mitgliedschaft im Verein ist jedoch nicht an die Zugeh\u00f6rigkeit zu einer Kirche oder eine bestimmte Weltanschauung gebunden und steht allen offen, die unsere Ziele aktiv unterst\u00fctzen wollen.<\/p><p><div class=\"fusion-sep-clear\"><\/div><div class=\"fusion-separator fusion-full-width-sep sep-single sep-solid\" style=\"border-color:#757474;border-top-width:1px;margin-left: auto;margin-right: auto;margin-top:10px;margin-bottom:10px;\"><\/div><\/p><h2><strong>Wer sind wir?<\/strong><\/h2><p>COPAL e.V. wird getragen von ehrenamtlichen Frauen und M\u00e4nnern, denen das Wohl der \u00c4rmsten der Armen am Herzen liegt.<\/p><h3>Unsere wichtigsten Ansprechpartner sind:<\/h3><p>Benjamin Navarro Canaviri (1. Vorsitzender)<\/p><p>Mary Carolina Garcia Lino (Stellvertretende Vorsitzende)<\/p><p>Florian Knell (Finanzen, Kassenwart)<\/p><h3>Schl\u00fcsselpersonen<\/h3><p>Rainer Hohner (Veranstaltungen)<\/p><p>Simone Eisenmann de Navarro (Bolivien, Bildung)<\/p><p>Thomas Neund\u00f6rfer (med. Ger\u00e4te)<\/p><p>Gerne k\u00f6nnen Sie die einzelnen Ansprechpartner \u00fcber unsere <a href=\"http:\/\/copalev.org\/de\/downloads\/\" target=\"_blank\" rel=\"noopener noreferrer\">Kontaktadresse<\/a> auch direkt anschreiben.<\/p><p><div class=\"fusion-sep-clear\"><\/div><div class=\"fusion-separator fusion-full-width-sep sep-single sep-solid\" style=\"border-color:#757474;border-top-width:1px;margin-left: auto;margin-right: auto;margin-top:10px;margin-bottom:10px;\"><\/div><\/p><h2><strong>Unsere Grunds\u00e4tze:<\/strong><\/h2><h3><i>Wir<\/i><em> leisten Hilfe zur Selbsthilfe.<\/em><\/h3><p>Das bedeutet:<\/p><ul><li>Die betroffene Zielbev\u00f6lkerung wirkt an den Projekten von Anfang an mit.<\/li><li>Betriebskosten werden vor Ort \u00fcbernommen.<\/li><li>Es werden keine langfristigen Verpflichtungen oder Abh\u00e4ngigkeiten begr\u00fcndet.<\/li><li>Die Initiativen des Vereins haben die Funktion eines Katalysators, der mit einer Initialz\u00fcndung weitere Ma\u00dfnahmen in Gang bringt.<\/li><\/ul><h3><i>Wir kooperieren mit\u00a0<a href=\"http:\/\/copalev.org\/de\/partner\/\" target=\"_blank\" rel=\"noopener noreferrer\">Netzwerken<\/a><\/i><em>\u00a0vor Ort.<\/em><\/h3><p>Das bedeutet:<\/p><ul><li>Unsere Projekte d\u00fcrfen nicht den zust\u00e4ndigen Stellen vor Ort ihre Verantwortung abnehmen, indem sie an ihrer Stelle die Grundversorgung der Bev\u00f6lkerung gew\u00e4hrleisten.<\/li><li>Stattdessen wollen wir durch pers\u00f6nliches Engagement sowie zweckgebundene Geld- und Sachspenden die Beh\u00f6rden dazu veranlassen, ihre Verantwortung gegen\u00fcber der Bev\u00f6lkerung wahrzunehmen.<\/li><\/ul><h3><i>Wir wollen Ver\u00e4nderung durch<\/i><em> Begegnung.<\/em><\/h3><p>Das bedeutet:<\/p><ul><li>Unser Ziel ist es, den Menschen hier in Deutschland ein wirklichkeitsnahes Bild von Lateinamerika zu vermitteln.<\/li><li>Deshalb sind Begegnungsprojekte mit Menschen in und aus Lateinamerika f\u00fcr uns mindestens ebenso wichtig wie Spenden und materielle Hilfe.<\/li><li>Denn nur wenn man sich pers\u00f6nlich auf den anderen einl\u00e4sst, ist es m\u00f6glich globale Zusammenh\u00e4nge zu verstehen und wirkliche Ver\u00e4nderungen in dieser Welt zu erreichen.<\/li><\/ul><p><div class=\"fusion-sep-clear\"><\/div><div class=\"fusion-separator fusion-full-width-sep sep-single sep-solid\" style=\"border-color:#757474;border-top-width:1px;margin-left: auto;margin-right: auto;margin-top:10px;margin-bottom:10px;\"><\/div><\/p><p><\/p>\t\t\t\t\t\t<\/div>\n\t\t\t\t<\/div>\n\t\t\t\t\t<\/div>\n\t\t<\/div>\n\t\t\t\t\t\t\t<\/div>\n\t\t<\/section>\n\t\t\t\t\t\t\t<\/div>\n\t\t","protected":false},"excerpt":{"rendered":"<p>Corazones por Am\u00e9rica Latina &#8211; COPAL e.V. Corazones por Am\u00e9rica Latina &#8211; COPAL e.V. &#8211; ist ein eingetragener, gemeinn\u00fctziger Verein, d.h. wir haben eine entsprechende Satzung, werden regelm\u00e4\u00dfig durch das Finanzamt kontrolliert und sind berechtigt Spendenquittungen auszustellen. Mehr Informationen dazu finden Sie hier. Organisation COPAL e.V. ist aus dem ehemaligen Arbeitskreis Mexiko der Martin-Luther-Kirche W\u00fcrzburg [&hellip;]<\/p>\n","protected":false},"author":23,"featured_media":0,"parent":0,"menu_order":0,"comment_status":"closed","ping_status":"closed","template":"","meta":{"footnotes":""},"class_list":["post-104","page","type-page","status-publish","hentry"],"_links":{"self":[{"href":"http:\/\/copalev.org\/de\/wp-json\/wp\/v2\/pages\/104","targetHints":{"allow":["GET"]}}],"collection":[{"href":"http:\/\/copalev.org\/de\/wp-json\/wp\/v2\/pages"}],"about":[{"href":"http:\/\/copalev.org\/de\/wp-json\/wp\/v2\/types\/page"}],"author":[{"embeddable":true,"href":"http:\/\/copalev.org\/de\/wp-json\/wp\/v2\/users\/23"}],"replies":[{"embeddable":true,"href":"http:\/\/copalev.org\/de\/wp-json\/wp\/v2\/comments?post=104"}],"version-history":[{"count":76,"href":"http:\/\/copalev.org\/de\/wp-json\/wp\/v2\/pages\/104\/revisions"}],"predecessor-version":[{"id":1560,"href":"http:\/\/copalev.org\/de\/wp-json\/wp\/v2\/pages\/104\/revisions\/1560"}],"wp:attachment":[{"href":"http:\/\/copalev.org\/de\/wp-json\/wp\/v2\/media?parent=104"}],"curies":[{"name":"wp","href":"https:\/\/api.w.org\/{rel}","templated":true}]}}