{"id":282,"date":"2017-05-15T17:05:51","date_gmt":"2017-05-15T15:05:51","guid":{"rendered":"http:\/\/copalev.org\/?page_id=282"},"modified":"2023-08-07T20:10:54","modified_gmt":"2023-08-07T18:10:54","slug":"impressum","status":"publish","type":"page","link":"http:\/\/copalev.org\/de\/impressum\/","title":{"rendered":"Impressum"},"content":{"rendered":"<p><\/p>\n<div id=\"content\">\n<div class=\"container\">\n<div id=\"main\" class=\"left\">\n<div class=\"item-page\">\n<h2>COPAL &#8211; Corazones por Am\u00e9rica Latina e.V.<\/h2>\n<p>ist ein gemeinn\u00fctziger Verein in W\u00fcrzburg.<\/p>\n<p>Anbieter dieser Webseite ist COPAL e.V. (Registergericht VR 200721) in W\u00fcrzburg.<\/p>\n<p>COPAL &#8211; Corazones por Am\u00e9rica Latina e.V.<\/p>\n<p>Vorsitzender<\/p>\n<p>Benjamin Navarro<br \/>\nObere Ringst. 29<br \/>\n97267 Himmelstadt<br \/>\nTelefon: 09364811254<\/p>\n<p>E-Mail: \u00a0 \u00a0\u00a0<a href=\"mailto:info@copalev.org\">info@copalev.org<\/a><br \/>\nInternet: \u00a0<a href=\"http:\/\/www.copalev.org\/\">www.copalev.org<\/a><\/p>\n<p>Steuernummer 257\/107\/40561<\/p>\n<p><strong>Verantwortlich f\u00fcr den Inhalt<br \/>\n<\/strong>COPAL e.V.<\/p>\n<p><strong>Ihr Ansprechpartner<\/strong><br \/>\nBenjamin Navarro<br \/>\nE-Mail:\u00a0 <a href=\"mailto:info@copalev.org\">info@copalev.org<\/a><\/p>\n<h2><strong>Haftungsausschluss<\/strong><\/h2>\n<p><strong>Inhalt unseres Onlineangebotes<br \/>\n<\/strong>&#8222;COPAL e.V.&#8220; ist st\u00e4ndig bem\u00fcht, seine Website zu aktualisieren und seine zur Verf\u00fcgung gestellten Informationen stets vollst\u00e4ndig, inhaltlich richtig und aktuell zu halten. Dennoch k\u00f6nnen auch wir nicht vollst\u00e4ndig ausschlie\u00dfen, dass uns dabei Fehler unterlaufen.<\/p>\n<p>F\u00fcr die Vollst\u00e4ndigkeit, inhaltliche Richtigkeit und Aktualit\u00e4t unserer Informationen auf dieser Website \u00fcbernehmen wir keine Haftung, es sei denn, die fehlerhaften Informationen wurden durch uns vors\u00e4tzlich oder grob fahrl\u00e4ssig eingestellt. Dies gilt auch f\u00fcr Sch\u00e4den, die aus der Nutzung oder Nichtnutzung der Informationen auf unserer Website entstehen.<\/p>\n<p><strong>Haftungsausschluss f\u00fcr Links und Verweise<\/strong><br \/>\nTrotz sorgf\u00e4ltiger inhaltlicher Kontrolle \u00fcbernehmen wir keine Haftung f\u00fcr die Inhalte externer Links. F\u00fcr den Inhalt der verlinkten Seiten sind ausschlie\u00dflich deren Betreiber verantwortlich.<\/p>\n<p><strong>Nachweis f\u00fcr Bilder und Illustrationen<\/strong><br \/>\nSoweit nichts anderes angegeben, stammen die Bilder von Werner Meckelein \u00a9, Mitgliedern von COPAL e.V. und anderen Personen, die mit COPAL e.V. in Verbindung stehen.<\/p>\n<p><strong>Hinweise zum Copyright<\/strong><br \/>\nDie Inhalte der Internetseiten von COPAL e.V. sind urheberrechtlich gesch\u00fctzt. Dies gilt f\u00fcr die audiovisuellen Elemente und Daten (wie Fotos, Grafiken, Logos, Musikdateien etc.) wie f\u00fcr alle Texte und sonstigen Daten.<\/p>\n<p>Soweit im Einzelfall nicht anders geregelt und soweit nicht fremde Rechte betroffen sind, ist im Fall der Verbreitung von Inhalten als Ganzes oder in Teilen davon in elektronischer und gedruckter Form erw\u00fcnscht, dass die Quelle (&#8222;Corazones por Am\u00e9rica Latina&#8220;) und die entsprechende URL (z.B.<a href=\"htt:\/\/www.copalev.org\"> www.copalev.org<\/a>) genannt werden.<\/p>\n<p>Ohne vorherige schriftliche Genehmigung durch COPAL e.V. ist eine kommerzielle Verbreitung der Inhalte nicht erlaubt.<\/p>\n<\/div>\n<\/div>\n<\/div>\n<\/div>\n<p><\/p>","protected":false},"excerpt":{"rendered":"<p>COPAL &#8211; Corazones por Am\u00e9rica Latina e.V. ist ein gemeinn\u00fctziger Verein in W\u00fcrzburg. Anbieter dieser Webseite ist COPAL e.V. (Registergericht VR 200721) in W\u00fcrzburg. COPAL &#8211; Corazones por Am\u00e9rica Latina e.V. Vorsitzender Benjamin Navarro Obere Ringst. 29 97267 Himmelstadt Telefon: 09364811254 E-Mail: \u00a0 \u00a0\u00a0info@copalev.org Internet: \u00a0www.copalev.org Steuernummer 257\/107\/40561 Verantwortlich f\u00fcr den Inhalt COPAL e.V. Ihr [&hellip;]<\/p>\n","protected":false},"author":23,"featured_media":0,"parent":0,"menu_order":0,"comment_status":"closed","ping_status":"closed","template":"","meta":{"footnotes":""},"class_list":["post-282","page","type-page","status-publish","hentry"],"_links":{"self":[{"href":"http:\/\/copalev.org\/de\/wp-json\/wp\/v2\/pages\/282","targetHints":{"allow":["GET"]}}],"collection":[{"href":"http:\/\/copalev.org\/de\/wp-json\/wp\/v2\/pages"}],"about":[{"href":"http:\/\/copalev.org\/de\/wp-json\/wp\/v2\/types\/page"}],"author":[{"embeddable":true,"href":"http:\/\/copalev.org\/de\/wp-json\/wp\/v2\/users\/23"}],"replies":[{"embeddable":true,"href":"http:\/\/copalev.org\/de\/wp-json\/wp\/v2\/comments?post=282"}],"version-history":[{"count":10,"href":"http:\/\/copalev.org\/de\/wp-json\/wp\/v2\/pages\/282\/revisions"}],"predecessor-version":[{"id":1511,"href":"http:\/\/copalev.org\/de\/wp-json\/wp\/v2\/pages\/282\/revisions\/1511"}],"wp:attachment":[{"href":"http:\/\/copalev.org\/de\/wp-json\/wp\/v2\/media?parent=282"}],"curies":[{"name":"wp","href":"https:\/\/api.w.org\/{rel}","templated":true}]}}