{"id":394,"date":"2017-07-17T17:03:33","date_gmt":"2017-07-17T15:03:33","guid":{"rendered":"http:\/\/copalev.org\/?page_id=394"},"modified":"2018-05-26T10:15:08","modified_gmt":"2018-05-26T08:15:08","slug":"datenschutz","status":"publish","type":"page","link":"http:\/\/copalev.org\/de\/datenschutz\/","title":{"rendered":"Datenschutz"},"content":{"rendered":"<p><\/p>\n<h2>Informationen zum Datenschutz<\/h2>\n<h3>Umsetzung der Datenschutzverordnung<\/h3>\n<p>Personenbezogene Daten von B\u00fcrgerinnen und B\u00fcrgern EU-weit einheitlich zu sch\u00fctzen \u2013 das ist das Ziel der neuen <strong>Datenschutz-Grundverordnung (EU) 2016\/679<\/strong>. Sie trat bereits am 24. Mai 2016 in Kraft und gilt nach einer zweij\u00e4hrigen \u00dcbergangszeit ab dem <strong>25. Mai 2018<\/strong> in allen Mitgliedsstaaten der Europ\u00e4ischen Union.<\/p>\n<p>Dabei bleiben in Bezug auf COPAL e.V. die bisherigen wesentlichen Regelungen des Datenschutzes erhalten. <strong>Ge\u00e4ndert<\/strong> haben sich die <strong>Betroffenenrechte <\/strong>und die <strong>Pflicht zur Transparenz bei der Datenverarbeitung<\/strong>.<\/p>\n<h3>Ihr Recht auf Information<\/h3>\n<p>Zu den neuen<strong> Informationspflichten<\/strong> (nach Artikel 13 der DSGVO) geh\u00f6rt, dass Ihnen mitgeteilt wird, welche <strong>Rechte <\/strong>Sie haben und wie die <strong>Kontaktdaten<\/strong> <strong>der verantwortlichen Ansprechpartner <\/strong>lauten. Sie erfahren, welche Daten zu welchem Zweck und auf welcher Rechtsgrundlage verarbeitet werden.<\/p>\n<p><strong>1. Allgemeines<\/strong><br \/>\nF\u00fcr COPAL e.V. ist der Schutz Ihrer im Rahmen der Nutzung unserer Webangebote bereitgestellten personenbezogenen Daten ein wichtiges Anliegen. Deshalb m\u00f6chten wir Sie hier informieren, welche Daten wir gegebenenfalls sammeln und wie wir damit umgehen.<\/p>\n<p>Rechtsgrundlage ist f\u00fcr uns sind die einschl\u00e4gigen Bestimmungen f\u00fcr das Anbieten von Telediensten und Betreiben von Internetauftritten.<\/p>\n<p><strong>2. Personenbezogene Daten<br \/>\n<\/strong>Die von Ihnen zur Verf\u00fcgung gestellten personenbezogenen Daten verwenden wir im Allgemeinen, um Ihre Anfragen zu beantworten, Ihre Auftr\u00e4ge zu bearbeiten oder Ihnen Zugang zu bestimmten Informationen oder Angeboten zu verschaffen. Dar\u00fcber hinaus verwenden wir Ihre Daten nur, soweit Sie hierzu ausdr\u00fccklich eingewilligt haben. Ihre Daten werden nicht an Dritte weitergegeben oder sonst kommerziell verwendet.<\/p>\n<p>Sofern innerhalb des Internetangebotes die M\u00f6glichkeit zur Eingabe pers\u00f6nlicher oder gesch\u00e4ftlicher Daten (zum Beispiel im Rahmen einer pers\u00f6nlichen Registrierung, Bestellung, Anforderung oder Mitteilung) besteht, so erfolgt die Angabe dieser Daten seitens des Besuchers auf ausdr\u00fccklich freiwilliger Basis.<\/p>\n<p><strong>3. Erhebung, Verarbeitung und Nutzung der Daten<br \/>\n<\/strong>Die uns online zur Verf\u00fcgung gestellten personenbezogenen Daten werden nur f\u00fcr die im konkreten Fall mitgeteilten Zwecke erhoben, verarbeitet und genutzt. Eine dar\u00fcber hinausgehende Erhebung, Verarbeitung oder Nutzung erfolgt nur dann, wenn dies<\/p>\n<ul>\n<li>f\u00fcr einen weiteren Zweck erfolgt, der in direktem Zusammenhang mit dem urspr\u00fcnglichen Zweck steht, zu dem die personenbezogenen Daten erhoben wurden,<\/li>\n<li>f\u00fcr die Vorbereitung, Verhandlung und Erf\u00fcllung eines Vertrages mit Ihnen erforderlich ist,<\/li>\n<li>aufgrund rechtlicher Verpflichtung oder beh\u00f6rdlicher oder gerichtlicher Anordnung erforderlich ist,<\/li>\n<li>zur Begr\u00fcndung oder zum Schutz rechtlicher Anspr\u00fcche oder zur Abwehr von Klagen erforderlich ist,<\/li>\n<li>der Verhinderung von Missbrauch oder sonstiger ungesetzlicher Aktivit\u00e4ten dient, z. B. vors\u00e4tzlicher Angriffe auf unsere Systeme.<\/li>\n<\/ul>\n<p><strong>4. Protokollierung<br \/>\n<\/strong>Wenn Sie auf unsere Websites zugreifen, werden kommunikationsbezogene Angaben (z. B. Internet-Protokoll-Adresse) bzw. nutzungsbezogene Angaben (z.B. Angaben zu Nutzungsbeginn und -dauer sowie zu den von Ihnen genutzten Telekommunikationsdiensten) mit technischen Mitteln automatisch erzeugt. Diese k\u00f6nnen eventuell R\u00fcckschl\u00fcsse auf personenbezogene Daten zulassen.<\/p>\n<p>Des Weiteren werden Informationen gesammelt, die nicht einer bestimmten Person zuzuordnen sind (z.B. verwendeter Internet-Browser; Betriebssystem; Domain-Name der Website, von der Sie kamen; Anzahl der Besuche; durchschnittliche Verweildauer; aufgerufene Seiten). Wir verwenden diese Informationen, um die Attraktivit\u00e4t unserer Websites zu ermitteln und deren Leistungsf\u00e4higkeit und Inhalte zu verbessern.<\/p>\n<p><strong>5. Aktive Komponenten (z.B. Cookies, Javascript etc.)<br \/>\n<\/strong>Wenn Sie eine unserer Websites besuchen, kann es sein, dass wir Informationen in Form eines &#8222;Cookie&#8220; auf Ihrem Computer ablegen. Cookies erlauben es uns beispielsweise, eine Website Ihren Interessen anzupassen. Da aus einem Cookie nicht ohne weiteres eine nat\u00fcrliche Person individualisiert werden kann, ist ihre Verwendung zul\u00e4ssig.<\/p>\n<p>Wenn Sie nicht m\u00f6chten, dass wir Ihren Computer wiedererkennen, stellen Sie Ihren Internet-Browser bitte so ein, dass er Cookies von Ihrem Computer l\u00f6scht, alle Cookies blockiert oder Sie warnt, bevor ein Cookie gespeichert wird.<\/p>\n<p><strong>6. Sicherheit<br \/>\n<\/strong>Wir setzen technische und organisatorische Sicherheitsma\u00dfnahmen ein, um Ihre zur Verf\u00fcgung gestellten Daten durch zuf\u00e4llige oder vors\u00e4tzliche Manipulationen, Verlust, Zerst\u00f6rung oder vor dem Zugriff durch unberechtigte Personen zu sch\u00fctzen. Dabei setzen wir auf Standards und verbessern unsere Ma\u00dfnahmen entsprechend dem technologischen Fortschritt.<\/p>\n<p>Dennoch weisen wir daraufhin, dass Daten bei ihrer \u00dcbertragung im Internet nach dem derzeitigen Stand der Technik nicht umfassend gesch\u00fctzt werden k\u00f6nnen.<\/p>\n<p><strong>7. Widerspruchsrecht<br \/>\n<\/strong>Selbstverst\u00e4ndlich informieren wir Sie gerne \u00fcber die Verwendung Ihrer uns \u00fcberlassenen pers\u00f6nlichen Daten. Sie k\u00f6nnen nach dem Datenschutzgesetz der Nutzung Ihrer Daten jederzeit widersprechen. Daf\u00fcr reicht eine entsprechende Mitteilung an &#8222;<em>COPAL e.V.<\/em>&#8222;. Wenn Sie es w\u00fcnschen, werden wir Ihre Daten nicht f\u00fcr eine weitere Kontaktaufnahme verwenden und sie l\u00f6schen.<\/p>\n<p><strong>8. E-Mail-Sicherheit<br \/>\n<\/strong>Wenn Sie uns eine E-Mail senden, so wird Ihre E-Mail-Adresse nur f\u00fcr die Korrespondenz mit Ihnen verwendet. E-Mail-Adressen, die Sie uns im Rahmen einer Newsletter-Bestellung \u00fcbermitteln, werden ausschlie\u00dflich f\u00fcr diesen Zweck eingesetzt. Ein Verschl\u00fcsselungsverfahren wird nicht eingesetzt.<\/p>\n<p><strong>9. Ansprechpartner<br \/>\n<\/strong>F\u00fcr Fragen zum Datenschutz wenden Sie sich bitte an<\/p>\n<p>E-Mail:\u00a0 <a href=\"mailto:info@copalev.org\">info@copalev.org<\/a><\/p>","protected":false},"excerpt":{"rendered":"<p>Informationen zum Datenschutz Umsetzung der Datenschutzverordnung Personenbezogene Daten von B\u00fcrgerinnen und B\u00fcrgern EU-weit einheitlich zu sch\u00fctzen \u2013 das ist das Ziel der neuen Datenschutz-Grundverordnung (EU) 2016\/679. Sie trat bereits am 24. Mai 2016 in Kraft und gilt nach einer zweij\u00e4hrigen \u00dcbergangszeit ab dem 25. Mai 2018 in allen Mitgliedsstaaten der Europ\u00e4ischen Union. Dabei bleiben in [&hellip;]<\/p>\n","protected":false},"author":14,"featured_media":0,"parent":0,"menu_order":0,"comment_status":"closed","ping_status":"closed","template":"","meta":{"footnotes":""},"class_list":["post-394","page","type-page","status-publish","hentry"],"_links":{"self":[{"href":"http:\/\/copalev.org\/de\/wp-json\/wp\/v2\/pages\/394","targetHints":{"allow":["GET"]}}],"collection":[{"href":"http:\/\/copalev.org\/de\/wp-json\/wp\/v2\/pages"}],"about":[{"href":"http:\/\/copalev.org\/de\/wp-json\/wp\/v2\/types\/page"}],"author":[{"embeddable":true,"href":"http:\/\/copalev.org\/de\/wp-json\/wp\/v2\/users\/14"}],"replies":[{"embeddable":true,"href":"http:\/\/copalev.org\/de\/wp-json\/wp\/v2\/comments?post=394"}],"version-history":[{"count":7,"href":"http:\/\/copalev.org\/de\/wp-json\/wp\/v2\/pages\/394\/revisions"}],"predecessor-version":[{"id":1366,"href":"http:\/\/copalev.org\/de\/wp-json\/wp\/v2\/pages\/394\/revisions\/1366"}],"wp:attachment":[{"href":"http:\/\/copalev.org\/de\/wp-json\/wp\/v2\/media?parent=394"}],"curies":[{"name":"wp","href":"https:\/\/api.w.org\/{rel}","templated":true}]}}