{"id":66,"date":"2017-03-22T12:50:45","date_gmt":"2017-03-22T11:50:45","guid":{"rendered":"http:\/\/copalev.org\/?page_id=66"},"modified":"2023-08-13T17:11:42","modified_gmt":"2023-08-13T15:11:42","slug":"willkommen","status":"publish","type":"page","link":"http:\/\/copalev.org\/de\/","title":{"rendered":"Willkommen"},"content":{"rendered":"<p><div  class=\"fusion-fullwidth fullwidth-box nonhundred-percent-fullwidth\"  style='background-color: rgba(255,255,255,0);background-position: center center;background-repeat: no-repeat;padding-top:0px;padding-right:0px;padding-bottom:0px;padding-left:0px;'><div class=\"fusion-builder-row fusion-row \"><div  class=\"fusion-layout-column fusion_builder_column fusion_builder_column_1_1  fusion-one-full fusion-column-first fusion-column-last 1_1\"  style='margin-top:0px;margin-bottom:0px;'>\n\t\t\t<div class=\"fusion-column-wrapper\" style=\"background-position:left top;background-repeat:no-repeat;-webkit-background-size:cover;-moz-background-size:cover;-o-background-size:cover;background-size:cover;\"  data-bg-url=\"\">\n\t\t\t\t<h3>Herzlich willkommen auf der Website des gemeinn\u00fctzigen Vereins COPAL e.V.<\/h3>\n<p>Corazones por Am\u00e9rica Latina &#8211; COPAL e.V. &#8211; &#8222;Herzen f\u00fcr Lateinamerika&#8220; &#8211; engagiert sich in den Bereichen <strong>Gesundheit<\/strong> und <strong>Bildung<\/strong> in verschiedenen lateinamerikanischen L\u00e4ndern.<\/p>\n<p>Durch unsere Projekte wollen wir benachteiligte Bev\u00f6lkerungsgruppen unterst\u00fctzen und dazu beitragen, deren Zukunftsaussichten nachhaltig zu verbessern. Helfen kann aber nicht hei\u00dfen, Geschenke zu verteilen. Vielmehr hat sich unser Verein den Leitgedanken <strong>\u201eHilfe zur Selbsthilfe\u201c<\/strong> als Grundsatz gesetzt und arbeitet eng mit der Zielbev\u00f6lkerung sowie \u00fcber unsere Partnerorganisationen mit den Beh\u00f6rden vor Ort zusammen.<\/p>\n<p>Mindestens ebenso wichtig wie das Spendenaufkommen ist f\u00fcr uns die pers\u00f6nliche Auseinandersetzung mit der Lebenssituation der Menschen in Lateinamerika. Daher begn\u00fcgen wir uns nicht damit, nur um Spenden f\u00fcr unsere Projekte zu werben. Vielmehr rufen wir auch zur <strong>pers\u00f6nlichen Begegnung<\/strong> auf und f\u00f6rdern diese durch verschiedenste Veranstaltungen und Projekte sowie Austauschprogramme.<\/p>\n<p>In diesem Zusammenhang bedanken wir uns ganz herzlich bei den Sch\u00fclerinnen und Sch\u00fclern des <a href=\"http:\/\/www.gymnasium-veitshoechheim.de\/\" target=\"_blank\" rel=\"noopener noreferrer\">Gymnasiums Veitsh\u00f6chheim <\/a>(Oberstufenjahrgang 2016\/18), die diese Website im Rahmen eines Projektseminars f\u00fcr uns erstellt haben!<\/p>\n<p><img loading=\"lazy\" decoding=\"async\" class=\"alignnone size-medium wp-image-1179 aligncenter\" src=\"http:\/\/copalev.org\/wordpress\/wp-content\/uploads\/2017\/03\/P-SeminarV-Kopie-300x193.jpg\" alt=\"\" width=\"300\" height=\"193\" srcset=\"http:\/\/copalev.org\/wordpress\/wp-content\/uploads\/2017\/03\/P-SeminarV-Kopie-200x128.jpg 200w, http:\/\/copalev.org\/wordpress\/wp-content\/uploads\/2017\/03\/P-SeminarV-Kopie-300x193.jpg 300w, http:\/\/copalev.org\/wordpress\/wp-content\/uploads\/2017\/03\/P-SeminarV-Kopie-400x257.jpg 400w, http:\/\/copalev.org\/wordpress\/wp-content\/uploads\/2017\/03\/P-SeminarV-Kopie-460x295.jpg 460w, http:\/\/copalev.org\/wordpress\/wp-content\/uploads\/2017\/03\/P-SeminarV-Kopie-600x385.jpg 600w, http:\/\/copalev.org\/wordpress\/wp-content\/uploads\/2017\/03\/P-SeminarV-Kopie-768x493.jpg 768w, http:\/\/copalev.org\/wordpress\/wp-content\/uploads\/2017\/03\/P-SeminarV-Kopie-800x513.jpg 800w, http:\/\/copalev.org\/wordpress\/wp-content\/uploads\/2017\/03\/P-SeminarV-Kopie-1024x657.jpg 1024w, http:\/\/copalev.org\/wordpress\/wp-content\/uploads\/2017\/03\/P-SeminarV-Kopie-1200x770.jpg 1200w, http:\/\/copalev.org\/wordpress\/wp-content\/uploads\/2017\/03\/P-SeminarV-Kopie.jpg 1516w\" sizes=\"auto, (max-width: 300px) 100vw, 300px\" \/><\/p>\n<p>&nbsp;<\/p>\n<div class=\"fusion-builder-row fusion-builder-row-inner fusion-row \"><div  class=\"fusion-layout-column fusion_builder_column fusion_builder_column_1_4  fusion-one-fourth fusion-column-first fusion-one-fourth fusion-column-first 1_4\"  style='margin-top: 0px;margin-bottom: 20px;width:25%;width:calc(25% - ( ( 4% + 4% + 4% ) * 0.25 ) );margin-right:4%;'>\n\t\t\t<div class=\"fusion-column-wrapper\" style=\"background-position:left top;background-repeat:no-repeat;-webkit-background-size:cover;-moz-background-size:cover;-o-background-size:cover;background-size:cover;\"  data-bg-url=\"\">\n\t\t\t\t\n\n\t\t\t<\/div>\n\t\t<\/div><div  class=\"fusion-layout-column fusion_builder_column fusion_builder_column_1_4  fusion-one-fourth fusion-one-fourth 1_4\"  style='margin-top: 0px;margin-bottom: 20px;width:25%;width:calc(25% - ( ( 4% + 4% + 4% ) * 0.25 ) );margin-right:4%;'>\n\t\t\t<div class=\"fusion-column-wrapper\" style=\"background-position:left top;background-repeat:no-repeat;-webkit-background-size:cover;-moz-background-size:cover;-o-background-size:cover;background-size:cover;\"  data-bg-url=\"\">\n\t\t\t\t\n\n\t\t\t<\/div>\n\t\t<\/div><div  class=\"fusion-layout-column fusion_builder_column fusion_builder_column_1_4  fusion-one-fourth fusion-one-fourth 1_4\"  style='margin-top: 0px;margin-bottom: 20px;width:25%;width:calc(25% - ( ( 4% + 4% + 4% ) * 0.25 ) );margin-right:4%;'>\n\t\t\t<div class=\"fusion-column-wrapper\" style=\"background-position:left top;background-repeat:no-repeat;-webkit-background-size:cover;-moz-background-size:cover;-o-background-size:cover;background-size:cover;\"  data-bg-url=\"\">\n\t\t\t\t\n\n\t\t\t<\/div>\n\t\t<\/div><div  class=\"fusion-layout-column fusion_builder_column fusion_builder_column_1_4  fusion-one-fourth fusion-column-last fusion-one-fourth fusion-column-last 1_4\"  style='margin-top: 0px;margin-bottom: 20px;width:25%;width:calc(25% - ( ( 4% + 4% + 4% ) * 0.25 ) );'>\n\t\t\t<div class=\"fusion-column-wrapper\" style=\"background-position:left top;background-repeat:no-repeat;-webkit-background-size:cover;-moz-background-size:cover;-o-background-size:cover;background-size:cover;\"  data-bg-url=\"\">\n\t\t\t\t\n\n\t\t\t<\/div>\n\t\t<\/div><\/div><div class=\"fusion-clearfix\"><\/div>\n\n\t\t\t<\/div>\n\t\t<\/div><\/div><\/div><\/p>","protected":false},"excerpt":{"rendered":"<p>Leider ist der Eintrag nur auf English und Espa\u00f1ol verf\u00fcgbar. Der Inhalt wird in einer anderen verf\u00fcgbaren Sprache angezeigt. Sie k\u00f6nnen einen Link anklicken, um zu einer anderen verf\u00fcgbaren Sprache zu wechseln. This is a warm welcome on the official website of the charitable organisation COPAL registered charity. \u201eCarazones por America Latina (COPAL e. V.) [&hellip;]<\/p>\n","protected":false},"author":1,"featured_media":0,"parent":0,"menu_order":0,"comment_status":"closed","ping_status":"closed","template":"","meta":{"footnotes":""},"class_list":["post-66","page","type-page","status-publish","hentry"],"_links":{"self":[{"href":"http:\/\/copalev.org\/de\/wp-json\/wp\/v2\/pages\/66","targetHints":{"allow":["GET"]}}],"collection":[{"href":"http:\/\/copalev.org\/de\/wp-json\/wp\/v2\/pages"}],"about":[{"href":"http:\/\/copalev.org\/de\/wp-json\/wp\/v2\/types\/page"}],"author":[{"embeddable":true,"href":"http:\/\/copalev.org\/de\/wp-json\/wp\/v2\/users\/1"}],"replies":[{"embeddable":true,"href":"http:\/\/copalev.org\/de\/wp-json\/wp\/v2\/comments?post=66"}],"version-history":[{"count":46,"href":"http:\/\/copalev.org\/de\/wp-json\/wp\/v2\/pages\/66\/revisions"}],"predecessor-version":[{"id":1612,"href":"http:\/\/copalev.org\/de\/wp-json\/wp\/v2\/pages\/66\/revisions\/1612"}],"wp:attachment":[{"href":"http:\/\/copalev.org\/de\/wp-json\/wp\/v2\/media?parent=66"}],"curies":[{"name":"wp","href":"https:\/\/api.w.org\/{rel}","templated":true}]}}