{"id":79,"date":"2017-03-22T21:40:40","date_gmt":"2017-03-22T20:40:40","guid":{"rendered":"http:\/\/copalev.org\/?page_id=79"},"modified":"2017-10-07T18:00:50","modified_gmt":"2017-10-07T16:00:50","slug":"faq","status":"publish","type":"page","link":"http:\/\/copalev.org\/de\/faq\/","title":{"rendered":"FAQ"},"content":{"rendered":"<p><\/p>\n<style type=\"text\/css\">\n\t<!-- @page { margin: 2cm } P { margin-bottom: 0.21cm } H2 { margin-bottom: 0.21cm } H2.cjk { font-family: \"SimSun\" } H2.ctl { font-family: \"Mangal\" } H4 { margin-bottom: 0.21cm } H4.cjk { font-family: \"SimSun\" } H4.ctl { font-family: \"Mangal\" } H3 { margin-bottom: 0.21cm } H3.cjk { font-family: \"SimSun\" } H3.ctl { font-family: \"Mangal\" } --><br \/>\t<\/style>\n<h2><strong><span style=\"font-family: Arial,sans-serif;\"><u>Kann ich anstelle einer \u00dcberweisung auch eine Einzugserm\u00e4chtigung erteilen?<\/u><\/span><\/strong><\/h2>\n<p><span style=\"font-family: Arial,sans-serif;\">Gerne! Einfach <a href=\"http:\/\/copalev.org\/wordpress\/wp-content\/uploads\/2017\/07\/Spendenformular.pdf\" target=\"_blank\" rel=\"noopener noreferrer\">Spendenformular<\/a> herunterladen, ausf\u00fcllen und an die <a href=\"http:\/\/copalev.org\/de\/downloads\/\" target=\"_blank\" rel=\"noopener noreferrer\">Kontaktadresse<\/a> von COPAL e.V. schicken.<\/span><\/p>\n<p>&nbsp;<\/p>\n<h2 class=\"western\"><strong><span style=\"font-family: Arial,sans-serif;\"><u>Wie kann ich Mitglied werden?<\/u><\/span><\/strong><\/h2>\n<p><span style=\"font-family: Arial,sans-serif;\">Sie k\u00f6nnen Mitglied werden, indem Sie unsere <a href=\"http:\/\/copalev.org\/wordpress\/wp-content\/uploads\/2017\/07\/Beitrittserkl%C3%A4rung.pdf\" target=\"_blank\" rel=\"noopener noreferrer\">Beitrittserkl\u00e4rung<\/a> ausf\u00fcllen und diese an unsere <a href=\"http:\/\/copalev.org\/de\/downloads\/\" target=\"_blank\" rel=\"noopener noreferrer\">Kontaktadresse<\/a> schicken.\u00a0<\/span><\/p>\n<p>&nbsp;<\/p>\n<h2 class=\"western\"><strong><span style=\"font-family: Arial,sans-serif;\"><u>Wie kann ich die Satzung COPAL e.V. herunterladen?<\/u><\/span><\/strong><\/h2>\n<p><span style=\"font-family: Arial,sans-serif;\">Unsere <a href=\"http:\/\/copalev.org\/wordpress\/wp-content\/uploads\/2017\/07\/Satzung-COPALStand-08.05.13.pdf\" target=\"_blank\" rel=\"noopener noreferrer\">Satzung<\/a> k\u00f6nnen Sie <a href=\"http:\/\/copalev.org\/wordpress\/wp-content\/uploads\/2017\/07\/Satzung-COPALStand-08.05.13.pdf\" target=\"_blank\" rel=\"noopener noreferrer\">[hier]<\/a> einsehen und auch als PDF-Datei downloaden.<\/span><\/p>\n<p>&nbsp;<\/p>\n<h2 class=\"western\"><strong><span style=\"font-family: Arial,sans-serif;\"><u>Wie finde ich einen Ansprechpartner?<\/u><\/span><\/strong><\/h2>\n<p><span style=\"font-family: Arial,sans-serif;\">Wenn Sie gezielte Fragen haben oder weitere Informationen \u00fcber unseren Verein in Erfahrung bringen m\u00f6chten, so k\u00f6nnen Sie sich \u00fcber unsere <a href=\"http:\/\/copalev.org\/de\/kontakt-und-service\/\" target=\"_blank\" rel=\"noopener noreferrer\">Kontaktseite<\/a> an uns wenden. Wir versuchen Ihnen m\u00f6glichst schnell zu antworten. Gerne k\u00f6nnen Sie sich \u00fcber unsere allgemeine E-Mail-Adresse auch direkt an bestimmte <a href=\"http:\/\/copalev.org\/de\/ueber-uns\/\" target=\"_blank\" rel=\"noopener noreferrer\">Ansprechpartner<\/a> wenden.; wir leiten Ihre Anfrage dann entsprechend weiter.<\/span><\/p>\n<p>&nbsp;<\/p>\n<h2 class=\"western\"><strong><span style=\"font-family: Arial,sans-serif;\"><u>Gibt es Verwaltungskosten bei COPAL e.V.?<\/u><\/span><\/strong><\/h2>\n<p><span style=\"font-family: Arial,sans-serif;\">Verwaltungskosten lassen sich leider nicht auf null reduzieren. Jedoch werden diese nicht durch Spenden finanziert, sondern durch Mitgliedsbeitr\u00e4ge, private H\u00e4nde oder Sponsoren getragen. Reisekosten werden grunds\u00e4tzlich privat und nicht \u00fcber COPAL e.V. finanziert. Ihre <a href=\"http:\/\/copalev.org\/de\/spenden-und-helfen\/\" target=\"_blank\" rel=\"noopener noreferrer\">Spende<\/a> kommt somit in voller H\u00f6he dem Projekt und damit den Menschen vor Ort zu Gute.<\/span><\/p>\n<p>&nbsp;<\/p>\n<h2 class=\"western\"><strong><span style=\"font-family: Arial,sans-serif;\"><u>Wie kann ich spenden?<\/u><\/span><\/strong><\/h2>\n<p><span style=\"font-family: Arial,sans-serif;\">Zum Spenden folgen Sie bitte unserem Spendenreiter oder klicken Sie <a href=\"http:\/\/copalev.org\/de\/spenden-und-helfen\/\" target=\"_blank\" rel=\"noopener noreferrer\">[hier]<\/a>.<\/span><\/p>\n<p>&nbsp;<\/p>\n<h2 class=\"western\"><strong><span style=\"font-family: Arial,sans-serif;\"><u>Wie kann ich helfen?<\/u><\/span><\/strong><\/h2>\n<p><span style=\"font-family: Arial,sans-serif;\">COPAL e.V. k\u00f6nnen Sie durch eine <a href=\"http:\/\/copalev.org\/de\/spenden-und-helfen\/\" target=\"_blank\" rel=\"noopener noreferrer\">Spende<\/a> unterst\u00fctzen. Gerne k\u00f6nnen Sie uns auch bei unseren <a href=\"http:\/\/copalev.org\/de\/aktuelles\/\" target=\"_blank\" rel=\"noopener noreferrer\">Veranstaltungen<\/a> und Aktionen durch Ihr Kommen und\/oder Mithilfe unterst\u00fctzen.<\/span><\/p>\n<p>&nbsp;<\/p>\n<h2 class=\"western\"><strong><span style=\"font-family: Arial,sans-serif;\"><u>Ist es m\u00f6glich einen Referenten in meine Gemeinde oder zu einer Veranstaltung einzuladen?<\/u><\/span><\/strong><\/h2>\n<p><span style=\"font-family: Arial,sans-serif;\">Falls Sie Interesse daran haben, dass jemand von COPAL e.V. aus erster Hand von unseren Projekten erz\u00e4hlt, so nehmen Sie dazu bitte <a href=\"http:\/\/copalev.org\/de\/kontakt-und-service\/\" target=\"_blank\" rel=\"noopener noreferrer\">Kontakt<\/a> \u00fcber unsere <a href=\"http:\/\/copalev.org\/de\/kontakt-und-service\/\">Kontaktseite<\/a> mit uns auf. Wir werden uns dann auf schnellstm\u00f6glichem Weg bei Ihnen melden.<\/span><\/p>\n<p>&nbsp;<\/p>\n<h2 class=\"western\"><strong><span style=\"font-family: Arial,sans-serif;\"><u>Was geschieht mit den Spenden?<\/u><\/span><\/strong><\/h2>\n<p><span style=\"font-family: Arial,sans-serif;\">Der Verein gew\u00e4hrleistet nach bestem Wissen und Gewissen die ausschlie\u00dfliche Verwendung des Spendenaufkommens zum direkten Nutzen der Zielgruppe.<\/span><\/p>\n<p><span style=\"font-family: Arial,sans-serif;\">Es wird alles getan, dass die Spenden direkt und ohne Abz\u00fcge den betroffenen Menschen zugute kommen. Das geschieht unter anderem durch eine sorgf\u00e4ltige Auswahl der Ansprechpartner vor Ort, die dazu verpflichtet werden die Unterst\u00fctzungsleistungen transparent und effizient abzuwickeln. Alle Arbeit zur Verwirklichung der Projekte geschieht ehrenamtlich. F\u00fcr anfallende Verwaltungskosten werden keine Spendenmittel verwendet.<\/span><\/p>\n<p>&nbsp;<\/p>\n<h2 class=\"western\"><strong><span style=\"font-family: Arial,sans-serif;\"><u>Warum nicht zuerst in Deutschland helfen?<\/u><\/span><\/strong><\/h2>\n<h4 class=\"western\"><strong><span style=\"font-family: Arial,sans-serif;\">Wir schauen \u00fcber den Tellerrand und helfen dort, wo die Not am gr\u00f6\u00dften ist.\u00a0<\/span><\/strong><\/h4>\n<p><span style=\"font-family: Arial,sans-serif;\">Das oft zu h\u00f6rende Argument, wir sollten erst einmal hier bei uns helfen, denn hier g\u00e4be es noch genug zu tun, \u00fcberzeugt uns nicht. Wenn wir immer weiter daf\u00fcr sorgen wollten, dass zuerst hier bei uns alles zum Besten steht, bevor wir anderen helfen, k\u00e4men die \u00c4rmsten in der Welt nie an die Reihe, denn es wird auch hier bei uns immer Bedarf geben. Die Not und die Verlassenheit in der so genannten \u201eDritten Welt\u201c ist um ein Vielfaches gr\u00f6\u00dfer als die Bed\u00fcrfnisse hier zuhause. Gerne k\u00f6nnen Sie sich als Mitglied im Rahmen einer unserer Projektreisen selbst davon \u00fcberzeugen!<\/span><\/p>\n<p>&nbsp;<\/p>\n<h2 class=\"western\"><u>Was <\/u><strong><span style=\"font-family: Arial,sans-serif;\"><u>bedeutet f\u00fcr uns &#8222;Hilfe zur Selbsthilfe&#8220;?<\/u><\/span><\/strong><\/h2>\n<p><em><span style=\"font-family: Arial,sans-serif;\">Die Zielbev\u00f6lkerung \u2026<\/span><\/em><\/p>\n<p><span style=\"font-family: Arial,sans-serif;\">&#8230; identifiziert selbst ihre Bed\u00fcrfnisse und bekundet ausdr\u00fccklich ihr Interesse an den betreffenden Ma\u00dfnahmen.<\/span><\/p>\n<p>\u2026 <span style=\"font-family: Arial,sans-serif;\">versteht sich nicht als passiver Empf\u00e4nger einer \u201eWohltat\u201c, sondern als Hauptakteur des Vorhabens.<\/span><\/p>\n<p>\u2026 <span style=\"font-family: Arial,sans-serif;\">verpflichtet sich formell zur aktiven Teilnahme und zu konkreten Beitr\u00e4gen zu dem Vorhaben.<\/span><\/p>\n<p>&nbsp;<\/p>\n<p><em><span style=\"font-family: Arial,sans-serif;\">Die offiziell verantwortlichen Beh\u00f6rden vor Ort \u2026 <\/span><\/em><\/p>\n<p>\u2026 <span style=\"font-family: Arial,sans-serif;\">bescheinigen formell ihr Einverst\u00e4ndnis mit den vorgesehenen Ma\u00dfnahmen.<\/span><\/p>\n<p>\u2026 <span style=\"font-family: Arial,sans-serif;\">verpflichten sich, ihrer Verantwortung entsprechend, formell zur \u00dcbernahme der entstehenden laufenden Betriebskosten.<\/span><\/p>\n<p>\u2026 <span style=\"font-family: Arial,sans-serif;\">leisten einen wesentlichen Beitrag finanzieller, personeller und rechtlicher Art zur Durchf\u00fchrung der vorgesehenen Ma\u00dfnahmen.<\/span><\/p>\n<p><span style=\"font-family: Arial,sans-serif;\">Weitere in Bezug zum Vorhaben stehende Beh\u00f6rden oder K\u00f6rperschaften werden nach M\u00f6glichkeit mit eingebunden und zur aktiven Teilnahme verpflichtet.<\/span><\/p>\n<p><span style=\"font-family: Arial,sans-serif;\">Durch breit angelegte \u00d6ffentlichkeitsarbeit wird das Vorhaben im Bewusstsein der Bev\u00f6lkerung verankert.<\/span><\/p>\n<p><span style=\"font-family: Arial,sans-serif;\">Die von au\u00dfen kommende Hilfsaktion \u00fcbernimmt die Funktion eines Katalysators, um den entsprechenden Prozess in Gang zu bringen.<\/span><\/p>\n<p><span style=\"font-family: Arial,sans-serif;\">Die Zielbev\u00f6lkerung wird ermutigt und aktiviert.<\/span><\/p>\n<p><span style=\"font-family: Arial,sans-serif;\">Die verantwortlichen Beh\u00f6rden vor Ort werden dazu veranlasst, ihre Verantwortung wahrzunehmen und in die Tat umzusetzen.<\/span><\/p>\n<p><span style=\"font-family: Arial,sans-serif;\">Die Koordination aller Beteiligten wird stimuliert und einem Ansprechpartner vor Ort \u00fcbertragen.<\/span><\/p>\n<p><span style=\"font-family: Arial,sans-serif;\">Der finanzielle Beitrag der von au\u00dfen kommenden Hilfsaktion versteht sich als stimulierende Ansto\u00dffinanzierung, aber keinesfalls als eine Verpflichtung zur Hauptverantwortung.<\/span><\/p>\n<p><span style=\"font-family: Arial,sans-serif;\">Die von au\u00dfen kommende Hilfsaktion ist nicht der Projekttr\u00e4ger.<\/span><\/p>\n<p><span style=\"font-family: Arial,sans-serif;\">Die Schaffung von Abh\u00e4ngigkeiten finanzieller oder rechtlicher Art wird von vornherein vermieden.<\/span><\/p>\n<p>&nbsp;<\/p>","protected":false},"excerpt":{"rendered":"<p>Kann ich anstelle einer \u00dcberweisung auch eine Einzugserm\u00e4chtigung erteilen? Gerne! Einfach Spendenformular herunterladen, ausf\u00fcllen und an die Kontaktadresse von COPAL e.V. schicken. &nbsp; Wie kann ich Mitglied werden? Sie k\u00f6nnen Mitglied werden, indem Sie unsere Beitrittserkl\u00e4rung ausf\u00fcllen und diese an unsere Kontaktadresse schicken.\u00a0 &nbsp; Wie kann ich die Satzung COPAL e.V. herunterladen? Unsere Satzung k\u00f6nnen [&hellip;]<\/p>\n","protected":false},"author":1,"featured_media":0,"parent":0,"menu_order":0,"comment_status":"closed","ping_status":"closed","template":"","meta":{"footnotes":""},"class_list":["post-79","page","type-page","status-publish","hentry"],"_links":{"self":[{"href":"http:\/\/copalev.org\/de\/wp-json\/wp\/v2\/pages\/79","targetHints":{"allow":["GET"]}}],"collection":[{"href":"http:\/\/copalev.org\/de\/wp-json\/wp\/v2\/pages"}],"about":[{"href":"http:\/\/copalev.org\/de\/wp-json\/wp\/v2\/types\/page"}],"author":[{"embeddable":true,"href":"http:\/\/copalev.org\/de\/wp-json\/wp\/v2\/users\/1"}],"replies":[{"embeddable":true,"href":"http:\/\/copalev.org\/de\/wp-json\/wp\/v2\/comments?post=79"}],"version-history":[{"count":25,"href":"http:\/\/copalev.org\/de\/wp-json\/wp\/v2\/pages\/79\/revisions"}],"predecessor-version":[{"id":1083,"href":"http:\/\/copalev.org\/de\/wp-json\/wp\/v2\/pages\/79\/revisions\/1083"}],"wp:attachment":[{"href":"http:\/\/copalev.org\/de\/wp-json\/wp\/v2\/media?parent=79"}],"curies":[{"name":"wp","href":"https:\/\/api.w.org\/{rel}","templated":true}]}}