{"id":979,"date":"2017-10-03T12:45:54","date_gmt":"2017-10-03T10:45:54","guid":{"rendered":"http:\/\/copalev.org\/de\/?page_id=979"},"modified":"2018-04-12T19:11:22","modified_gmt":"2018-04-12T17:11:22","slug":"organisationen","status":"publish","type":"page","link":"http:\/\/copalev.org\/de\/organisationen\/","title":{"rendered":"Organisationen"},"content":{"rendered":"<p><\/p>\n<h1><u>\u00c4rzte und Kliniken<\/u><\/h1>\n<p><strong><a href=\"http:\/\/www.wirth-habermeyer.de\/home.html\" target=\"_blank\" rel=\"noopener noreferrer\">Dr. Gundekar Wirth, Veitsh\u00f6chheim<\/a><\/strong><\/p>\n<div class=\"fusion-sep-clear\"><\/div><div class=\"fusion-separator fusion-full-width-sep sep-single sep-solid\" style=\"border-color:#757474;border-top-width:1px;margin-left: auto;margin-right: auto;margin-top:10px;margin-bottom:10px;\"><\/div>\n<p><strong><a href=\"http:\/\/www.medmissio.de\/\" target=\"_blank\" rel=\"noopener noreferrer\">Missions\u00e4rztliches Institut W\u00fcrzburg<\/a><\/strong><\/p>\n<div class=\"fusion-sep-clear\"><\/div><div class=\"fusion-separator fusion-full-width-sep sep-single sep-solid\" style=\"border-color:#757474;border-top-width:1px;margin-left: auto;margin-right: auto;margin-top:10px;margin-bottom:10px;\"><\/div>\n<p><img loading=\"lazy\" decoding=\"async\" class=\"alignleft wp-image-822\" src=\"http:\/\/copalev.org\/wordpress\/wp-content\/uploads\/2017\/08\/UK-W\u00fcrzburg.jpg\" alt=\"\" width=\"123\" height=\"108\" srcset=\"http:\/\/copalev.org\/wordpress\/wp-content\/uploads\/2017\/08\/UK-W\u00fcrzburg-200x176.jpg 200w, http:\/\/copalev.org\/wordpress\/wp-content\/uploads\/2017\/08\/UK-W\u00fcrzburg.jpg 214w\" sizes=\"auto, (max-width: 123px) 100vw, 123px\" \/><br \/>\n<strong><a href=\"http:\/\/www.ukw.de\/\" target=\"_blank\" rel=\"noopener noreferrer\">Uniklinik W\u00fcrzburg<\/a><\/strong><\/p>\n<p>Am 4. August 2017 konnte bei der Firma Medizintechnik FN Str\u00e4tz GmbH das Labor zur Bek\u00e4mpfung der Tropenkrankheit Chagas, dass in den R\u00e4umen der Universit\u00e4tsklinik W\u00fcrzburg betrieben wird, an Frau Dr. Kann vom Missions\u00e4rztlichen Institut \u00fcbergeben werden. <div class=\"fusion-sep-clear\"><\/div><div class=\"fusion-separator fusion-full-width-sep sep-single sep-solid\" style=\"border-color:#757474;border-top-width:1px;margin-left: auto;margin-right: auto;margin-top:10px;margin-bottom:10px;\"><\/div><\/p>\n<h1><u>Vereine und Verb\u00e4nde<\/u><\/h1>\n<p><strong><a href=\"http:\/\/www.sennfeld-evangelisch.de\/service-a-dialog\/spendenprojekte\/168-kirchliches-leben.html\" target=\"_blank\" rel=\"noopener noreferrer\">I<\/a><a href=\"http:\/\/www.sennfeld-evangelisch.de\/service-a-dialog\/spendenprojekte\/168-kirchliches-leben.html\" target=\"_blank\" rel=\"noopener noreferrer\"><img loading=\"lazy\" decoding=\"async\" class=\"alignleft wp-image-188\" src=\"http:\/\/copalev.org\/wordpress\/wp-content\/uploads\/2017\/05\/sennfeld2-289x300.jpg\" alt=\"\" width=\"111\" height=\"115\" srcset=\"http:\/\/copalev.org\/wordpress\/wp-content\/uploads\/2017\/05\/sennfeld2-200x207.jpg 200w, http:\/\/copalev.org\/wordpress\/wp-content\/uploads\/2017\/05\/sennfeld2-289x300.jpg 289w, http:\/\/copalev.org\/wordpress\/wp-content\/uploads\/2017\/05\/sennfeld2.jpg 350w\" sizes=\"auto, (max-width: 111px) 100vw, 111px\" \/><\/a><a href=\"http:\/\/www.sennfeld-evangelisch.de\/service-a-dialog\/spendenprojekte\/168-kirchliches-leben.html\" target=\"_blank\" rel=\"noopener noreferrer\">ndio-Hilfe-Peru<\/a><\/strong><\/p>\n<p>Die Sennfelder Entwicklungshilfeaktion &#8222;Indio-Hilfe-Peru&#8220; gibt es schon seit \u00fcber 25 Jahren. In den L\u00e4ndern Peru, Bolivien, Mexiko und Kuba wurden mittlerweile unterschiedliche Entwicklungshilfeprojekte begleitet. Dabei wurden viele pers\u00f6nliche Kontakte zu Menschen in der sogenannten &#8222;Dritten Welt&#8220; gekn\u00fcpft.<\/p>\n<div class=\"fusion-sep-clear\"><\/div><div class=\"fusion-separator fusion-full-width-sep sep-single sep-solid\" style=\"border-color:#757474;border-top-width:1px;margin-left: auto;margin-right: auto;margin-top:10px;margin-bottom:10px;\"><\/div>\n<p><strong><a href=\"http:\/\/bolivien-netz.org\/\" target=\"_blank\" rel=\"noopener noreferrer\">Bolivien-Netz e.V.<\/a><\/strong><\/p>\n<div class=\"fusion-sep-clear\"><\/div><div class=\"fusion-separator fusion-full-width-sep sep-single sep-solid\" style=\"border-color:#757474;border-top-width:1px;margin-left: auto;margin-right: auto;margin-top:10px;margin-bottom:10px;\"><\/div>\n<p><strong><a href=\"http:\/\/www.bolivien-bruecke.de\/\" target=\"_blank\" rel=\"noopener noreferrer\">Bolivien-Br\u00fccke e.V.<\/a><\/strong><\/p>\n<div class=\"fusion-sep-clear\"><\/div><div class=\"fusion-separator fusion-full-width-sep sep-single sep-solid\" style=\"border-color:#757474;border-top-width:1px;margin-left: auto;margin-right: auto;margin-top:10px;margin-bottom:10px;\"><\/div>\n<p><strong><a href=\"http:\/\/www.caritas-wuerzburg.de\/\" target=\"_blank\" rel=\"noopener noreferrer\">Caritasverband Di\u00f6zese W\u00fcrzburg e.V.<\/a><\/strong><\/p>\n<div class=\"fusion-sep-clear\"><\/div><div class=\"fusion-separator fusion-full-width-sep sep-single sep-solid\" style=\"border-color:#757474;border-top-width:1px;margin-left: auto;margin-right: auto;margin-top:10px;margin-bottom:10px;\"><\/div>\n<p><strong><a href=\"https:\/\/despertar.de\/\" target=\"_blank\" rel=\"noopener noreferrer\">Despertar Spanischsprechende Gesellschaft W\u00fcrzburg e.V.<\/a><\/strong><\/p>\n<div class=\"fusion-sep-clear\"><\/div><div class=\"fusion-separator fusion-full-width-sep sep-single sep-solid\" style=\"border-color:#757474;border-top-width:1px;margin-left: auto;margin-right: auto;margin-top:10px;margin-bottom:10px;\"><\/div>\n<p><a href=\"http:\/\/www.weltladen-wuerzburg.de\/arbeit-in-netzwerken\/\" target=\"_blank\" rel=\"noopener noreferrer\"><strong>Eine-Welt-Forum W\u00fcrzburg<\/strong><\/a><\/p>\n<div class=\"fusion-sep-clear\"><\/div><div class=\"fusion-separator fusion-full-width-sep sep-single sep-solid\" style=\"border-color:#757474;border-top-width:1px;margin-left: auto;margin-right: auto;margin-top:10px;margin-bottom:10px;\"><\/div>\n<p><strong><a href=\"http:\/\/www.eineweltnetzwerkbayern.de\/\" target=\"_blank\" rel=\"noopener noreferrer\">Eine Welt Netzwerk Bayern e.V.<\/a><\/strong><\/p>\n<div class=\"fusion-sep-clear\"><\/div><div class=\"fusion-separator fusion-full-width-sep sep-single sep-solid\" style=\"border-color:#757474;border-top-width:1px;margin-left: auto;margin-right: auto;margin-top:10px;margin-bottom:10px;\"><\/div>\n<p><a href=\"http:\/\/www.sarvodaya-online.de\/index.php\" target=\"_blank\" rel=\"noopener noreferrer\">Sarvodaya e.V.<\/a><\/p>\n<div class=\"fusion-sep-clear\"><\/div><div class=\"fusion-separator fusion-full-width-sep sep-single sep-solid\" style=\"border-color:#757474;border-top-width:1px;margin-left: auto;margin-right: auto;margin-top:10px;margin-bottom:10px;\"><\/div>\n<p><strong><a href=\"http:\/\/tsvlengfeld.de\/\" target=\"_blank\" rel=\"noopener noreferrer\">TSV Lengfeld 1876 e.V.<\/a><\/strong><\/p>\n<div class=\"fusion-sep-clear\"><\/div><div class=\"fusion-separator fusion-full-width-sep sep-single sep-solid\" style=\"border-color:#757474;border-top-width:1px;margin-left: auto;margin-right: auto;margin-top:10px;margin-bottom:10px;\"><\/div>\n<p><strong><a href=\"http:\/\/www.weltladen-wuerzburg.de\/index.html\" target=\"_blank\" rel=\"noopener noreferrer\">Weltladen W\u00fcrzburg<\/a><\/strong><\/p>\n<div class=\"fusion-sep-clear\"><\/div><div class=\"fusion-separator fusion-full-width-sep sep-single sep-solid\" style=\"border-color:#757474;border-top-width:1px;margin-left: auto;margin-right: auto;margin-top:10px;margin-bottom:10px;\"><\/div>\n<p><strong>Wohnmobil-Stammtisch Franken<\/strong><\/p>\n<div class=\"fusion-sep-clear\"><\/div><div class=\"fusion-separator fusion-full-width-sep sep-single sep-solid\" style=\"border-color:#757474;border-top-width:1px;margin-left: auto;margin-right: auto;margin-top:10px;margin-bottom:10px;\"><\/div>\n<h1 class=\"western\"><u>Bibliotheken:<\/u><\/h1>\n<p><a href=\"http:\/\/www.bib.veitshoechheim.de\/\" target=\"_blank\" rel=\"noopener noreferrer\">B\u00fccherei im Bahnhof Veitsh\u00f6chheim<\/a><\/p>\n<div class=\"fusion-sep-clear\"><\/div><div class=\"fusion-separator fusion-full-width-sep sep-single sep-solid\" style=\"border-color:#757474;border-top-width:1px;margin-left: auto;margin-right: auto;margin-top:10px;margin-bottom:10px;\"><\/div>\n<h1 class=\"western\"><u>Offizielle Stellen:<\/u><\/h1>\n<p><a href=\"http:\/\/www.bmz.de\/de\/index.html\" target=\"_blank\" rel=\"noopener noreferrer\"><strong>Bundesministerium f\u00fcr wirtschaftliche Zusammenarbeit und Entwicklung (BMZ)<\/strong><\/a><\/p>\n<div class=\"fusion-sep-clear\"><\/div><div class=\"fusion-separator fusion-full-width-sep sep-single sep-solid\" style=\"border-color:#757474;border-top-width:1px;margin-left: auto;margin-right: auto;margin-top:10px;margin-bottom:10px;\"><\/div>\n<p><a href=\"http:\/\/www.bmz.de\/de\/index.html\" target=\"_blank\" rel=\"noopener noreferrer\"><br \/>\n<\/a><strong><a href=\"http:\/\/m.la-paz.diplo.de\/Vertretung\/la__paz\/de\/Startseite.html\" target=\"_blank\" rel=\"noopener noreferrer\">Botschaft der Bundesrepublik Deutschland La Paz<\/a><\/strong><\/p>\n<div class=\"fusion-sep-clear\"><\/div><div class=\"fusion-separator fusion-full-width-sep sep-single sep-solid\" style=\"border-color:#757474;border-top-width:1px;margin-left: auto;margin-right: auto;margin-top:10px;margin-bottom:10px;\"><\/div>\n<p><a href=\"http:\/\/www.bmz.de\/de\/index.html\" target=\"_blank\" rel=\"noopener noreferrer\"><br \/>\n<\/a><strong><a href=\"http:\/\/www.bolivia.de\/\" target=\"_blank\" rel=\"noopener noreferrer\">Botschaft des Plurinationalen Staats Bolivien in Berlin<\/a><\/strong><\/p>\n<p><div class=\"fusion-sep-clear\"><\/div><div class=\"fusion-separator fusion-full-width-sep sep-single sep-solid\" style=\"border-color:#757474;border-top-width:1px;margin-left: auto;margin-right: auto;margin-top:10px;margin-bottom:10px;\"><\/div><br \/>\n<strong><a href=\"https:\/\/consulmex.sre.gob.mx\/frankfurt\/\" target=\"_blank\" rel=\"noopener noreferrer\">Mexikanisches Konsulat in Frankfurt am Main<\/a><\/strong><\/p>\n<div class=\"fusion-sep-clear\"><\/div><div class=\"fusion-separator fusion-full-width-sep sep-single sep-solid\" style=\"border-color:#757474;border-top-width:1px;margin-left: auto;margin-right: auto;margin-top:10px;margin-bottom:10px;\"><\/div>\n<p><a href=\"http:\/\/www.bolivia.de\/\" target=\"_blank\" rel=\"noopener noreferrer\"><br \/>\n<\/a><strong><a href=\"http:\/\/m.mexiko.diplo.de\/Vertretung\/mexiko\/de\/Startseite.html\" target=\"_blank\" rel=\"noopener noreferrer\">Deutsche Botschaft Mexiko-Stadt<\/a><\/strong><\/p>\n<div class=\"fusion-sep-clear\"><\/div><div class=\"fusion-separator fusion-full-width-sep sep-single sep-solid\" style=\"border-color:#757474;border-top-width:1px;margin-left: auto;margin-right: auto;margin-top:10px;margin-bottom:10px;\"><\/div>\n<p><a href=\"http:\/\/www.bolivia.de\/\" target=\"_blank\" rel=\"noopener noreferrer\"><br \/>\n<\/a><strong><a href=\"http:\/\/m.quito.diplo.de\/Vertretung\/quito\/de\/Startseite.html\" target=\"_blank\" rel=\"noopener noreferrer\">Deutsche Botschaft Quito<\/a><\/strong><\/p>\n<div class=\"fusion-sep-clear\"><\/div><div class=\"fusion-separator fusion-full-width-sep sep-single sep-solid\" style=\"border-color:#757474;border-top-width:1px;margin-left: auto;margin-right: auto;margin-top:10px;margin-bottom:10px;\"><\/div>\n<p><a href=\"http:\/\/www.bolivia.de\/\" target=\"_blank\" rel=\"noopener noreferrer\"><br \/>\n<\/a><strong><a href=\"http:\/\/m.san-jose.diplo.de\/Vertretung\/sanjose\/de\/Startseite.html\" target=\"_blank\" rel=\"noopener noreferrer\">Deutsche Botschaft San Jos\u00e9 Costa Rica<\/a><\/strong><\/p>\n<p><div class=\"fusion-sep-clear\"><\/div><div class=\"fusion-separator fusion-full-width-sep sep-single sep-solid\" style=\"border-color:#757474;border-top-width:1px;margin-left: auto;margin-right: auto;margin-top:10px;margin-bottom:10px;\"><\/div><br \/>\n<a href=\"http:\/\/www.botschaft-costarica.de\/index.php?lang=de\" target=\"_blank\" rel=\"noopener noreferrer\"><strong>Botschaft von Costa Rica in Deutschland<\/strong><\/a><\/p>\n<p><div class=\"fusion-sep-clear\"><\/div><div class=\"fusion-separator fusion-full-width-sep sep-single sep-solid\" style=\"border-color:#757474;border-top-width:1px;margin-left: auto;margin-right: auto;margin-top:10px;margin-bottom:10px;\"><\/div><br \/>\n<a href=\"http:\/\/alemania.embajada.gob.ec\/\" target=\"_blank\" rel=\"noopener noreferrer\"><strong>Botschaft von Ecuador in Deutschland<\/strong><\/a><\/p>\n<div class=\"fusion-sep-clear\"><\/div><div class=\"fusion-separator fusion-full-width-sep sep-single sep-solid\" style=\"border-color:#757474;border-top-width:1px;margin-left: auto;margin-right: auto;margin-top:10px;margin-bottom:10px;\"><\/div>\n<p><a href=\"https:\/\/embamex.sre.gob.mx\/alemania\/index.php\/es\/\" target=\"_blank\" rel=\"noopener noreferrer\"><strong>Botschaft von Mexiko in Deutschland<\/strong><\/a><\/p>\n<div class=\"fusion-sep-clear\"><\/div><div class=\"fusion-separator fusion-full-width-sep sep-single sep-solid\" style=\"border-color:#757474;border-top-width:1px;margin-left: auto;margin-right: auto;margin-top:10px;margin-bottom:10px;\"><\/div>\n<p><strong><a href=\"http:\/\/www.lapaz.bo\/\" target=\"_blank\" rel=\"noopener noreferrer\">Stadtverwaltung La Paz<\/a><\/strong><\/p>\n<div class=\"fusion-sep-clear\"><\/div><div class=\"fusion-separator fusion-full-width-sep sep-single sep-solid\" style=\"border-color:#757474;border-top-width:1px;margin-left: auto;margin-right: auto;margin-top:10px;margin-bottom:10px;\"><\/div>\n<p>[\/fusion_text][\/fusion_builder_column][\/fusion_builder_row][\/fusion_builder_container]<\/p>","protected":false},"excerpt":{"rendered":"<p>\u00c4rzte und Kliniken Dr. Gundekar Wirth, Veitsh\u00f6chheim Missions\u00e4rztliches Institut W\u00fcrzburg Uniklinik W\u00fcrzburg Am 4. August 2017 konnte bei der Firma Medizintechnik FN Str\u00e4tz GmbH das Labor zur Bek\u00e4mpfung der Tropenkrankheit Chagas, dass in den R\u00e4umen der Universit\u00e4tsklinik W\u00fcrzburg betrieben wird, an Frau Dr. Kann vom Missions\u00e4rztlichen Institut \u00fcbergeben werden. Vereine und Verb\u00e4nde Indio-Hilfe-Peru Die Sennfelder [&hellip;]<\/p>\n","protected":false},"author":14,"featured_media":0,"parent":0,"menu_order":0,"comment_status":"closed","ping_status":"closed","template":"","meta":{"footnotes":""},"class_list":["post-979","page","type-page","status-publish","hentry"],"_links":{"self":[{"href":"http:\/\/copalev.org\/de\/wp-json\/wp\/v2\/pages\/979","targetHints":{"allow":["GET"]}}],"collection":[{"href":"http:\/\/copalev.org\/de\/wp-json\/wp\/v2\/pages"}],"about":[{"href":"http:\/\/copalev.org\/de\/wp-json\/wp\/v2\/types\/page"}],"author":[{"embeddable":true,"href":"http:\/\/copalev.org\/de\/wp-json\/wp\/v2\/users\/14"}],"replies":[{"embeddable":true,"href":"http:\/\/copalev.org\/de\/wp-json\/wp\/v2\/comments?post=979"}],"version-history":[{"count":10,"href":"http:\/\/copalev.org\/de\/wp-json\/wp\/v2\/pages\/979\/revisions"}],"predecessor-version":[{"id":1342,"href":"http:\/\/copalev.org\/de\/wp-json\/wp\/v2\/pages\/979\/revisions\/1342"}],"wp:attachment":[{"href":"http:\/\/copalev.org\/de\/wp-json\/wp\/v2\/media?parent=979"}],"curies":[{"name":"wp","href":"https:\/\/api.w.org\/{rel}","templated":true}]}}