{"id":147,"date":"2017-05-03T21:46:47","date_gmt":"2017-05-03T19:46:47","guid":{"rendered":"http:\/\/copalev.org\/?page_id=147"},"modified":"2017-10-08T18:05:59","modified_gmt":"2017-10-08T16:05:59","slug":"netzwerk","status":"publish","type":"page","link":"https:\/\/copalev.org\/en\/our-network\/","title":{"rendered":"Our network"},"content":{"rendered":"<p><\/p>\n<h1><u>Partnerorganisations at the face:<\/u><\/h1>\n<p>&#8211; Bolivien: COPAL Bolivia<br \/>\n&#8211; Costa Rica: COPAL Costa Rica<br \/>\n&#8211; Ecuador: SolyDar<br \/>\n&#8211; Mexiko: <a href=\"http:\/\/serapaz.org.mx\/uber-uns\/\">SERAPAZ <\/a>, Hidalguenses con el Mundo<\/p>\n<h1><u>Companys:<\/u><\/h1>\n<p>&#8211;\u00a0<a href=\"http:\/\/www.straetz-medizintechnik.de\/aktuelles.php\">Str\u00e4tz Fn Medizintechnik<\/a><br \/>\n&#8211;\u00a0<a href=\"http:\/\/www.vollkornbaeckerei-koehler.de\">Vollkorn B\u00e4ckerei K\u00f6hler e.K.<\/a><\/p>\n<h1><u>Clubs and associations:<\/u><\/h1>\n<p>&#8211; <a href=\"http:\/\/bolivien-netz.org\/\">Bolivien-Netz e.V.<\/a><br \/>\n&#8211; <a href=\"http:\/\/www.bolivien-bruecke.de\/\">Bolivien-Br\u00fccke e.V.<\/a><br \/>\n&#8211;\u00a0<a href=\"http:\/\/www.caritas-wuerzburg.de\/\">Caritas W\u00fcrzburg<br \/>\n&#8211;\u00a0<\/a><a href=\"https:\/\/despertar.de\/\">Despertar W\u00fcrzburg<\/a><a href=\"http:\/\/www.caritas-wuerzburg.de\/\"><br \/>\n<\/a>&#8211; Eine-Welt-Forum W\u00fcrzburg<a href=\"http:\/\/www.caritas-wuerzburg.de\/\"><br \/>\n<\/a>&#8211; <a href=\"http:\/\/www.eineweltnetzwerkbayern.de\/\">Eine Welt Netzwerk Bayern\u00a0<\/a><br \/>\n&#8211;\u00a0<a href=\"http:\/\/www.sennfeld-evangelisch.de\/service-a-dialog\/spendenprojekte\/168-kirchliches-leben.html\">Indio-Hilfe-Peru<\/a><br \/>\n&#8211;\u00a0<a href=\"http:\/\/tsvlengfeld.de\/\">TSV Lengfeld<\/a><br \/>\n&#8211; <a href=\"http:\/\/www.weltladen-wuerzburg.de\/index.html\">Weltladen W\u00fcrzburg<\/a><br \/>\n&#8211; Wohnmobil-Stammtisch Franken<\/p>\n<h1><u>Educational institutions:<\/u><\/h1>\n<p>&#8211;\u00a0<a href=\"http:\/\/evdhg.de\/\">Dag-Hammarskj\u00f6ld-Gymnasium W\u00fcrzburg<br \/>\n&#8211;\u00a0<\/a><a href=\"http:\/\/www.dolmetscher-schule.de\/\">Dolmetscherschule W\u00fcrzburg<\/a><br \/>\n&#8211;\u00a0<a href=\"http:\/\/www.gymnasium-veitshoechheim.de\/\">Gymnasium Veitsh\u00f6chheim <\/a><br \/>\n&#8211; U.E. Bicentenario La Paz<br \/>\n&#8211;\u00a0<a href=\"https:\/\/www.uaeh.edu.mx\/\">Universidad Aut\u00f3noma del Estado de Hidalgo<\/a><br \/>\n&#8211;\u00a0<a href=\"http:\/\/www.uni-wuerzburg.de\/startseite\/\">Uni W\u00fcrzburg<\/a><\/p>\n<h1><u>Congregations:<\/u><\/h1>\n<p>&#8211;\u00a0<a href=\"https:\/\/www.apostelkirche-gerbrunn.de\/\">Apostelkirche Gerbrunn<br \/>\n&#8211;\u00a0<\/a><a href=\"https:\/\/www.friedensgemeinde.berlin\/\">Evangelische Friedensgemeinde Berlin-Charlottenburg<\/a><br \/>\n&#8211;\u00a0<a href=\"http:\/\/www.heidingsfeld-evangelisch.de\/index.php\">Evangelische Kirchengemeinde\u00a0St. Paul\u00a0<\/a><br \/>\n&#8211;\u00a0<a href=\"http:\/\/www.wuerzburg-martin-luther.de\/pfarramt.htm\">Evang.-Luth. Kirchengemeinde W\u00fcrzburg &#8211; Martin-Luther-Kirche <\/a><a href=\"http:\/\/www.heidingsfeld-evangelisch.de\/index.php\"><br \/>\n&#8211;\u00a0<\/a><a href=\"http:\/\/www.hoffnungskirche.de\/\">Evang.-Luth. Kirchengemeinde Hoffnungskirche <\/a><br \/>\n&#8211;\u00a0<a href=\"http:\/\/gethsemane-wue.de\/\">Gethsemanekirche Heuchelhof<\/a><br \/>\n&#8211;\u00a0<a href=\"http:\/\/www.kuratie.veitshoechheim-kirchen.de\/\">Kuratiegemeinde Hl. Dreifaltigkeit<\/a><br \/>\n&#8211;\u00a0<a href=\"http:\/\/www.zur-heiligen-familie.pg-st-georg-karlstadt.de\/gottesdienste\">Pfarrei Zur Heiligen Familie, Karlstadt<\/a><br \/>\n&#8211;\u00a0<a href=\"http:\/\/wuerzburg-ststephan.de\/\">St Stephan W\u00fcrzburg<\/a><\/p>\n<h1><u>Libraries:<\/u><\/h1>\n<p>&#8211;\u00a0<a href=\"http:\/\/www.bib.veitshoechheim.de\/\">B\u00fccherei im Bahnhof Veitsh\u00f6chheim<\/a><\/p>\n<h1><u>Official steads:<\/u><\/h1>\n<p>&#8211;\u00a0<a href=\"http:\/\/www.bmz.de\/de\/index.html\">BMZ<br \/>\n&#8211;\u00a0<\/a><a href=\"http:\/\/m.la-paz.diplo.de\/Vertretung\/la__paz\/de\/Startseite.html\">Botschaft der Bundesrepublik Deutschland La Paz<\/a><a href=\"http:\/\/www.bmz.de\/de\/index.html\"><br \/>\n<\/a>&#8211;\u00a0<a href=\"http:\/\/www.bolivia.de\/\">Botschaft des Plurinationalen Staats Bolivien in Berlin<br \/>\n&#8211;\u00a0<\/a><a href=\"https:\/\/consulmex.sre.gob.mx\/frankfurt\/\">Consulado de Mexico en Francfort del mono<\/a><a href=\"http:\/\/www.bolivia.de\/\"><br \/>\n&#8211;\u00a0<\/a><a href=\"http:\/\/m.mexiko.diplo.de\/Vertretung\/mexiko\/de\/Startseite.html\">Deutsche Botschaft Mexiko-Stadt<\/a><a href=\"http:\/\/www.bolivia.de\/\"><br \/>\n&#8211;\u00a0<\/a><a href=\"http:\/\/m.quito.diplo.de\/Vertretung\/quito\/de\/Startseite.html\">Deutsche Botschaft Quito<\/a><a href=\"http:\/\/www.bolivia.de\/\"><br \/>\n<\/a>&#8211;\u00a0<a href=\"http:\/\/m.san-jose.diplo.de\/Vertretung\/sanjose\/de\/Startseite.html\">Deutsche Botschaft San Jos\u00e9 Costa Rica<\/a><br \/>\n&#8211; <a href=\"http:\/\/www.botschaft-costarica.de\/\">Embajada de Costa Rica en Alemania<\/a><br \/>\n&#8211;\u00a0<a href=\"http:\/\/alemania.embajada.gob.ec\/\">Embajada del Ecuador en Alemania<\/a><br \/>\n&#8211; <a href=\"https:\/\/embamex.sre.gob.mx\/alemania\/index.php\/es\/\">Embajada de Mexico en Alemania<\/a><br \/>\n&#8211; <a href=\"http:\/\/www.lapaz.bo\/\">Stadtverwaltung La Paz<\/a><\/p>\n<h1><u>Doctors and hosptals:<\/u><\/h1>\n<p>&#8211; <a href=\"https:\/\/drschruefer.de\/\">Dr. Hermann Schr\u00fcfer, Hettstadt<\/a><br \/>\n&#8211;\u00a0<a href=\"http:\/\/www.wirth-habermeyer.de\/home.html\">Dr. Gundekar Wirth, Veitsh\u00f6chheim<\/a><br \/>\n&#8211;\u00a0<a href=\"http:\/\/www.medmissio.de\/\">Missions\u00e4rztliches Institut W\u00fcrzburg<\/a><br \/>\n&#8211;\u00a0<a href=\"http:\/\/www.ukw.de\/\">Uniklinik W\u00fcrzburg<\/a><\/p>\n<h1><u>Artists:<\/u><\/h1>\n<p>&#8211; CAMERATA Schloss Zell an der Pram<br \/>\n&#8211; <a href=\"http:\/\/wuerzburg-ststephan.de\/kirchenmusik\/kantorat\/\">Christian Heidecker<br \/>\n&#8211; <\/a><a href=\"http:\/\/www.ealem.mrecic.gov.ar\/de\/content\/vernissage-%E2%80%9Ctierras-partirseleben-zwei-welten%E2%80%9D\">Diego Sachella<br \/>\n&#8211;\u00a0<\/a><a href=\"http:\/\/www.gospelchor-troubadour.de\/\">Gospelchor Troubadour<\/a><br \/>\n&#8211; <a href=\"http:\/\/www.diemaerchenerzaehlerin.de\/\">Karola Graf<\/a><br \/>\n&#8211; <a href=\"http:\/\/www.barembuem-rojas.com\/de\/\">Pablo Rojas\u00a0und\u00a0\u00a0Paula Barembuem<\/a><br \/>\n&#8211; <a href=\"https:\/\/www.evangelisch-in-reichenberg.de\/kirchenmusik\/posaunenchor-reichenberg\/\">Posaunenchor Reichenberg<\/a><br \/>\n&#8211;\u00a0<a href=\"http:\/\/home.arcor.de\/leimbach.markus\/soniclassico\/\" target=\"_blank\" rel=\"noopener noreferrer\">Soni Classico<\/a><\/p>","protected":false},"excerpt":{"rendered":"<p>Partnerorganisations at the face: &#8211; Bolivien: COPAL Bolivia &#8211; Costa Rica: COPAL Costa Rica &#8211; Ecuador: SolyDar &#8211; Mexiko: SERAPAZ , Hidalguenses con el Mundo Companys: &#8211;\u00a0Str\u00e4tz Fn Medizintechnik &#8211;\u00a0Vollkorn B\u00e4ckerei K\u00f6hler e.K. Clubs and associations: &#8211; Bolivien-Netz e.V. &#8211; Bolivien-Br\u00fccke e.V. &#8211;\u00a0Caritas W\u00fcrzburg &#8211;\u00a0Despertar W\u00fcrzburg &#8211; Eine-Welt-Forum W\u00fcrzburg &#8211; Eine Welt Netzwerk Bayern\u00a0 &#8211;\u00a0Indio-Hilfe-Peru [&hellip;]<\/p>\n","protected":false},"author":23,"featured_media":0,"parent":0,"menu_order":0,"comment_status":"closed","ping_status":"closed","template":"","meta":{"footnotes":""},"class_list":["post-147","page","type-page","status-publish","hentry"],"_links":{"self":[{"href":"https:\/\/copalev.org\/en\/wp-json\/wp\/v2\/pages\/147","targetHints":{"allow":["GET"]}}],"collection":[{"href":"https:\/\/copalev.org\/en\/wp-json\/wp\/v2\/pages"}],"about":[{"href":"https:\/\/copalev.org\/en\/wp-json\/wp\/v2\/types\/page"}],"author":[{"embeddable":true,"href":"https:\/\/copalev.org\/en\/wp-json\/wp\/v2\/users\/23"}],"replies":[{"embeddable":true,"href":"https:\/\/copalev.org\/en\/wp-json\/wp\/v2\/comments?post=147"}],"version-history":[{"count":152,"href":"https:\/\/copalev.org\/en\/wp-json\/wp\/v2\/pages\/147\/revisions"}],"predecessor-version":[{"id":1094,"href":"https:\/\/copalev.org\/en\/wp-json\/wp\/v2\/pages\/147\/revisions\/1094"}],"wp:attachment":[{"href":"https:\/\/copalev.org\/en\/wp-json\/wp\/v2\/media?parent=147"}],"curies":[{"name":"wp","href":"https:\/\/api.w.org\/{rel}","templated":true}]}}