{"id":1580,"date":"2023-08-12T20:25:16","date_gmt":"2023-08-12T18:25:16","guid":{"rendered":"http:\/\/copalev.org\/de\/?page_id=1580"},"modified":"2023-08-12T20:58:43","modified_gmt":"2023-08-12T18:58:43","slug":"naechste-veranstaltung","status":"publish","type":"page","link":"http:\/\/copalev.org\/en\/naechste-veranstaltung\/","title":{"rendered":"N\u00e4chste Veranstaltung"},"content":{"rendered":"\t\t<div data-elementor-type=\"wp-page\" data-elementor-id=\"1580\" class=\"elementor elementor-1580\">\n\t\t\t\t\t\t\t\t\t<section class=\"elementor-section elementor-top-section elementor-element elementor-element-97f54c6 elementor-section-boxed elementor-section-height-default elementor-section-height-default\" data-id=\"97f54c6\" data-element_type=\"section\">\n\t\t\t\t\t\t<div class=\"elementor-container elementor-column-gap-default\">\n\t\t\t\t\t<div class=\"elementor-column elementor-col-100 elementor-top-column elementor-element elementor-element-a04888e\" data-id=\"a04888e\" data-element_type=\"column\">\n\t\t\t<div class=\"elementor-widget-wrap elementor-element-populated\">\n\t\t\t\t\t\t\t\t<div class=\"elementor-element elementor-element-a5ef2e5 elementor-widget elementor-widget-heading\" data-id=\"a5ef2e5\" data-element_type=\"widget\" data-widget_type=\"heading.default\">\n\t\t\t\t<div class=\"elementor-widget-container\">\n\t\t\t<h3 class=\"elementor-heading-title elementor-size-default\">Benefizkonzert Ensamble Moxos<\/h3>\t\t<\/div>\n\t\t\t\t<\/div>\n\t\t\t\t<div class=\"elementor-element elementor-element-49cc7da elementor-widget elementor-widget-text-editor\" data-id=\"49cc7da\" data-element_type=\"widget\" data-widget_type=\"text-editor.default\">\n\t\t\t\t<div class=\"elementor-widget-container\">\n\t\t\t\t\t\t\t<p><strong>Gymnasium Veitsh\u00f6chheim: Mo, 02.10.2023, 19:30 Uhr<\/strong><br \/><strong>G\u00fcnterslebener Str. 45, 97209 Veitsh\u00f6chheim<\/strong><\/p><p><strong>Zur Hl. Familie Karlstadt: Di, 03.10.2023, 17:00 Uhr<br \/>Bodelschwinghstr. 23, 97753 Karlstadt<\/strong><\/p>\t\t\t\t\t\t<\/div>\n\t\t\t\t<\/div>\n\t\t\t\t<div class=\"elementor-element elementor-element-9a4c2b1 elementor-widget elementor-widget-image\" data-id=\"9a4c2b1\" data-element_type=\"widget\" data-widget_type=\"image.default\">\n\t\t\t\t<div class=\"elementor-widget-container\">\n\t\t\t\t\t\t\t\t\t\t\t\t\t\t\t<img loading=\"lazy\" decoding=\"async\" width=\"1024\" height=\"512\" src=\"http:\/\/copalev.org\/wordpress\/wp-content\/uploads\/2023\/08\/En-la-laguna-Etienne-Grimee-kleiner-1024x512.jpg\" class=\"attachment-large size-large wp-image-1500\" alt=\"\" srcset=\"http:\/\/copalev.org\/wordpress\/wp-content\/uploads\/2023\/08\/En-la-laguna-Etienne-Grimee-kleiner-200x100.jpg 200w, http:\/\/copalev.org\/wordpress\/wp-content\/uploads\/2023\/08\/En-la-laguna-Etienne-Grimee-kleiner-300x150.jpg 300w, http:\/\/copalev.org\/wordpress\/wp-content\/uploads\/2023\/08\/En-la-laguna-Etienne-Grimee-kleiner-400x200.jpg 400w, http:\/\/copalev.org\/wordpress\/wp-content\/uploads\/2023\/08\/En-la-laguna-Etienne-Grimee-kleiner-600x300.jpg 600w, http:\/\/copalev.org\/wordpress\/wp-content\/uploads\/2023\/08\/En-la-laguna-Etienne-Grimee-kleiner-768x384.jpg 768w, http:\/\/copalev.org\/wordpress\/wp-content\/uploads\/2023\/08\/En-la-laguna-Etienne-Grimee-kleiner-800x400.jpg 800w, http:\/\/copalev.org\/wordpress\/wp-content\/uploads\/2023\/08\/En-la-laguna-Etienne-Grimee-kleiner-1024x512.jpg 1024w, http:\/\/copalev.org\/wordpress\/wp-content\/uploads\/2023\/08\/En-la-laguna-Etienne-Grimee-kleiner-1200x600.jpg 1200w, http:\/\/copalev.org\/wordpress\/wp-content\/uploads\/2023\/08\/En-la-laguna-Etienne-Grimee-kleiner-1536x768.jpg 1536w\" sizes=\"auto, (max-width: 1024px) 100vw, 1024px\" \/>\t\t\t\t\t\t\t\t\t\t\t\t\t\t\t<\/div>\n\t\t\t\t<\/div>\n\t\t\t\t<div class=\"elementor-element elementor-element-4572411 elementor-widget elementor-widget-text-editor\" data-id=\"4572411\" data-element_type=\"widget\" data-widget_type=\"text-editor.default\">\n\t\t\t\t<div class=\"elementor-widget-container\">\n\t\t\t\t\t\t\t<p>Bereits zum vierten Mal hei\u00dft der Verein COPAL \u2013 Corazones por Am\u00e9rica Latina e. V. die au\u00dfer-gew\u00f6hnlichen Musikerinnen und Musiker des Ensamble Moxos aus dem kleinen Dorf San Ignacio de Moxos mitten im bolivianischen Regenwald willkommen.<\/p>\n<p>Im Rahmen ihrer 10. Europa-Tournee pr\u00e4sentiert die Gruppe traditionelle Barockmusik aus der Zeit der Jesuitenmissionen, die von den Musikern in m\u00fchevoller Kleinarbeit anhand von alten Partituren rekonstruiert wurde, sowie m\u00fcndlich \u00fcberlieferte St\u00fccke mit folkloristischen, indigenen Elementen aus der Tradition der Moxe\u00f1os. Au\u00dferdem wird erstmals die \u201eMisa moxe\u00f1a\u201c zu h\u00f6ren sein, eine Eigenkomposition der Leiterin Raquel Maldonado. Diese Messe stellt auch das zentrale Werk der neuesten CD &#8220;Majara&#8217;iwa \u2013 Resplandor&#8221; dar, die von der Gruppe w\u00e4hrend der Pandemie aufgenommen wurde. <\/p>\n<p>An das Ensamble Moxos ist eine Schule angegliedert, die von etwa 300 Kindern und Jugendlichen aus San Ignacio de Moxos besucht wird. Sie erhalten dort gegen einen symbolischen Monatsbeitrag eine professionelle musika-lische Ausbildung. Die besten Sch\u00fclerinnen und Sch\u00fcler d\u00fcrfen ihre Lehrkr\u00e4fte schlie\u00dflich auf ihren nationalen und internationalen Tourneen begleiten. Die Schule finanziert sich gr\u00f6\u00dftenteils \u00fcber den Verkauf von CDs und durch Konzertauftritte, da es von staatlicher Seite kaum finanzielle Unterst\u00fctzung f\u00fcr sie gibt.<\/p>\n<p>Wir freuen uns auf Ihren Besuch und danken Ihnen bereits jetzt f\u00fcr Ihre Spenden f\u00fcr dieses einzigartige Projekt!<br><\/p>\n<p><a href=\"https:\/\/www.facebook.com\/copalev\" target=\"_blank\">facebook<\/a><\/p>\n<p><\/p>\t\t\t\t\t\t<\/div>\n\t\t\t\t<\/div>\n\t\t\t\t\t<\/div>\n\t\t<\/div>\n\t\t\t\t\t\t\t<\/div>\n\t\t<\/section>\n\t\t\t\t\t\t\t<\/div>\n\t\t","protected":false},"excerpt":{"rendered":"<p>Benefizkonzert Ensamble Moxos Gymnasium Veitsh\u00f6chheim: Mo, 02.10.2023, 19:30 UhrG\u00fcnterslebener Str. 45, 97209 Veitsh\u00f6chheim Zur Hl. Familie Karlstadt: Di, 03.10.2023, 17:00 UhrBodelschwinghstr. 23, 97753 Karlstadt Bereits zum vierten Mal hei\u00dft der Verein COPAL \u2013 Corazones por Am\u00e9rica Latina e. V. die au\u00dfer-gew\u00f6hnlichen Musikerinnen und Musiker des Ensamble Moxos aus dem kleinen Dorf San Ignacio de Moxos [&hellip;]<\/p>\n","protected":false},"author":23,"featured_media":0,"parent":0,"menu_order":0,"comment_status":"closed","ping_status":"closed","template":"","meta":{"footnotes":""},"class_list":["post-1580","page","type-page","status-publish","hentry"],"_links":{"self":[{"href":"http:\/\/copalev.org\/en\/wp-json\/wp\/v2\/pages\/1580","targetHints":{"allow":["GET"]}}],"collection":[{"href":"http:\/\/copalev.org\/en\/wp-json\/wp\/v2\/pages"}],"about":[{"href":"http:\/\/copalev.org\/en\/wp-json\/wp\/v2\/types\/page"}],"author":[{"embeddable":true,"href":"http:\/\/copalev.org\/en\/wp-json\/wp\/v2\/users\/23"}],"replies":[{"embeddable":true,"href":"http:\/\/copalev.org\/en\/wp-json\/wp\/v2\/comments?post=1580"}],"version-history":[{"count":16,"href":"http:\/\/copalev.org\/en\/wp-json\/wp\/v2\/pages\/1580\/revisions"}],"predecessor-version":[{"id":1599,"href":"http:\/\/copalev.org\/en\/wp-json\/wp\/v2\/pages\/1580\/revisions\/1599"}],"wp:attachment":[{"href":"http:\/\/copalev.org\/en\/wp-json\/wp\/v2\/media?parent=1580"}],"curies":[{"name":"wp","href":"https:\/\/api.w.org\/{rel}","templated":true}]}}