{"id":953,"date":"2017-10-03T11:43:57","date_gmt":"2017-10-03T09:43:57","guid":{"rendered":"http:\/\/copalev.org\/de\/?page_id=953"},"modified":"2018-05-28T18:50:43","modified_gmt":"2018-05-28T16:50:43","slug":"pressespiegel","status":"publish","type":"page","link":"http:\/\/copalev.org\/en\/press\/","title":{"rendered":"Press review"},"content":{"rendered":"<p class=\"qtranxs-available-languages-message qtranxs-available-languages-message-en\">Sorry, this entry is only available in <a href=\"http:\/\/copalev.org\/de\/wp-json\/wp\/v2\/pages\/953\" class=\"qtranxs-available-language-link qtranxs-available-language-link-de\" title=\"Deutsch\">Deutsch<\/a>. For the sake of viewer convenience, the content is shown below in the alternative language. You may click the link to switch the active language.<\/p><p><a href=\"https:\/\/www.mainpost.de\/regional\/main-spessart\/Amazonasgebiet-Musik-des-Barock-Jesuiten-Regenwald-Folklore;art772,9970527\" target=\"_blank\" rel=\"noopener noreferrer\">Main-Post 27.05.2018<\/a>: Geschichte des Volkes mit Musik weiterschreiben<\/p>\n<div class=\"fusion-sep-clear\"><\/div><div class=\"fusion-separator fusion-full-width-sep sep-single sep-solid\" style=\"border-color:#757474;border-top-width:1px;margin-left: auto;margin-right: auto;margin-top:10px;margin-bottom:10px;\"><\/div>\n<p><a href=\"https:\/\/www.mainpost.de\/regional\/main-spessart\/Musik-des-Barock-Regenwald;art772,9954725\" target=\"_blank\" rel=\"noopener noreferrer\">Main-Post 07.05.2018<\/a>: Barockmusik aus dem bolivianischen Regenwald<\/p>\n<div class=\"fusion-sep-clear\"><\/div><div class=\"fusion-separator fusion-full-width-sep sep-single sep-solid\" style=\"border-color:#757474;border-top-width:1px;margin-left: auto;margin-right: auto;margin-top:10px;margin-bottom:10px;\"><\/div>\n<p><a href=\"https:\/\/www.mainpost.de\/regional\/wuerzburg\/Hilfsorganisationen-und-Hilfseinrichtungen-Lateinamerika-Websites;art736,9772410\" target=\"_blank\" rel=\"noopener noreferrer\">Main-Post 20.10.2017<\/a>: P-Seminar: Per Klick den \u00c4rmsten der Armen helfen<\/p>\n<div class=\"fusion-sep-clear\"><\/div><div class=\"fusion-separator fusion-full-width-sep sep-single sep-solid\" style=\"border-color:#757474;border-top-width:1px;margin-left: auto;margin-right: auto;margin-top:10px;margin-bottom:10px;\"><\/div>\n<p><a href=\"http:\/\/www.veitshoechheim-blog.de\/2017\/09\/motivierte-veitshochheimer-gymnasiasten-gruppe-will-armsten-der-armen-in-lateinamerika-unter-die-arme-greifen.html\" target=\"_blank\" rel=\"noopener noreferrer\">Veitsh\u00f6chheim News 12.10.2017<\/a>: Motivierte Veitsh\u00f6chheimer Gymnasiasten-Gruppe will \u00c4rmsten der Armen in Lateinamerika unter die Arme greifen &#8211; Ansprechende Website f\u00fcr COPAL e.V. erstellt<\/p>\n<div class=\"fusion-sep-clear\"><\/div><div class=\"fusion-separator fusion-full-width-sep sep-single sep-solid\" style=\"border-color:#757474;border-top-width:1px;margin-left: auto;margin-right: auto;margin-top:10px;margin-bottom:10px;\"><\/div>\n<p><a href=\"https:\/\/www.mainpost.de\/regional\/schweinfurt\/Forschung-Hilfsprojekte-Lateinamerika;art763,9700630\" target=\"_blank\" rel=\"noopener noreferrer\">Main<img loading=\"lazy\" decoding=\"async\" class=\"size-medium wp-image-846 alignleft\" src=\"http:\/\/copalev.org\/wordpress\/wp-content\/uploads\/2017\/08\/\u00dcbergabe-Schenkungsurkunde-300x148.jpg\" alt=\"\" width=\"300\" height=\"148\" srcset=\"http:\/\/copalev.org\/wordpress\/wp-content\/uploads\/2017\/08\/\u00dcbergabe-Schenkungsurkunde-200x99.jpg 200w, http:\/\/copalev.org\/wordpress\/wp-content\/uploads\/2017\/08\/\u00dcbergabe-Schenkungsurkunde-300x148.jpg 300w, http:\/\/copalev.org\/wordpress\/wp-content\/uploads\/2017\/08\/\u00dcbergabe-Schenkungsurkunde-400x197.jpg 400w, http:\/\/copalev.org\/wordpress\/wp-content\/uploads\/2017\/08\/\u00dcbergabe-Schenkungsurkunde-600x296.jpg 600w, http:\/\/copalev.org\/wordpress\/wp-content\/uploads\/2017\/08\/\u00dcbergabe-Schenkungsurkunde-768x379.jpg 768w, http:\/\/copalev.org\/wordpress\/wp-content\/uploads\/2017\/08\/\u00dcbergabe-Schenkungsurkunde-800x395.jpg 800w, http:\/\/copalev.org\/wordpress\/wp-content\/uploads\/2017\/08\/\u00dcbergabe-Schenkungsurkunde-1024x505.jpg 1024w, http:\/\/copalev.org\/wordpress\/wp-content\/uploads\/2017\/08\/\u00dcbergabe-Schenkungsurkunde-1200x592.jpg 1200w, http:\/\/copalev.org\/wordpress\/wp-content\/uploads\/2017\/08\/\u00dcbergabe-Schenkungsurkunde.jpg 1890w\" sizes=\"auto, (max-width: 300px) 100vw, 300px\" \/>-Post 21.08.2017<\/a>: Tropenkrankheit gezielt erforschen<\/p>\n<div class=\"fusion-sep-clear\"><\/div><div class=\"fusion-separator fusion-full-width-sep sep-single sep-solid\" style=\"border-color:#757474;border-top-width:1px;margin-left: auto;margin-right: auto;margin-top:10px;margin-bottom:10px;\"><\/div>\n<p><a href=\"http:\/\/www.veitshoechheim-blog.de\/2016\/08\/rainer-christian-rosenbaum-erlebte-hautnah-erdbeben-in-ecuador-mit-veitshochheimer-gymnasiasten-spendeten-nach-vortrag-und-kuchenver\" target=\"_blank\" rel=\"noopener noreferrer\">Veitsh\u00f6chheim News 03.08.2016<\/a>: Rainer Christian Rosenbaum erlebte hautnah Erdbeben in Ecuador mit &#8211; Veitsh\u00f6chheimer Gymnasiasten spendeten nach Vortrag und Kuchenverkauf<\/p>\n<div class=\"fusion-sep-clear\"><\/div><div class=\"fusion-separator fusion-full-width-sep sep-single sep-solid\" style=\"border-color:#757474;border-top-width:1px;margin-left: auto;margin-right: auto;margin-top:10px;margin-bottom:10px;\"><\/div>\n<p><a href=\"https:\/\/www.mainpost.de\/regional\/wuerzburg\/Erdbeben;art736,9285519\" target=\"_blank\" rel=\"noopener noreferrer\">Main-Post 11.07.2016<\/a>: Infoabend \u00fcber Hilfe nach dem Erdbeben<\/p>\n<div class=\"fusion-sep-clear\"><\/div><div class=\"fusion-separator fusion-full-width-sep sep-single sep-solid\" style=\"border-color:#757474;border-top-width:1px;margin-left: auto;margin-right: auto;margin-top:10px;margin-bottom:10px;\"><\/div>\n<p><a href=\"http:\/\/www.veitshoechheim-blog.de\/2016\/05\/sudamerikanisches-flair-am-gymnasium-veitshochheim-benefiz-flohmarkt-fur-schule-in-la-paz-begeisterte-alle-mit-tollen-attraktionen.h\" target=\"_blank\" rel=\"noopener noreferrer\">Veitsh\u00f6chheim News 02.05.2016<\/a>: S\u00fcdamerikanisches Flair am Gymnasium Veitsh\u00f6chheim &#8211; Benefizflohmarkt in La Paz begeisterte alle mit tollen Attraktionen<\/p>\n<div class=\"fusion-sep-clear\"><\/div><div class=\"fusion-separator fusion-full-width-sep sep-single sep-solid\" style=\"border-color:#757474;border-top-width:1px;margin-left: auto;margin-right: auto;margin-top:10px;margin-bottom:10px;\"><\/div>\n<p><a href=\"https:\/\/www.mainpost.de\/regional\/wuerzburg\/Erdbebenopfer;art736,9201181\" target=\"_blank\" rel=\"noopener noreferrer\">Main-Post 22.04.2016<\/a>: Nach Erdbeben: Verein bittet um Spenden f\u00fcr Ecuador<\/p>\n<div class=\"fusion-sep-clear\"><\/div><div class=\"fusion-separator fusion-full-width-sep sep-single sep-solid\" style=\"border-color:#757474;border-top-width:1px;margin-left: auto;margin-right: auto;margin-top:10px;margin-bottom:10px;\"><\/div>\n<p><a href=\"http:\/\/www.veitshoechheim-blog.de\/2016\/04\/flohmarkt-gaukler-strasenmusiker-am-30-april-benefizveranstaltung-des-gymnasium-veitshochheim.html\" target=\"_blank\" rel=\"noopener noreferrer\">Veitsh\u00f6chheim News 20.04.2016<\/a>: &#8220;Flohmarkt &#8211; Gaukler &#8211; Stra\u00dfenmusiker&#8221; am 30. April &#8211; Benefizveranstaltung des Gymnasium Veitsh\u00f6chheim<\/p>\n<div class=\"fusion-sep-clear\"><\/div><div class=\"fusion-separator fusion-full-width-sep sep-single sep-solid\" style=\"border-color:#757474;border-top-width:1px;margin-left: auto;margin-right: auto;margin-top:10px;margin-bottom:10px;\"><\/div>\n<p><a href=\"https:\/\/www.mainpost.de\/regional\/wuerzburg\/Indianerreservate-Lateinamerika-Rettung;art735,8361435\" target=\"_blank\" rel=\"noopener noreferrer\">Main-Post 18.04.2016<\/a>: Leser-Spenden retten Indianern das Leben<\/p>\n<div class=\"fusion-sep-clear\"><\/div><div class=\"fusion-separator fusion-full-width-sep sep-single sep-solid\" style=\"border-color:#757474;border-top-width:1px;margin-left: auto;margin-right: auto;margin-top:10px;margin-bottom:10px;\"><\/div>\n<p><a href=\"http:\/\/www.veitshoechheim-blog.de\/2016\/03\/solidaritatsaktion-eine-million-sterne-mit-beteiligung-des-gymnasium-veitshochheim-bringt-900-euro-fur-soziale-projekte-in-bolivien.\" target=\"_blank\" rel=\"noopener noreferrer\">Veitsh\u00f6chheim News 27.03.2016<\/a>: Solidarit\u00e4tsaktion &#8220;Eine Million Sterne&#8221; mit Beteiligung des Gymnasium Veitsh\u00f6chheim bringt 900 \u20ac f\u00fcr soziale Projekte in Bolivien<\/p>\n<div class=\"fusion-sep-clear\"><\/div><div class=\"fusion-separator fusion-full-width-sep sep-single sep-solid\" style=\"border-color:#757474;border-top-width:1px;margin-left: auto;margin-right: auto;margin-top:10px;margin-bottom:10px;\"><\/div>\n<p><a href=\"https:\/\/www.mainpost.de\/regional\/wuerzburg\/Wuerzburger-Dom;art735,9001788\" target=\"_blank\" rel=\"noopener noreferrer\">Main-Post 16.11.2015<\/a>: &#8220;Eine Million Sterne&#8221; vor dem Dom<\/p>\n<div class=\"fusion-sep-clear\"><\/div><div class=\"fusion-separator fusion-full-width-sep sep-single sep-solid\" style=\"border-color:#757474;border-top-width:1px;margin-left: auto;margin-right: auto;margin-top:10px;margin-bottom:10px;\"><\/div>\n<p><a href=\"https:\/\/www.mainpost.de\/regional\/wuerzburg\/Diarrhoe-Erdoel-Raffinerien-Finanzminister-Gesundheitsminister-Gouverneure-Indianer-Maschinen-Geraete-und-Apparate-Medizintechnik-Mittelunternehmen-Unternehmen-Firmen-und-Firmengruppen;art736,8979778\" target=\"_blank\" rel=\"noopener noreferrer\">Main-Post 02.11.2015<\/a>: Mexikanischer Gouverneur sagt &#8220;Danke!&#8221;<\/p>\n<div class=\"fusion-sep-clear\"><\/div><div class=\"fusion-separator fusion-full-width-sep sep-single sep-solid\" style=\"border-color:#757474;border-top-width:1px;margin-left: auto;margin-right: auto;margin-top:10px;margin-bottom:10px;\"><\/div>\n<p><a href=\"https:\/\/www.mainpost.de\/regional\/schweinfurt\/Deutsche-Premierminister-Gouverneure-Staatsbesuche-Trachtenvereine-Volkstanz-Mittelamerika-und-Karibik;art763,8978330\" target=\"_blank\" rel=\"noopener noreferrer\">Main-Post 01.11.2015<\/a>: Ein echter Staatsbesuch in Sennfeld<\/p>\n<div class=\"fusion-sep-clear\"><\/div><div class=\"fusion-separator fusion-full-width-sep sep-single sep-solid\" style=\"border-color:#757474;border-top-width:1px;margin-left: auto;margin-right: auto;margin-top:10px;margin-bottom:10px;\"><\/div>\n<p><a href=\"http:\/\/www.veitshoechheim-blog.de\/2015\/10\/spektakulares-und-ausergewohnliches-konzert-des-bolivianischen-jugend-ensembles-san-ignacio-de-moxos-am-gymnasium-veitshochheim.html\" target=\"_blank\" rel=\"noopener noreferrer\">Veitsh\u00f6chheim News 01.11.2015<\/a>: Spektakul\u00e4res und au\u00dfergew\u00f6hnliches Konzert des bolivianischen Jugend-Ensembles San Ignacio de Moxos am Gymnasium\u00a0Veitsh\u00f6chheim<\/p>\n<div class=\"fusion-sep-clear\"><\/div><div class=\"fusion-separator fusion-full-width-sep sep-single sep-solid\" style=\"border-color:#757474;border-top-width:1px;margin-left: auto;margin-right: auto;margin-top:10px;margin-bottom:10px;\"><\/div>\n<p><a href=\"https:\/\/www.mainpost.de\/regional\/main-spessart\/Abiturienten-Anden-Englisch-Unterricht-Entwicklungspolitik-Lateinamerika-Lernen-Medienwissenschaften-Reisefuehrer-Soziales-Engagement;art772,8867030\" target=\"_blank\" rel=\"noopener noreferrer\">Main-Post 13.08.2015<\/a>: Drei Abiturientinnen gehen ins Ausland<\/p>\n<div class=\"fusion-sep-clear\"><\/div><div class=\"fusion-separator fusion-full-width-sep sep-single sep-solid\" style=\"border-color:#757474;border-top-width:1px;margin-left: auto;margin-right: auto;margin-top:10px;margin-bottom:10px;\"><\/div>\n<p><a href=\"https:\/\/www.mainpost.de\/regional\/main-spessart\/Abiturienten-Anden-Englisch-Unterricht-Entwicklungspolitik-Lateinamerika-Lernen-Medienwissenschaften-Reisefuehrer-Soziales-Engagement;art772,8867030\" target=\"_blank\" rel=\"noopener noreferrer\">Main-Post 10.07.2015<\/a>: Spanisch-Unterricht ist ein Schwerpunkt<\/p>\n<div class=\"fusion-sep-clear\"><\/div><div class=\"fusion-separator fusion-full-width-sep sep-single sep-solid\" style=\"border-color:#757474;border-top-width:1px;margin-left: auto;margin-right: auto;margin-top:10px;margin-bottom:10px;\"><\/div>\n<p><a href=\"http:\/\/www.mainpost.de\/regional\/main-spessart\/Anden-Grundschulen-Kindergaerten-Musikalische-Werke-und-Musikstuecke-Saiteninstrumente;art772,8819091\" target=\"_blank\" rel=\"noopener noreferrer\">Main-Post 09.07.2015<\/a>: Die Panfl\u00f6te macht schwindelig<\/p>\n<div class=\"fusion-sep-clear\"><\/div><div class=\"fusion-separator fusion-full-width-sep sep-single sep-solid\" style=\"border-color:#757474;border-top-width:1px;margin-left: auto;margin-right: auto;margin-top:10px;margin-bottom:10px;\"><\/div>\n<p><a href=\"http:\/\/www.veitshoechheim-blog.de\/2015\/07\/bolivianische-folklore-gruppe-los-masis-riss-am-gymnasium-veitshochheim-alle-mit-spanisch-unterricht-ein-schwerpunkt.html\" target=\"_blank\" rel=\"noopener noreferrer\">Veitsh\u00f6chheim News 09.07.2015<\/a>: Bolivianische Folkloregruppe &#8220;Los Masis&#8221; riss am Gymnasium Veitsh\u00f6chheim alle mit &#8211; Spanisch-Unterricht ein Schwerpunkt<\/p>\n<div class=\"fusion-sep-clear\"><\/div><div class=\"fusion-separator fusion-full-width-sep sep-single sep-solid\" style=\"border-color:#757474;border-top-width:1px;margin-left: auto;margin-right: auto;margin-top:10px;margin-bottom:10px;\"><\/div>\n<p><a href=\"https:\/\/www.mainpost.de\/regional\/schweinfurt\/Bildungszentren-Medizinische-Labors;art763,8766173\" target=\"_blank\" rel=\"noopener noreferrer\">Main-Post 07.06.2015<\/a>: Indio Hilfe Peru hat wieder neue Projekte im Visier<\/p>\n<div class=\"fusion-sep-clear\"><\/div><div class=\"fusion-separator fusion-full-width-sep sep-single sep-solid\" style=\"border-color:#757474;border-top-width:1px;margin-left: auto;margin-right: auto;margin-top:10px;margin-bottom:10px;\"><\/div>\n<p><a href=\"http:\/\/www.veitshoechheim-blog.de\/article-spirituals-gospels-fur-bolivien-troubadour-benefizkonzert-am-16-11-in-der-kuratiekirche-124942337.html\" target=\"_blank\" rel=\"noopener noreferrer\">Veitsh\u00f6chheim News 05.11.2014<\/a>: Spirituals &amp; Gospels f\u00fcr Bolivien &#8211; Troubadour-Benefizkonzert am 16.11. in der Kuratiekirche<\/p>\n<div class=\"fusion-sep-clear\"><\/div><div class=\"fusion-separator fusion-full-width-sep sep-single sep-solid\" style=\"border-color:#757474;border-top-width:1px;margin-left: auto;margin-right: auto;margin-top:10px;margin-bottom:10px;\"><\/div>\n<p><a href=\"http:\/\/www.mainpost.de\/regional\/wuerzburg\/Arzt-in-Indianerreservat-sammelt-fuer-Ultraschallgeraet;art735,8258580\" target=\"_blank\" rel=\"noopener noreferrer\">Main-Post 30.07.2014<\/a>: Arzt in Indianerreservat sammelt f\u00fcr Ultraschallger\u00e4t<\/p>\n<div class=\"fusion-sep-clear\"><\/div><div class=\"fusion-separator fusion-full-width-sep sep-single sep-solid\" style=\"border-color:#757474;border-top-width:1px;margin-left: auto;margin-right: auto;margin-top:10px;margin-bottom:10px;\"><\/div>\n<p><a href=\"http:\/\/www.mainpost.de\/regional\/wuerzburg\/Medizingeraete-fuer-Mexiko;art735,8098245\" target=\"_blank\" rel=\"noopener noreferrer\">Main-Post 24.04.2014<\/a>: Medizinger\u00e4te f\u00fcr Mexiko<\/p>\n<div class=\"fusion-sep-clear\"><\/div><div class=\"fusion-separator fusion-full-width-sep sep-single sep-solid\" style=\"border-color:#757474;border-top-width:1px;margin-left: auto;margin-right: auto;margin-top:10px;margin-bottom:10px;\"><\/div>\n<p><a href=\"http:\/\/www.mainpost.de\/regional\/schweinfurt\/Indio-Hilfe-Weihnachtswuensche-erfuellt;art763,7861011\" target=\"_blank\" rel=\"noopener noreferrer\">Main-Post 23.12.2013<\/a>: Indio-Hilfe: Weihnachtsw\u00fcnsche erf\u00fcllt<\/p>\n<div class=\"fusion-sep-clear\"><\/div><div class=\"fusion-separator fusion-full-width-sep sep-single sep-solid\" style=\"border-color:#757474;border-top-width:1px;margin-left: auto;margin-right: auto;margin-top:10px;margin-bottom:10px;\"><\/div>\n<p><a href=\"http:\/\/www.mainpost.de\/regional\/main-spessart\/Feuerwerke-Jesuiten-Kirchenkonzerte-Musik-des-Barock-Musikschulen-Regenwald;art772,7768721\" target=\"_blank\" rel=\"noopener noreferrer\">Main-Post 04.11.2013<\/a>: Barockmusik aus dem Regenwald<\/p>\n<div class=\"fusion-sep-clear\"><\/div><div class=\"fusion-separator fusion-full-width-sep sep-single sep-solid\" style=\"border-color:#757474;border-top-width:1px;margin-left: auto;margin-right: auto;margin-top:10px;margin-bottom:10px;\"><\/div>\n<p><a href=\"http:\/\/www.mainpost.de\/regional\/main-spessart\/Amazonas-Instrumentalmusikerinnen-und-Instrumentalmusiker-Jesuiten-Musik-des-Barock-Tourneen-Traditionen;art772,7744499\" target=\"_blank\" rel=\"noopener noreferrer\">Main-Post 21.10.2013<\/a>: Barockmusik der Jesuiten und Folklore<\/p>\n<div class=\"fusion-sep-clear\"><\/div><div class=\"fusion-separator fusion-full-width-sep sep-single sep-solid\" style=\"border-color:#757474;border-top-width:1px;margin-left: auto;margin-right: auto;margin-top:10px;margin-bottom:10px;\"><\/div>\n<p><a href=\"http:\/\/www.mainpost.de\/regional\/wuerzburg\/Jazz-Konzerte-und-Konzertreihen-Sommerfeste;art735,7590736\" target=\"_blank\" rel=\"noopener noreferrer\">Main-Post 23.07.2013<\/a>: Feiern und Gutes tun am Heuchelhof<\/p>\n<div class=\"fusion-sep-clear\"><\/div><div class=\"fusion-separator fusion-full-width-sep sep-single sep-solid\" style=\"border-color:#757474;border-top-width:1px;margin-left: auto;margin-right: auto;margin-top:10px;margin-bottom:10px;\"><\/div>\n<p><a href=\"http:\/\/www.mainpost.de\/regional\/wuerzburg\/Nicht-an-Kleinigkeiten-sterben;art735,6530784\" target=\"_blank\" rel=\"noopener noreferrer\">Main-Post 02.01.2012<\/a>: Nicht an &#8220;Kleinigkeiten&#8221; sterben<\/p>\n<p><div class=\"fusion-sep-clear\"><\/div><div class=\"fusion-separator fusion-full-width-sep sep-single sep-solid\" style=\"border-color:#757474;border-top-width:1px;margin-left: auto;margin-right: auto;margin-top:10px;margin-bottom:10px;\"><\/div><\/p>","protected":false},"excerpt":{"rendered":"<p>Sorry, this entry is only available in Deutsch. For the sake of viewer convenience, the content is shown below in the alternative language. You may click the link to switch the active language.Main-Post 27.05.2018: Geschichte des Volkes mit Musik weiterschreiben Main-Post 07.05.2018: Barockmusik aus dem bolivianischen Regenwald Main-Post 20.10.2017: P-Seminar: Per Klick den \u00c4rmsten der [&hellip;]<\/p>\n","protected":false},"author":14,"featured_media":0,"parent":0,"menu_order":0,"comment_status":"closed","ping_status":"closed","template":"","meta":{"footnotes":""},"class_list":["post-953","page","type-page","status-publish","hentry"],"_links":{"self":[{"href":"http:\/\/copalev.org\/en\/wp-json\/wp\/v2\/pages\/953","targetHints":{"allow":["GET"]}}],"collection":[{"href":"http:\/\/copalev.org\/en\/wp-json\/wp\/v2\/pages"}],"about":[{"href":"http:\/\/copalev.org\/en\/wp-json\/wp\/v2\/types\/page"}],"author":[{"embeddable":true,"href":"http:\/\/copalev.org\/en\/wp-json\/wp\/v2\/users\/14"}],"replies":[{"embeddable":true,"href":"http:\/\/copalev.org\/en\/wp-json\/wp\/v2\/comments?post=953"}],"version-history":[{"count":18,"href":"http:\/\/copalev.org\/en\/wp-json\/wp\/v2\/pages\/953\/revisions"}],"predecessor-version":[{"id":1367,"href":"http:\/\/copalev.org\/en\/wp-json\/wp\/v2\/pages\/953\/revisions\/1367"}],"wp:attachment":[{"href":"http:\/\/copalev.org\/en\/wp-json\/wp\/v2\/media?parent=953"}],"curies":[{"name":"wp","href":"https:\/\/api.w.org\/{rel}","templated":true}]}}