{"id":144,"date":"2017-05-03T21:45:28","date_gmt":"2017-05-03T19:45:28","guid":{"rendered":"http:\/\/copalev.org\/?page_id=144"},"modified":"2023-08-09T17:19:05","modified_gmt":"2023-08-09T15:19:05","slug":"spenden-helfen","status":"publish","type":"page","link":"http:\/\/copalev.org\/es\/deutsch-spenden-und-helfen\/","title":{"rendered":"Donaciones y ayuda"},"content":{"rendered":"\n<h2 class=\"wp-block-heading\" id=\"block-9a3b9f48-b23c-4ea7-89d8-e124d58934ab\"><strong>Wie kann ich COPAL e.V. unterst\u00fctzen?<\/strong><br><strong>Ihre Spende hil<\/strong>ft!<\/h2>\n\n\n\n<p><br>Sie k\u00f6nnen sich darauf verlassen, dass Ihre Spenden die M\u00e4dchen und Jungen, die Frauen und M\u00e4nner in unseren Projekten direkt erreichen.<br>COPAL e.V.\u00a0\u00a0arbeitet vor Ort mit vertrauensw\u00fcrdigen Organisationen zusammen\u00a0und sichert eine ordnungsgem\u00e4\u00dfe Verwendung der eingesetzten Gelder zu.<br>Jede Spende kommt\u00a0zu 100% dem jeweiligen\u00a0Projekt zugute; Verwaltungs- und Reisekosten werden\u00a0fast ausschlie\u00dflich\u00a0von den Mitgliedern selbst getragen.<br>Als\u00a0gemeinn\u00fctziger Verein sind wir au\u00dferdem berechtigt\u00a0<a href=\"http:\/\/copalev.org\/de\/kontakt-und-service\/\">Spendenquittungen<\/a>\u00a0auszustellen.<\/p>\n\n\n\n<p><\/p>\n\n\n\n<h2 class=\"wp-block-heading\"><strong>So k\u00f6nnen Sie uns Ihre Spende zukommen lassen:<\/strong><\/h2>\n\n\n\n<p><strong>\u2022 Per \u00dcberweisung<\/strong><br>Einfach einen \u00dcberweisungstr\u00e4ger mit den nachfolgenden Kontodaten ausf\u00fcllen, gew\u00fcnschten Betrag eintragen und bei der Bank abgeben. Oder bequem per Internet, falls Sie Online-Banking nutzen.<br><strong>Empf\u00e4nger:<\/strong>\u00a0COPAL e.V.<br><strong>Name der Bank:<\/strong>\u00a0Sparkasse Mainfranken W\u00fcrzburg<br><strong>Verwendungszweck:<\/strong>\u00a0Sozialprojekt in Lateinamerika (bzw. Name des entsprechenden Projekts) <\/p>\n\n\n\n<p><strong>Kontonummer: 473 59 757<br>Bankleitzahl: 790 500 00<br>IBAN:<\/strong> DE46 7905 0000 0047 3597 57<br><strong>BIC:<\/strong> BYLADEM1SWU <\/p>\n\n\n\n<p><strong>\u2022   Per Einzugserm\u00e4chtigung<\/strong><\/p>\n\n\n\n<p>F\u00fcr einmalige oder regelm\u00e4\u00dfige Spenden k\u00f6nnen Sie uns auch eine Einzugserm\u00e4chtigung erteilen. Einfach&nbsp;<a href=\"http:\/\/copalev.org\/de\/kontakt-und-service\/\">Spendenformular<\/a>&nbsp;herunterladen, ausf\u00fcllen und an unsere&nbsp;<a href=\"http:\/\/copalev.org\/de\/kontakt-und-service\/\">Kontaktadresse<\/a>&nbsp;schicken.<\/p>\n\n\n\n<h2 class=\"wp-block-heading\"><strong>Spenden Sie Zeit \u2013 machen Sie mit!<\/strong><\/h2>\n\n\n\n<p>Wir suchen engagierte Leute, die uns einmalig oder auch regelm\u00e4\u00dfig bei verschiedenen Aktionen unterst\u00fctzen, z.B.:<br>\u2022 K\u00fcnstler f\u00fcr Benefizveranstaltungen<br>\u2022 Dolmetscher \/ \u00dcbersetzer f\u00fcr spanischsprachige Besucher und Dokumente<br>\u2022 Helfer beim Plakate aufh\u00e4ngen, Infostand aufbauen, Kuchenverkauf \u2026<br>\u2022 Gastfamilien f\u00fcr Musiker oder Stipendiaten<br>Au\u00dferdem sind wir immer wieder auf der Suche nach kostenlosen R\u00e4umlichkeiten f\u00fcr unsere Benefizveranstaltungen in W\u00fcrzburg und Umgebung.<br>Interesse? Dann freuen wir uns, wenn Sie mit uns\u00a0<a href=\"http:\/\/copalev.org\/de\/downloads\/\">Kontakt<\/a>\u00a0aufnehmen!<\/p>\n","protected":false},"excerpt":{"rendered":"<p>Wie kann ich COPAL e.V. unterst\u00fctzen?Ihre Spende hilft! Sie k\u00f6nnen sich darauf verlassen, dass Ihre Spenden die M\u00e4dchen und Jungen, die Frauen und M\u00e4nner in unseren Projekten direkt erreichen.COPAL e.V.\u00a0\u00a0arbeitet vor Ort mit vertrauensw\u00fcrdigen Organisationen zusammen\u00a0und sichert eine ordnungsgem\u00e4\u00dfe Verwendung der eingesetzten Gelder zu.Jede Spende kommt\u00a0zu 100% dem jeweiligen\u00a0Projekt zugute; Verwaltungs- und Reisekosten werden\u00a0fast ausschlie\u00dflich\u00a0von [&hellip;]<\/p>\n","protected":false},"author":23,"featured_media":0,"parent":0,"menu_order":0,"comment_status":"closed","ping_status":"closed","template":"","meta":{"footnotes":""},"class_list":["post-144","page","type-page","status-publish","hentry"],"_links":{"self":[{"href":"http:\/\/copalev.org\/es\/wp-json\/wp\/v2\/pages\/144","targetHints":{"allow":["GET"]}}],"collection":[{"href":"http:\/\/copalev.org\/es\/wp-json\/wp\/v2\/pages"}],"about":[{"href":"http:\/\/copalev.org\/es\/wp-json\/wp\/v2\/types\/page"}],"author":[{"embeddable":true,"href":"http:\/\/copalev.org\/es\/wp-json\/wp\/v2\/users\/23"}],"replies":[{"embeddable":true,"href":"http:\/\/copalev.org\/es\/wp-json\/wp\/v2\/comments?post=144"}],"version-history":[{"count":72,"href":"http:\/\/copalev.org\/es\/wp-json\/wp\/v2\/pages\/144\/revisions"}],"predecessor-version":[{"id":1547,"href":"http:\/\/copalev.org\/es\/wp-json\/wp\/v2\/pages\/144\/revisions\/1547"}],"wp:attachment":[{"href":"http:\/\/copalev.org\/es\/wp-json\/wp\/v2\/media?parent=144"}],"curies":[{"name":"wp","href":"https:\/\/api.w.org\/{rel}","templated":true}]}}