{"id":66,"date":"2017-03-22T12:50:45","date_gmt":"2017-03-22T11:50:45","guid":{"rendered":"http:\/\/copalev.org\/?page_id=66"},"modified":"2023-08-13T17:11:42","modified_gmt":"2023-08-13T15:11:42","slug":"willkommen","status":"publish","type":"page","link":"http:\/\/copalev.org\/es\/","title":{"rendered":"Bienvenidos"},"content":{"rendered":"<p>Bienvenido al sitio web de la asociaci\u00f3n caritativa COPAL e.V.<\/p>\n<p>Corazones por Am\u00e9rica Latina, COPAL e.V., se compromete en los \u00e1mbitos de la salud y la educaci\u00f3n en diferentes pa\u00edses latinoamericanos.<\/p>\n<p>Con nuestros proyectos queremos apoyar a los grupos desfavorecidos de la poblaci\u00f3n y contribuir a que sus perspectivas futuras se mejoren de manera sustenible.<\/p>\n<p>Sin embargo, \u201cayudar\u201c no deber\u00eda significar repartir regalos.<\/p>\n<p>Nuestro trabajo se basa m\u00e1s bien en la idea fundamental de crear las condiciones de la \u201cayuda a la autoayuda\u201c, por eso, colaboramos estrechamente con la poblaci\u00f3n designada as\u00ed como con las autoridades locales mediante nuestras organizaciones asociadas.<\/p>\n<p>Entender la situaci\u00f3n de vida de la gente en Latinoam\u00e9rica es al menos tan importante para nosotros como recaudar fondos.<\/p>\n<p>As\u00ed que no nos contentamos solamente con promover donaciones para nuestra iniciativa, sino que tambi\u00e9n incentivamos el enctuentro personal y lo fomentamos llevando a cabo distintos eventos y proyectos as\u00ed como programas de intercambio.<\/p>\n<p>En este contexto les damos las gracias de coraz\u00f3n a los alumnos del <a href=\"http:\/\/www.gymnasium-veitshoechheim.de\/\" target=\"_blank\" rel=\"noopener noreferrer\">colegio Veitsh\u00f6chheim<\/a> (curso del grado superior del a\u00f1o 2016\/18) que crearon esta p\u00e1gina web para nosotros en el marco de un seminario sobre proyectos.<\/p>\n<p><img loading=\"lazy\" decoding=\"async\" class=\"size-medium wp-image-1179 aligncenter\" src=\"http:\/\/copalev.org\/wordpress\/wp-content\/uploads\/2017\/03\/P-SeminarV-Kopie-300x193.jpg\" alt=\"\" width=\"300\" height=\"193\" srcset=\"http:\/\/copalev.org\/wordpress\/wp-content\/uploads\/2017\/03\/P-SeminarV-Kopie-200x128.jpg 200w, http:\/\/copalev.org\/wordpress\/wp-content\/uploads\/2017\/03\/P-SeminarV-Kopie-300x193.jpg 300w, http:\/\/copalev.org\/wordpress\/wp-content\/uploads\/2017\/03\/P-SeminarV-Kopie-400x257.jpg 400w, http:\/\/copalev.org\/wordpress\/wp-content\/uploads\/2017\/03\/P-SeminarV-Kopie-460x295.jpg 460w, http:\/\/copalev.org\/wordpress\/wp-content\/uploads\/2017\/03\/P-SeminarV-Kopie-600x385.jpg 600w, http:\/\/copalev.org\/wordpress\/wp-content\/uploads\/2017\/03\/P-SeminarV-Kopie-768x493.jpg 768w, http:\/\/copalev.org\/wordpress\/wp-content\/uploads\/2017\/03\/P-SeminarV-Kopie-800x513.jpg 800w, http:\/\/copalev.org\/wordpress\/wp-content\/uploads\/2017\/03\/P-SeminarV-Kopie-1024x657.jpg 1024w, http:\/\/copalev.org\/wordpress\/wp-content\/uploads\/2017\/03\/P-SeminarV-Kopie-1200x770.jpg 1200w, http:\/\/copalev.org\/wordpress\/wp-content\/uploads\/2017\/03\/P-SeminarV-Kopie.jpg 1516w\" sizes=\"auto, (max-width: 300px) 100vw, 300px\" \/><\/p>","protected":false},"excerpt":{"rendered":"<p>Bienvenido al sitio web de la asociaci\u00f3n caritativa COPAL e.V. Corazones por Am\u00e9rica Latina, COPAL e.V., se compromete en los \u00e1mbitos de la salud y la educaci\u00f3n en diferentes pa\u00edses latinoamericanos. Con nuestros proyectos queremos apoyar a los grupos desfavorecidos de la poblaci\u00f3n y contribuir a que sus perspectivas futuras se mejoren de manera sustenible. [&hellip;]<\/p>\n","protected":false},"author":1,"featured_media":0,"parent":0,"menu_order":0,"comment_status":"closed","ping_status":"closed","template":"","meta":{"footnotes":""},"class_list":["post-66","page","type-page","status-publish","hentry"],"_links":{"self":[{"href":"http:\/\/copalev.org\/es\/wp-json\/wp\/v2\/pages\/66","targetHints":{"allow":["GET"]}}],"collection":[{"href":"http:\/\/copalev.org\/es\/wp-json\/wp\/v2\/pages"}],"about":[{"href":"http:\/\/copalev.org\/es\/wp-json\/wp\/v2\/types\/page"}],"author":[{"embeddable":true,"href":"http:\/\/copalev.org\/es\/wp-json\/wp\/v2\/users\/1"}],"replies":[{"embeddable":true,"href":"http:\/\/copalev.org\/es\/wp-json\/wp\/v2\/comments?post=66"}],"version-history":[{"count":46,"href":"http:\/\/copalev.org\/es\/wp-json\/wp\/v2\/pages\/66\/revisions"}],"predecessor-version":[{"id":1612,"href":"http:\/\/copalev.org\/es\/wp-json\/wp\/v2\/pages\/66\/revisions\/1612"}],"wp:attachment":[{"href":"http:\/\/copalev.org\/es\/wp-json\/wp\/v2\/media?parent=66"}],"curies":[{"name":"wp","href":"https:\/\/api.w.org\/{rel}","templated":true}]}}