{"id":969,"date":"2017-10-03T12:37:47","date_gmt":"2017-10-03T10:37:47","guid":{"rendered":"http:\/\/copalev.org\/de\/?page_id=969"},"modified":"2017-10-27T19:50:01","modified_gmt":"2017-10-27T17:50:01","slug":"socio-asociado","status":"publish","type":"page","link":"http:\/\/copalev.org\/es\/socio-asociado\/","title":{"rendered":"socio Latein Amerika"},"content":{"rendered":"<p class=\"qtranxs-available-languages-message qtranxs-available-languages-message-es\">Disculpa, pero esta entrada est\u00e1 disponible s\u00f3lo en <a href=\"http:\/\/copalev.org\/de\/wp-json\/wp\/v2\/pages\/969\" class=\"qtranxs-available-language-link qtranxs-available-language-link-de\" title=\"Deutsch\">Deutsch<\/a>. For the sake of viewer convenience, the content is shown below in the alternative language. You may click the link to switch the active language.<\/p><p><a href=\"https:\/\/www.facebook.com\/CopalBolivia\/\" target=\"_blank\" rel=\"noopener noreferrer\"><strong>COPAL\u00a0Bolivia, Bolivien<\/strong><\/a><\/p>\n<div class=\"table-1\"><\/div>\n<div class=\"table-1\">In den vergangenen Jahren hat sich in La Paz eine Gruppe engagierter Menschen gefunden, die als COPAL-Bolivia unsere gemeinsamen Idee<a href=\"https:\/\/www.facebook.com\/CopalBolivia\/\" target=\"_blank\" rel=\"noopener noreferrer\"><img loading=\"lazy\" decoding=\"async\" class=\"alignleft wp-image-776\" src=\"http:\/\/copalev.org\/wordpress\/wp-content\/uploads\/2017\/08\/Logo-COPAL-Bolivia.jpg\" alt=\"\" width=\"144\" height=\"126\" \/><\/a>n und Projekte in Bolivien unterst\u00fctzt und voranbringt. Es ist f\u00fcr uns fast unm\u00f6glich, ohne Partner vor Ort Projekte zu verwirklichen. Daher sind wir dankbar f\u00fcr die zuverl\u00e4ssige Betreuung unserer Gesundheits- und Bildungsprojekte direkt vor Ort.<\/div>\n<div class=\"table-1\"><div class=\"fusion-sep-clear\"><\/div><div class=\"fusion-separator fusion-full-width-sep sep-single sep-solid\" style=\"border-color:#757474;border-top-width:1px;margin-left: auto;margin-right: auto;margin-top:10px;margin-bottom:10px;\"><\/div><\/div>\n<div class=\"table-1\"><\/div>\n<p><img loading=\"lazy\" decoding=\"async\" class=\"alignleft wp-image-759 \" src=\"http:\/\/copalev.org\/wordpress\/wp-content\/uploads\/2017\/08\/Costa-Rica.png\" alt=\"\" width=\"152\" height=\"114\" \/><\/p>\n<p><strong>COPAL Costa Rica<\/strong><\/p>\n<p>Unsere wichtigsten Ansprechpartner in Costa Rica sind der Arzt Dr. Guillermo Cubillo und seine Frau Christiane. Dr. Cubillo hat als Gastarzt an der Universit\u00e4tsklinik W\u00fcrzburg mitgearbeitet und\u00a0 dort eine Zusatzausbildung in Diagnoseverfahren mit Ultraschall abgeschlossen. Im September 2013 ist er zu seiner T\u00e4tigkeit am Rande eines Reservats f\u00fcr Indigene zur\u00fcckgekehrt\u00a0und konnte durch COPAL ein mobiles Ultraschallger\u00e4t mitnehmen.<\/p>\n<div class=\"fusion-sep-clear\"><\/div><div class=\"fusion-separator fusion-full-width-sep sep-single sep-solid\" style=\"border-color:#757474;border-top-width:1px;margin-left: auto;margin-right: auto;margin-top:10px;margin-bottom:10px;\"><\/div>\n<p><img loading=\"lazy\" decoding=\"async\" class=\"alignleft wp-image-762\" src=\"http:\/\/copalev.org\/wordpress\/wp-content\/uploads\/2017\/08\/Ecuador.jpg\" alt=\"\" width=\"123\" height=\"145\" srcset=\"http:\/\/copalev.org\/wordpress\/wp-content\/uploads\/2017\/08\/Ecuador-200x235.jpg 200w, http:\/\/copalev.org\/wordpress\/wp-content\/uploads\/2017\/08\/Ecuador.jpg 220w\" sizes=\"auto, (max-width: 123px) 100vw, 123px\" \/><\/p>\n<p><strong>SolyDar, Ecuador<\/strong><\/p>\n<p>SOLyDAR Ist eine gemeinn\u00fctzige Organisation, die sich bem\u00fcht Projekte zu entwickeln und umzusetzen, die bei der Verbesserung der Lebensqualit\u00e4t der Menschen in Ecuador beitragen sollen. Der Hauptsitz des Unternehmens ist in der Stadt Manta, Ecuador.<br \/>\nIhre Arbeit konzentriert sich in erster Linie darauf die direkten Bed\u00fcrfnisse der Bev\u00f6lkerung im Zusammenhang mit Gemeinschaft, Frieden, Bildung, Gesundheit und Kultur zu bearbeiten. SOLyDAR entstand in der Folge des Erdbebens vom 16. April 2016, das die ecuadorianische K\u00fcste sehr in Mitleidenschaft gezogen hat, und auch als Antwort auf die darauffolgende sofortige Reaktion der Solidarit\u00e4t des Vereins COPAL eV, mit Sitz in W\u00fcrzburg, Deutschland.\u00a0Seit April 2016 unterst\u00fctzt COPAL Initiativen von SOLyDAR, wie z. B. der Bau eines Hauses einer Familie, die nach einer schweren \u00dcberschwemmung obdachlos geworden war, den Kauf und die Verteilung von Zelten, Wassertanks, Taschenlampen, Insektenschutz, Hygieneartikeln, unter anderem Zubeh\u00f6r, die nach der Zerst\u00f6rung durch das Erdbebens dringend n\u00f6tig geworden waren. COPAL unterst\u00fctzt weiterhin verschiedene Hilfsaktionen in den Orten Jama, Portoviejo und Manta. <div class=\"fusion-sep-clear\"><\/div><div class=\"fusion-separator fusion-full-width-sep sep-single sep-solid\" style=\"border-color:#757474;border-top-width:1px;margin-left: auto;margin-right: auto;margin-top:10px;margin-bottom:10px;\"><\/div><\/p>\n<p><strong>Agr<img loading=\"lazy\" decoding=\"async\" class=\"alignleft wp-image-764\" src=\"http:\/\/copalev.org\/wordpress\/wp-content\/uploads\/2017\/08\/Hidalguenses-300x243.png\" alt=\"\" width=\"127\" height=\"103\" srcset=\"http:\/\/copalev.org\/wordpress\/wp-content\/uploads\/2017\/08\/Hidalguenses-177x142.png 177w, http:\/\/copalev.org\/wordpress\/wp-content\/uploads\/2017\/08\/Hidalguenses-200x162.png 200w, http:\/\/copalev.org\/wordpress\/wp-content\/uploads\/2017\/08\/Hidalguenses-300x243.png 300w, http:\/\/copalev.org\/wordpress\/wp-content\/uploads\/2017\/08\/Hidalguenses-400x324.png 400w, http:\/\/copalev.org\/wordpress\/wp-content\/uploads\/2017\/08\/Hidalguenses-600x486.png 600w, http:\/\/copalev.org\/wordpress\/wp-content\/uploads\/2017\/08\/Hidalguenses-768x623.png 768w, http:\/\/copalev.org\/wordpress\/wp-content\/uploads\/2017\/08\/Hidalguenses-800x649.png 800w, http:\/\/copalev.org\/wordpress\/wp-content\/uploads\/2017\/08\/Hidalguenses-1024x830.png 1024w, http:\/\/copalev.org\/wordpress\/wp-content\/uploads\/2017\/08\/Hidalguenses.png 1110w\" sizes=\"auto, (max-width: 127px) 100vw, 127px\" \/>upaci\u00f3n de Hidalguenses por el Desarrollo, A.C, Mexiko, Hidalgo<\/strong><\/p>\n<p>Am 4. Mai 2017 hat\u00a0COPAL e.V. einen Kooperationsvertrag mit der Nichtregierungsorganisation Agrupaci\u00f3n de Hidalguenses por el Desarrollo, A.C.\u00a0Hidalgo, Mexiko in Pachuca geschlossen. Ziel des Vertrages ist es,\u00a0die Gesundheit und Bildung der Bev\u00f6lkerung von Hidalgo in den folgenden Bereichen zu f\u00f6rdern.<\/p>\n<p>COPAL e.V. wird Hidalgo mit medizinischen Ger\u00e4ten, die durch die Firma\u00a0FN Str\u00e4tz GmbH in Deutschland gepr\u00fcft wurden (Pr\u00fcfbericht) unterst\u00fctzen. Des Weiteren soll eine Werkstatt in Hidalgo in Zusammenarbeit mit der Fa. FN Str\u00e4tz GmbH gegr\u00fcndet und unterst\u00fctzt werden, damit auch defekte medizinische Ger\u00e4te vor Ort instand gesetzt\u00a0werden k\u00f6nnen.\u00a0Gesundheitsstationen in Hidalgo k\u00f6nnen nach Projektvorgaben des BMZ \u201ebengo\u201c unterst\u00fctzt werden.<\/p>\n<p>Zudem sollen Tropenkrankheiten wie \u201eChagas\u201c bek\u00e4mpft werden. Durch ein Referenzlabor in Deutschland, das COPAL e.V. durch Spenden finanziert hat, soll sichergestellt werden, dass diese Tropenkrankheiten in Hidalgo bek\u00e4mpft werden k\u00f6nnen.<\/p>\n<p>Das bestehende Gesundheitszentrum San Lorenzo soll weiterhin unterst\u00fctzt und gef\u00f6rdert werden.<\/p>\n<p><a href=\"http:\/\/copalev.org\/wordpress\/wp-content\/uploads\/2017\/08\/Kooperationsvertrag-2017-05-04-deutsch-.pdf\" target=\"_blank\" rel=\"noopener noreferrer\">Kooperationsvertrag deutsch<\/a><\/p>\n<p><a href=\"http:\/\/copalev.org\/wordpress\/wp-content\/uploads\/2017\/08\/Kooperationsvertrag-2017-05-04-spanisch-scan.pdf\" target=\"_blank\" rel=\"noopener noreferrer\">Kooperationsvertrag spanisch<\/a><\/p>\n<p><a href=\"http:\/\/copalev.org\/wordpress\/wp-content\/uploads\/2017\/08\/Vortrag-Kooperationsvertrag-deutsch.pdf\" target=\"_blank\" rel=\"noopener noreferrer\">Vortrag Kooperationsvertrag deutsch<\/a><\/p>\n<p><a href=\"http:\/\/copalev.org\/wordpress\/wp-content\/uploads\/2017\/08\/Vortrag-Kooperationsvertrag-spanisch.pdf\" target=\"_blank\" rel=\"noopener noreferrer\">Vortrag Kooperationsvertrag spanisch<\/a><\/p>\n<div class=\"fusion-sep-clear\"><\/div><div class=\"fusion-separator fusion-full-width-sep sep-single sep-solid\" style=\"border-color:#757474;border-top-width:1px;margin-left: auto;margin-right: auto;margin-top:10px;margin-bottom:10px;\"><\/div>\n<p><a href=\"https:\/\/www.facebook.com\/Serapaz-M%C3%A9xico-721085924693891\/\"><img loading=\"lazy\" decoding=\"async\" class=\"alignleft wp-image-276 size-medium\" src=\"http:\/\/copalev.org\/wordpress\/wp-content\/uploads\/2017\/05\/logo1-300x92.jpg\" alt=\"\" width=\"300\" height=\"92\" srcset=\"http:\/\/copalev.org\/wordpress\/wp-content\/uploads\/2017\/05\/logo1-200x61.jpg 200w, http:\/\/copalev.org\/wordpress\/wp-content\/uploads\/2017\/05\/logo1-300x92.jpg 300w, http:\/\/copalev.org\/wordpress\/wp-content\/uploads\/2017\/05\/logo1-400x122.jpg 400w, http:\/\/copalev.org\/wordpress\/wp-content\/uploads\/2017\/05\/logo1.jpg 491w\" sizes=\"auto, (max-width: 300px) 100vw, 300px\" \/><\/a><\/p>\n<p><span class=\"notranslate\"><strong class=\"alignleft\"><a href=\"https:\/\/www.facebook.com\/Serapaz-M%C3%A9xico-721085924693891\/\" target=\"_blank\" rel=\"noopener noreferrer\"><strong>SERAPAZ<\/strong><\/a>\u00a0<\/strong>ist eine zivile, unabh\u00e4ngige und gemeinn\u00fctzige Organisation mit Sitz in Mexiko. Sie tritt als Vermittler bei sozialen Konflikten auf und f\u00f6rdert Initiativen, die zu einer friedlicheren Gesellschaft beitragen.<\/span><\/p>\n<div class=\"fusion-sep-clear\"><\/div><div class=\"fusion-separator fusion-full-width-sep sep-single sep-solid\" style=\"border-color:#757474;border-top-width:1px;margin-left: auto;margin-right: auto;margin-top:10px;margin-bottom:10px;\"><\/div>\n<h1><\/h1>\n<h1 class=\"western\"><\/h1>\n<p><\/p>","protected":false},"excerpt":{"rendered":"<p>Disculpa, pero esta entrada est\u00e1 disponible s\u00f3lo en Deutsch. For the sake of viewer convenience, the content is shown below in the alternative language. You may click the link to switch the active language.COPAL\u00a0Bolivia, Bolivien In den vergangenen Jahren hat sich in La Paz eine Gruppe engagierter Menschen gefunden, die als COPAL-Bolivia unsere gemeinsamen Ideen [&hellip;]<\/p>\n","protected":false},"author":14,"featured_media":0,"parent":0,"menu_order":0,"comment_status":"closed","ping_status":"closed","template":"","meta":{"footnotes":""},"class_list":["post-969","page","type-page","status-publish","hentry"],"_links":{"self":[{"href":"http:\/\/copalev.org\/es\/wp-json\/wp\/v2\/pages\/969","targetHints":{"allow":["GET"]}}],"collection":[{"href":"http:\/\/copalev.org\/es\/wp-json\/wp\/v2\/pages"}],"about":[{"href":"http:\/\/copalev.org\/es\/wp-json\/wp\/v2\/types\/page"}],"author":[{"embeddable":true,"href":"http:\/\/copalev.org\/es\/wp-json\/wp\/v2\/users\/14"}],"replies":[{"embeddable":true,"href":"http:\/\/copalev.org\/es\/wp-json\/wp\/v2\/comments?post=969"}],"version-history":[{"count":13,"href":"http:\/\/copalev.org\/es\/wp-json\/wp\/v2\/pages\/969\/revisions"}],"predecessor-version":[{"id":1258,"href":"http:\/\/copalev.org\/es\/wp-json\/wp\/v2\/pages\/969\/revisions\/1258"}],"wp:attachment":[{"href":"http:\/\/copalev.org\/es\/wp-json\/wp\/v2\/media?parent=969"}],"curies":[{"name":"wp","href":"https:\/\/api.w.org\/{rel}","templated":true}]}}