{"id":971,"date":"2017-10-03T12:39:23","date_gmt":"2017-10-03T10:39:23","guid":{"rendered":"http:\/\/copalev.org\/de\/?page_id=971"},"modified":"2017-10-10T15:14:31","modified_gmt":"2017-10-10T13:14:31","slug":"firmen","status":"publish","type":"page","link":"http:\/\/copalev.org\/es\/empresas\/","title":{"rendered":"empresas"},"content":{"rendered":"<p class=\"qtranxs-available-languages-message qtranxs-available-languages-message-es\">Disculpa, pero esta entrada est\u00e1 disponible s\u00f3lo en <a href=\"http:\/\/copalev.org\/de\/wp-json\/wp\/v2\/pages\/971\" class=\"qtranxs-available-language-link qtranxs-available-language-link-de\" title=\"Deutsch\">Deutsch<\/a>. For the sake of viewer convenience, the content is shown below in the alternative language. You may click the link to switch the active language.<\/p><p>&nbsp;<\/p>\n<p><a href=\"http:\/\/www.straetz-medizintechnik.de\/aktuelles.php\" target=\"_blank\" rel=\"noopener noreferrer\"><img loading=\"lazy\" decoding=\"async\" class=\"alignleft wp-image-215\" src=\"http:\/\/copalev.org\/wordpress\/wp-content\/uploads\/2017\/05\/straetz-fn.gif\" alt=\"\" width=\"120\" height=\"117\" \/><\/a><a href=\"http:\/\/www.straetz-medizintechnik.de\/aktuelles.php\" target=\"_blank\" rel=\"noopener noreferrer\"><strong>Firma Str\u00e4tz FN<\/strong><\/a><\/p>\n<p>Die Firma Str\u00e4tz FN bietet medizintechnische Ausstattung, innovative Gesamtkonzepte und ma\u00dfgeschneiderte Komplettl\u00f6sungen f\u00fcr den Praxis- und Klinikbetrieb.\u00a0Ihre Philosophie ist hierbei: trotz innovativer Technik steht stets der Mensch im Mittelpunkt\u00a0ihres Handelns. Dies gilt f\u00fcr\u00a0ihre Kunden, Mitarbeiter der Kliniken und Praxen ebenso wie f\u00fcr deren Patienten.\u00a0Deshalb unterst\u00fctzen sie auch die Sozialprojekte von COPAL e.V.<\/p>\n<div class=\"fusion-sep-clear\"><\/div><div class=\"fusion-separator fusion-full-width-sep sep-single sep-solid\" style=\"border-color:#757474;border-top-width:1px;margin-left: auto;margin-right: auto;margin-top:10px;margin-bottom:10px;\"><\/div>\n<p><img loading=\"lazy\" decoding=\"async\" class=\"alignnone wp-image-1139\" src=\"http:\/\/copalev.org\/wordpress\/wp-content\/uploads\/2017\/10\/Logo-BG-Bau-300x50.png\" alt=\"\" width=\"210\" height=\"35\" srcset=\"http:\/\/copalev.org\/wordpress\/wp-content\/uploads\/2017\/10\/Logo-BG-Bau-200x33.png 200w, http:\/\/copalev.org\/wordpress\/wp-content\/uploads\/2017\/10\/Logo-BG-Bau-300x50.png 300w, http:\/\/copalev.org\/wordpress\/wp-content\/uploads\/2017\/10\/Logo-BG-Bau-320x55.png 320w, http:\/\/copalev.org\/wordpress\/wp-content\/uploads\/2017\/10\/Logo-BG-Bau.png 329w\" sizes=\"auto, (max-width: 210px) 100vw, 210px\" \/> <strong><a href=\"http:\/\/www.bgbau.de\/die-bg-bau\/ansprechpa\/anfahrt\/Wuerzburg_Hoechberg\" target=\"_blank\" rel=\"noopener noreferrer\">BG Bau (H\u00f6chberg)<\/a><\/strong><\/p>\n<p>Die BG Bau in H\u00f6chberg spendet uns regelm\u00e4\u00dfig gebrauchte medizinische Ger\u00e4te. Diese werden \u00fcberpr\u00fcft, bei Bedarf repariert oder erg\u00e4nzt und in unsere Partnerl\u00e4nder verschickt.<\/p>\n<div class=\"fusion-sep-clear\"><\/div><div class=\"fusion-separator fusion-full-width-sep sep-single sep-solid\" style=\"border-color:#757474;border-top-width:1px;margin-left: auto;margin-right: auto;margin-top:10px;margin-bottom:10px;\"><\/div>\n<p><span style=\"font-family: Arial,sans-serif;\"><a href=\"http:\/\/www.koehlers-vollkornbaeckerei.de\/\" target=\"_blank\" rel=\"noopener noreferrer\"><img loading=\"lazy\" decoding=\"async\" class=\"alignleft wp-image-199 size-full\" src=\"http:\/\/copalev.org\/wordpress\/wp-content\/uploads\/2017\/05\/logo-bckerei-khler.png\" alt=\"\" width=\"159\" height=\"115\" \/><\/a><\/span><\/p>\n<p><a href=\"http:\/\/www.koehlers-vollkornbaeckerei.de\/\" target=\"_blank\" rel=\"noopener noreferrer\"><strong>Bio B\u00e4ckerei K\u00f6hler<\/strong><\/a><\/p>\n<p>Die Vollkorn B\u00e4ckerei K\u00f6hler e.K. unterst\u00fctzte unser Waisenhaus-Projekt in Lupalaya, Bolivien, um dort eine Backstube f\u00fcr die Waisenkinder einzurichten. Die Kinder sollen dadurch einen Ausbildungsberuf erlernen und gleichzeitig die Produkte der B\u00e4ckerei an die Landbev\u00f6lkerung verkaufen.<\/p>\n<div class=\"fusion-sep-clear\"><\/div><div class=\"fusion-separator fusion-full-width-sep sep-single sep-solid\" style=\"border-color:#757474;border-top-width:1px;margin-left: auto;margin-right: auto;margin-top:10px;margin-bottom:10px;\"><\/div>\n<p><a href=\"https:\/\/www.facebook.com\/transconsult.info\/\"><img loading=\"lazy\" decoding=\"async\" class=\"alignleft wp-image-760 size-full\" src=\"http:\/\/copalev.org\/wordpress\/wp-content\/uploads\/2017\/08\/logo-transconsult.jpg\" alt=\"\" width=\"201\" height=\"141\" srcset=\"http:\/\/copalev.org\/wordpress\/wp-content\/uploads\/2017\/08\/logo-transconsult-200x140.jpg 200w, http:\/\/copalev.org\/wordpress\/wp-content\/uploads\/2017\/08\/logo-transconsult.jpg 201w\" sizes=\"auto, (max-width: 201px) 100vw, 201px\" \/><\/a><a href=\"https:\/\/www.facebook.com\/transconsult.info\/\" target=\"_blank\" rel=\"noopener noreferrer\"><strong>TranSConsult<\/strong><\/a><\/p>\n<p>Die Firma TranSConsult in W\u00fcrzburg unterst\u00fctzt COPAL e.V. bei \u00dcbersetzungen.<\/p>\n<div class=\"fusion-sep-clear\"><\/div><div class=\"fusion-separator fusion-full-width-sep sep-single sep-solid\" style=\"border-color:#757474;border-top-width:1px;margin-left: auto;margin-right: auto;margin-top:10px;margin-bottom:10px;\"><\/div>\n<p><strong><a href=\"http:\/\/www.dolmetscher-schule.de\/\" target=\"_blank\" rel=\"noopener noreferrer\"><img loading=\"lazy\" decoding=\"async\" class=\"alignleft wp-image-773 size-full\" src=\"http:\/\/copalev.org\/wordpress\/wp-content\/uploads\/2017\/08\/logo-Dolmetscherschule-W\u00fcrzburg.png\" alt=\"\" width=\"203\" height=\"65\" srcset=\"http:\/\/copalev.org\/wordpress\/wp-content\/uploads\/2017\/08\/logo-Dolmetscherschule-W\u00fcrzburg-200x64.png 200w, http:\/\/copalev.org\/wordpress\/wp-content\/uploads\/2017\/08\/logo-Dolmetscherschule-W\u00fcrzburg.png 203w\" sizes=\"auto, (max-width: 203px) 100vw, 203px\" \/><\/a>\u00a0<a href=\"http:\/\/www.dolmetscher-schule.de\/\" target=\"_blank\" rel=\"noopener noreferrer\">Dolmetscherschule W\u00fcrzburg<\/a><\/strong><\/p>\n<p class=\"western\">Die Dolmetscherschule W\u00fcrzburg unterst\u00fctzt COPAL e.V. bei \u00dcbersetzungen.<\/p>\n<p class=\"western\"><div class=\"fusion-sep-clear\"><\/div><div class=\"fusion-separator fusion-full-width-sep sep-single sep-solid\" style=\"border-color:#757474;border-top-width:1px;margin-left: auto;margin-right: auto;margin-top:10px;margin-bottom:10px;\"><\/div><\/p>\n<h1 class=\"western\"><\/h1>\n<p><\/p>","protected":false},"excerpt":{"rendered":"<p>Disculpa, pero esta entrada est\u00e1 disponible s\u00f3lo en Deutsch. For the sake of viewer convenience, the content is shown below in the alternative language. You may click the link to switch the active language.&nbsp; Firma Str\u00e4tz FN Die Firma Str\u00e4tz FN bietet medizintechnische Ausstattung, innovative Gesamtkonzepte und ma\u00dfgeschneiderte Komplettl\u00f6sungen f\u00fcr den Praxis- und Klinikbetrieb.\u00a0Ihre Philosophie [&hellip;]<\/p>\n","protected":false},"author":14,"featured_media":0,"parent":0,"menu_order":0,"comment_status":"closed","ping_status":"closed","template":"","meta":{"footnotes":""},"class_list":["post-971","page","type-page","status-publish","hentry"],"_links":{"self":[{"href":"http:\/\/copalev.org\/es\/wp-json\/wp\/v2\/pages\/971","targetHints":{"allow":["GET"]}}],"collection":[{"href":"http:\/\/copalev.org\/es\/wp-json\/wp\/v2\/pages"}],"about":[{"href":"http:\/\/copalev.org\/es\/wp-json\/wp\/v2\/types\/page"}],"author":[{"embeddable":true,"href":"http:\/\/copalev.org\/es\/wp-json\/wp\/v2\/users\/14"}],"replies":[{"embeddable":true,"href":"http:\/\/copalev.org\/es\/wp-json\/wp\/v2\/comments?post=971"}],"version-history":[{"count":7,"href":"http:\/\/copalev.org\/es\/wp-json\/wp\/v2\/pages\/971\/revisions"}],"predecessor-version":[{"id":1141,"href":"http:\/\/copalev.org\/es\/wp-json\/wp\/v2\/pages\/971\/revisions\/1141"}],"wp:attachment":[{"href":"http:\/\/copalev.org\/es\/wp-json\/wp\/v2\/media?parent=971"}],"curies":[{"name":"wp","href":"https:\/\/api.w.org\/{rel}","templated":true}]}}