{"id":973,"date":"2017-10-03T12:40:28","date_gmt":"2017-10-03T10:40:28","guid":{"rendered":"http:\/\/copalev.org\/de\/?page_id=973"},"modified":"2017-10-06T08:50:16","modified_gmt":"2017-10-06T06:50:16","slug":"bildungseinrichtungen","status":"publish","type":"page","link":"http:\/\/copalev.org\/es\/instituciones-educativas\/","title":{"rendered":"instituciones educativas"},"content":{"rendered":"<p class=\"qtranxs-available-languages-message qtranxs-available-languages-message-es\">Disculpa, pero esta entrada est\u00e1 disponible s\u00f3lo en <a href=\"http:\/\/copalev.org\/de\/wp-json\/wp\/v2\/pages\/973\" class=\"qtranxs-available-language-link qtranxs-available-language-link-de\" title=\"Deutsch\">Deutsch<\/a>. For the sake of viewer convenience, the content is shown below in the alternative language. You may click the link to switch the active language.<\/p><p><a href=\"https:\/\/www.gymnasium-veitshoechheim.de\/startseite.html\" target=\"_blank\" rel=\"noopener noreferrer\"><img loading=\"lazy\" decoding=\"async\" class=\"alignleft wp-image-186\" src=\"http:\/\/copalev.org\/wordpress\/wp-content\/uploads\/2017\/05\/logo20vg.png\" alt=\"\" width=\"258\" height=\"96\" srcset=\"http:\/\/copalev.org\/wordpress\/wp-content\/uploads\/2017\/05\/logo20vg-200x74.png 200w, http:\/\/copalev.org\/wordpress\/wp-content\/uploads\/2017\/05\/logo20vg.png 258w\" sizes=\"auto, (max-width: 258px) 100vw, 258px\" \/><\/a><\/p>\n<p><strong><span style=\"font-family: Arial,sans-serif;\"><a href=\"http:\/\/www.gymnasium-veitshoechheim.de\/\" target=\"_blank\" rel=\"noopener noreferrer\">Gymnasium Veitsh\u00f6chheim<\/a><br \/>\n<\/span><\/strong><\/p>\n<p>Das Gymnasium Veitsh\u00f6chheim pflegt bereits seit 2007 freundschaftliche Beziehungen nach Bolivien. Neben Austauschbesuchen mit der Deutschen Schule Santa Cruz und\u00a0dem Colegio Alexander von Humboldt in\u00a0Sucre\u00a0gab es schon Konzerte\u00a0und Workshops mit\u00a0verschiedenen Musikgruppen.\u00a0Von 2013 &#8211; 2017 bestand eine Schulpartnerschaft mit der U.E. Bicentenario, einer\u00a0staatlichen Schule in La Paz, die von COPAL e.V. unterst\u00fctzt wurde. F\u00fcr die Zukunft sind nun Hospitationen von bolivianischen Lehramtsstudenten an der Schule geplant, f\u00fcr die wir Stipendien zur Verf\u00fcgung stellen wollen.\u00a0Au\u00dferdem arbeitet das Gymnasium\u00a0regelm\u00e4\u00dfig im Rahmen von Benefizveranstaltungen und P-Seminaren mit uns\u00a0zusammen. So wurde auch diese Website von Sch\u00fclerinnen und Sch\u00fclern aus Veitsh\u00f6chheim erstellt. H\u00f6hepunkte der Zusammenarbeit sind sicherlich die gemeinsamen\u00a0Projektreisen, bei denen Sch\u00fcler und Lehrkr\u00e4fte nicht nur das Land Bolivien, sondern auch unsere Projekte hautnah kennenlernen k\u00f6nnen.<\/p>\n<div class=\"fusion-sep-clear\"><\/div><div class=\"fusion-separator fusion-full-width-sep sep-single sep-solid\" style=\"border-color:#757474;border-top-width:1px;margin-left: auto;margin-right: auto;margin-top:10px;margin-bottom:10px;\"><\/div>\n<p><a href=\"http:\/\/evdhg.de\/\" target=\"_blank\" rel=\"noopener noreferrer\"><img loading=\"lazy\" decoding=\"async\" class=\"alignleft wp-image-784\" src=\"http:\/\/copalev.org\/wordpress\/wp-content\/uploads\/2017\/08\/DagHam-300x150.jpg\" alt=\"\" width=\"192\" height=\"96\" srcset=\"http:\/\/copalev.org\/wordpress\/wp-content\/uploads\/2017\/08\/DagHam-200x100.jpg 200w, http:\/\/copalev.org\/wordpress\/wp-content\/uploads\/2017\/08\/DagHam-300x150.jpg 300w, http:\/\/copalev.org\/wordpress\/wp-content\/uploads\/2017\/08\/DagHam-400x200.jpg 400w, http:\/\/copalev.org\/wordpress\/wp-content\/uploads\/2017\/08\/DagHam-540x272.jpg 540w, http:\/\/copalev.org\/wordpress\/wp-content\/uploads\/2017\/08\/DagHam-600x300.jpg 600w, http:\/\/copalev.org\/wordpress\/wp-content\/uploads\/2017\/08\/DagHam-768x384.jpg 768w, http:\/\/copalev.org\/wordpress\/wp-content\/uploads\/2017\/08\/DagHam-800x400.jpg 800w, http:\/\/copalev.org\/wordpress\/wp-content\/uploads\/2017\/08\/DagHam.jpg 1000w\" sizes=\"auto, (max-width: 192px) 100vw, 192px\" \/><\/a><\/p>\n<p><a href=\"http:\/\/evdhg.de\/\" target=\"_blank\" rel=\"noopener noreferrer\"><strong>Dag-Hammarskj\u00f6ld-Gymnasium W\u00fcrzburg<\/strong><br \/>\n<\/a><\/p>\n<div class=\"fusion-sep-clear\"><\/div><div class=\"fusion-separator fusion-full-width-sep sep-single sep-solid\" style=\"border-color:#757474;border-top-width:1px;margin-left: auto;margin-right: auto;margin-top:10px;margin-bottom:10px;\"><\/div>\n<p><img loading=\"lazy\" decoding=\"async\" class=\"alignleft wp-image-187\" src=\"http:\/\/copalev.org\/wordpress\/wp-content\/uploads\/2017\/05\/logo20schule20la20paz.jpg\" alt=\"\" width=\"181\" height=\"181\" srcset=\"http:\/\/copalev.org\/wordpress\/wp-content\/uploads\/2017\/05\/logo20schule20la20paz-66x66.jpg 66w, http:\/\/copalev.org\/wordpress\/wp-content\/uploads\/2017\/05\/logo20schule20la20paz-150x150.jpg 150w, http:\/\/copalev.org\/wordpress\/wp-content\/uploads\/2017\/05\/logo20schule20la20paz.jpg 181w\" sizes=\"auto, (max-width: 181px) 100vw, 181px\" \/><\/p>\n<p><strong><span style=\"font-family: Arial,sans-serif;\">U.E. Bicentenario La Paz<\/span><\/strong><\/p>\n<p>Die Schule Bicentenario La Paz wurde im Jahre 2013 von COPAL e.V. sowie einer Abordnung des Gymnasiums Veitsh\u00f6chheim besucht, um die partnerschaftlichen Beziehungen zwischen deutschen und bolivianischen Schulen zu verbessern.\u00a0In den Folgejahren konnten wir\u00a0sechs Sch\u00fclerinnen und Sch\u00fclern sowie einer Lehrkraft aus La Paz einen mehrmonatigen Aufenthalt am Gymnasium Veitsh\u00f6chheim erm\u00f6glichen, um so das gegenseitige Kennenlernen und den Austausch zwischen den Kulturen zu f\u00f6rdern.<\/p>\n<div class=\"fusion-sep-clear\"><\/div><div class=\"fusion-separator fusion-full-width-sep sep-single sep-solid\" style=\"border-color:#757474;border-top-width:1px;margin-left: auto;margin-right: auto;margin-top:10px;margin-bottom:10px;\"><\/div>\n<p><strong>Escuela Superior de Formaci\u00f3n de Maestros Sim\u00f3n Bol\u00edvar, La Paz<\/strong><\/p>\n<p>(Bild folgt)<\/p>\n<p><span style=\"font-family: Arial,sans-serif;\"><a href=\"https:\/\/www.uaeh.edu.mx\/\" target=\"_blank\" rel=\"noopener noreferrer\"><img loading=\"lazy\" decoding=\"async\" class=\"alignleft wp-image-806\" src=\"http:\/\/copalev.org\/wordpress\/wp-content\/uploads\/2017\/08\/Uni-Hidalgo.jpg\" alt=\"\" width=\"121\" height=\"144\" srcset=\"http:\/\/copalev.org\/wordpress\/wp-content\/uploads\/2017\/08\/Uni-Hidalgo-200x237.jpg 200w, http:\/\/copalev.org\/wordpress\/wp-content\/uploads\/2017\/08\/Uni-Hidalgo.jpg 204w\" sizes=\"auto, (max-width: 121px) 100vw, 121px\" \/><\/a><br \/>\n<strong><a href=\"https:\/\/www.uaeh.edu.mx\/\" target=\"_blank\" rel=\"noopener noreferrer\">Universidad Aut\u00f3noma del Estado de Hidalgo<\/a><\/strong><br \/>\n<\/span><\/p>\n<div class=\"fusion-sep-clear\"><\/div><div class=\"fusion-separator fusion-full-width-sep sep-single sep-solid\" style=\"border-color:#757474;border-top-width:1px;margin-left: auto;margin-right: auto;margin-top:10px;margin-bottom:10px;\"><\/div>\n<p><a href=\"http:\/\/www.uni-wuerzburg.de\/startseite\/\" target=\"_blank\" rel=\"noopener noreferrer\"><img loading=\"lazy\" decoding=\"async\" class=\"alignleft wp-image-791\" src=\"http:\/\/copalev.org\/wordpress\/wp-content\/uploads\/2017\/08\/Uni-W\u00fcrzburg-300x134.jpg\" alt=\"\" width=\"210\" height=\"94\" srcset=\"http:\/\/copalev.org\/wordpress\/wp-content\/uploads\/2017\/08\/Uni-W\u00fcrzburg-200x90.jpg 200w, http:\/\/copalev.org\/wordpress\/wp-content\/uploads\/2017\/08\/Uni-W\u00fcrzburg-300x134.jpg 300w, http:\/\/copalev.org\/wordpress\/wp-content\/uploads\/2017\/08\/Uni-W\u00fcrzburg-400x179.jpg 400w, http:\/\/copalev.org\/wordpress\/wp-content\/uploads\/2017\/08\/Uni-W\u00fcrzburg.jpg 424w\" sizes=\"auto, (max-width: 210px) 100vw, 210px\" \/><\/a><\/p>\n<p><strong><span style=\"font-family: Arial,sans-serif;\"><a href=\"http:\/\/www.uni-wuerzburg.de\/startseite\/\" target=\"_blank\" rel=\"noopener noreferrer\">Julius-Maximilians-Universit\u00e4t W\u00fcrzburg<\/a><\/span><\/strong><\/p>\n<p class=\"western\"><div class=\"fusion-sep-clear\"><\/div><div class=\"fusion-separator fusion-full-width-sep sep-single sep-solid\" style=\"border-color:#757474;border-top-width:1px;margin-left: auto;margin-right: auto;margin-top:10px;margin-bottom:10px;\"><\/div><\/p>\n<h1 class=\"western\"><\/h1>\n<p><\/p>","protected":false},"excerpt":{"rendered":"<p>Disculpa, pero esta entrada est\u00e1 disponible s\u00f3lo en Deutsch. For the sake of viewer convenience, the content is shown below in the alternative language. You may click the link to switch the active language. Gymnasium Veitsh\u00f6chheim Das Gymnasium Veitsh\u00f6chheim pflegt bereits seit 2007 freundschaftliche Beziehungen nach Bolivien. Neben Austauschbesuchen mit der Deutschen Schule Santa Cruz [&hellip;]<\/p>\n","protected":false},"author":14,"featured_media":0,"parent":0,"menu_order":0,"comment_status":"closed","ping_status":"closed","template":"","meta":{"footnotes":""},"class_list":["post-973","page","type-page","status-publish","hentry"],"_links":{"self":[{"href":"http:\/\/copalev.org\/es\/wp-json\/wp\/v2\/pages\/973","targetHints":{"allow":["GET"]}}],"collection":[{"href":"http:\/\/copalev.org\/es\/wp-json\/wp\/v2\/pages"}],"about":[{"href":"http:\/\/copalev.org\/es\/wp-json\/wp\/v2\/types\/page"}],"author":[{"embeddable":true,"href":"http:\/\/copalev.org\/es\/wp-json\/wp\/v2\/users\/14"}],"replies":[{"embeddable":true,"href":"http:\/\/copalev.org\/es\/wp-json\/wp\/v2\/comments?post=973"}],"version-history":[{"count":6,"href":"http:\/\/copalev.org\/es\/wp-json\/wp\/v2\/pages\/973\/revisions"}],"predecessor-version":[{"id":1054,"href":"http:\/\/copalev.org\/es\/wp-json\/wp\/v2\/pages\/973\/revisions\/1054"}],"wp:attachment":[{"href":"http:\/\/copalev.org\/es\/wp-json\/wp\/v2\/media?parent=973"}],"curies":[{"name":"wp","href":"https:\/\/api.w.org\/{rel}","templated":true}]}}