{"id":147,"date":"2017-05-03T21:46:47","date_gmt":"2017-05-03T19:46:47","guid":{"rendered":"http:\/\/copalev.org\/?page_id=147"},"modified":"2017-10-08T18:05:59","modified_gmt":"2017-10-08T16:05:59","slug":"netzwerk","status":"publish","type":"page","link":"https:\/\/copalev.org\/de\/unser-netzwerk\/","title":{"rendered":"Unser Netzwerk"},"content":{"rendered":"<p><div  class=\"fusion-fullwidth fullwidth-box nonhundred-percent-fullwidth\"  style='background-color: rgba(255,255,255,0);background-position: center center;background-repeat: no-repeat;padding-top:0px;padding-right:0px;padding-bottom:0px;padding-left:0px;'><div class=\"fusion-builder-row fusion-row \"><div  class=\"fusion-layout-column fusion_builder_column fusion_builder_column_1_1  fusion-one-full fusion-column-first fusion-column-last 1_1\"  style='margin-top:0px;margin-bottom:0px;'>\n\t\t\t<div class=\"fusion-column-wrapper\" style=\"background-position:left top;background-repeat:no-repeat;-webkit-background-size:cover;-moz-background-size:cover;-o-background-size:cover;background-size:cover;\"  data-bg-url=\"\">\n\t\t\t\t<div class=\"csc-header csc-header-n1\">\n<h2 class=\"csc-firstHeader\">Projektpartner\u00a0 in Deutschland und vor Ort in Lateinamerika<\/h2>\n<\/div>\n<p>Unser Projektpartner in Lateinamerika sind f\u00fcr uns die Grundlage helfen zu k\u00f6nnen. Nur so k\u00f6nnen wir sicherstellen, dass Ihre <a href=\"http:\/\/copalev.org\/de\/spenden-und-helfen\/\">Spende<\/a> bei den bed\u00fcrftigen Menschen direkt ankommt.<\/p>\n<p>Unsere Partner in Deutschland unterst\u00fctzen uns dabei, den Menschen in Lateinamerika\u00a0helfen zu k\u00f6nnen.<\/p>\n<p>M\u00f6chten auch Sie mit uns zusammenarbeiten? Oder haben wir jemanden vergessen? Dann z\u00f6gern Sie nicht mit uns <a href=\"http:\/\/copalev.org\/de\/downloads\/\" target=\"_blank\" rel=\"noopener noreferrer\">Kontakt<\/a> aufzunehmen!<\/p>\n<div class=\"fusion-clearfix\"><\/div>\n\n\t\t\t<\/div>\n\t\t<\/div><\/div><\/div><\/p>","protected":false},"excerpt":{"rendered":"<p>Leider ist der Eintrag nur auf English verf\u00fcgbar. Der Inhalt wird unten in einer verf\u00fcgbaren Sprache angezeigt. Klicken Sie auf den Link, um die aktuelle Sprache zu \u00e4ndern. Partnerorganisations at the face: &#8211; Bolivien: COPAL Bolivia &#8211; Costa Rica: COPAL Costa Rica &#8211; Ecuador: SolyDar &#8211; Mexiko: SERAPAZ , Hidalguenses con el Mundo Companys: &#8211;\u00a0Str\u00e4tz [&hellip;]<\/p>\n","protected":false},"author":23,"featured_media":0,"parent":0,"menu_order":0,"comment_status":"closed","ping_status":"closed","template":"","meta":{"footnotes":""},"class_list":["post-147","page","type-page","status-publish","hentry"],"_links":{"self":[{"href":"https:\/\/copalev.org\/de\/wp-json\/wp\/v2\/pages\/147","targetHints":{"allow":["GET"]}}],"collection":[{"href":"https:\/\/copalev.org\/de\/wp-json\/wp\/v2\/pages"}],"about":[{"href":"https:\/\/copalev.org\/de\/wp-json\/wp\/v2\/types\/page"}],"author":[{"embeddable":true,"href":"https:\/\/copalev.org\/de\/wp-json\/wp\/v2\/users\/23"}],"replies":[{"embeddable":true,"href":"https:\/\/copalev.org\/de\/wp-json\/wp\/v2\/comments?post=147"}],"version-history":[{"count":152,"href":"https:\/\/copalev.org\/de\/wp-json\/wp\/v2\/pages\/147\/revisions"}],"predecessor-version":[{"id":1094,"href":"https:\/\/copalev.org\/de\/wp-json\/wp\/v2\/pages\/147\/revisions\/1094"}],"wp:attachment":[{"href":"https:\/\/copalev.org\/de\/wp-json\/wp\/v2\/media?parent=147"}],"curies":[{"name":"wp","href":"https:\/\/api.w.org\/{rel}","templated":true}]}}