{"id":975,"date":"2017-10-03T12:41:43","date_gmt":"2017-10-03T10:41:43","guid":{"rendered":"http:\/\/copalev.org\/de\/?page_id=975"},"modified":"2017-10-22T18:32:44","modified_gmt":"2017-10-22T16:32:44","slug":"kuenstler","status":"publish","type":"page","link":"https:\/\/copalev.org\/de\/kuenstler\/","title":{"rendered":"K\u00fcnstler"},"content":{"rendered":"<p><a href=\"https:\/\/www.facebook.com\/SoniClassico\/\"><img loading=\"lazy\" decoding=\"async\" class=\"alignleft wp-image-189\" src=\"http:\/\/copalev.org\/wordpress\/wp-content\/uploads\/2017\/05\/logo20soni-300x98.png\" alt=\"\" width=\"220\" height=\"72\" srcset=\"https:\/\/copalev.org\/wordpress\/wp-content\/uploads\/2017\/05\/logo20soni-200x66.png 200w, https:\/\/copalev.org\/wordpress\/wp-content\/uploads\/2017\/05\/logo20soni-300x98.png 300w, https:\/\/copalev.org\/wordpress\/wp-content\/uploads\/2017\/05\/logo20soni-400x131.png 400w, https:\/\/copalev.org\/wordpress\/wp-content\/uploads\/2017\/05\/logo20soni-460x153.png 460w, https:\/\/copalev.org\/wordpress\/wp-content\/uploads\/2017\/05\/logo20soni.png 466w\" sizes=\"auto, (max-width: 220px) 100vw, 220px\" \/><\/a><strong><a href=\"https:\/\/www.facebook.com\/SoniClassico\/\" target=\"_blank\" rel=\"noopener noreferrer\">Soni Classico<\/a><\/strong><\/p>\n<p>Soni Classico ist\u00a0ein Brass-Ensemble aus dem Raum\u00a0<a href=\"http:\/\/www.wuerzburg.de\/\" target=\"_blank\" rel=\"noopener noreferrer\">W\u00fcrzburg<\/a>\u00a0und\u00a0<a href=\"http:\/\/www.uettingen.de\/\" target=\"_blank\" rel=\"noopener noreferrer\">Uettingen<\/a>.\u00a0Sie spielen zu festlichen Anl\u00e4ssen, wie Hochzeiten, runden Geburtstagen, Wein- und Kirchenfesten und Firmenereignissen.\u00a0Mit ihrer Musik unterst\u00fctzen\u00a0sie schon seit Jahren die Sozialprojekte von COPAL e.V.\u00a0Gerne spielen sie auch\u00a0bei Ihrem Ereignis\u00a0&#8211; bitte einfach\u00a0Kontakt aufnehmen.<\/p>\n<div class=\"fusion-sep-clear\"><\/div><div class=\"fusion-separator fusion-full-width-sep sep-single sep-solid\" style=\"border-color:#757474;border-top-width:1px;margin-left: auto;margin-right: auto;margin-top:10px;margin-bottom:10px;\"><\/div>\n<p><a href=\"http:\/\/www.evgeniya.info\/german_biography.htm\" target=\"_blank\" rel=\"noopener noreferrer\"><strong>Feu<img loading=\"lazy\" decoding=\"async\" class=\"wp-image-1240 alignleft\" src=\"http:\/\/copalev.org\/wordpress\/wp-content\/uploads\/2017\/10\/PA211053-300x225.jpg\" alt=\"\" width=\"200\" height=\"150\" srcset=\"https:\/\/copalev.org\/wordpress\/wp-content\/uploads\/2017\/10\/PA211053-200x150.jpg 200w, https:\/\/copalev.org\/wordpress\/wp-content\/uploads\/2017\/10\/PA211053-300x225.jpg 300w, https:\/\/copalev.org\/wordpress\/wp-content\/uploads\/2017\/10\/PA211053-400x300.jpg 400w, https:\/\/copalev.org\/wordpress\/wp-content\/uploads\/2017\/10\/PA211053-600x450.jpg 600w, https:\/\/copalev.org\/wordpress\/wp-content\/uploads\/2017\/10\/PA211053-768x576.jpg 768w, https:\/\/copalev.org\/wordpress\/wp-content\/uploads\/2017\/10\/PA211053-800x600.jpg 800w, https:\/\/copalev.org\/wordpress\/wp-content\/uploads\/2017\/10\/PA211053.jpg 1024w\" sizes=\"auto, (max-width: 200px) 100vw, 200px\" \/>rige Meistermusiker<\/strong><\/a><\/p>\n<p>Marimba (Evgeniya Kavaldzhieva), Violinen (Miroslaw Bojadzijew, Maria Bojadzijewa) und Klavier (Daniel Delgado)\u00a0locken ihr\u00a0Publikum in tiefe und emotionale Klangerlebnisse.\u00a0<div class=\"fusion-sep-clear\"><\/div><div class=\"fusion-separator fusion-full-width-sep sep-single sep-solid\" style=\"border-color:#757474;border-top-width:1px;margin-left: auto;margin-right: auto;margin-top:10px;margin-bottom:10px;\"><\/div><\/p>\n<p><img loading=\"lazy\" decoding=\"async\" class=\"alignleft wp-image-820 \" src=\"http:\/\/copalev.org\/wordpress\/wp-content\/uploads\/2017\/08\/camarata-schloss-300x200.jpg\" alt=\"\" width=\"146\" height=\"97\" srcset=\"https:\/\/copalev.org\/wordpress\/wp-content\/uploads\/2017\/08\/camarata-schloss-200x133.jpg 200w, https:\/\/copalev.org\/wordpress\/wp-content\/uploads\/2017\/08\/camarata-schloss-300x200.jpg 300w, https:\/\/copalev.org\/wordpress\/wp-content\/uploads\/2017\/08\/camarata-schloss-400x267.jpg 400w, https:\/\/copalev.org\/wordpress\/wp-content\/uploads\/2017\/08\/camarata-schloss-600x400.jpg 600w, https:\/\/copalev.org\/wordpress\/wp-content\/uploads\/2017\/08\/camarata-schloss-768x512.jpg 768w, https:\/\/copalev.org\/wordpress\/wp-content\/uploads\/2017\/08\/camarata-schloss-800x533.jpg 800w, https:\/\/copalev.org\/wordpress\/wp-content\/uploads\/2017\/08\/camarata-schloss.jpg 951w\" sizes=\"auto, (max-width: 146px) 100vw, 146px\" \/><\/p>\n<p><span style=\"font-family: Arial,sans-serif;\"><strong>CAMERATA Schloss Zell an der Pram<\/strong><\/span><\/p>\n<p>K\u00fcnstler der Musikhochschule spielen bei Benefizveranstaltungen f\u00fcr COPAL e.V.<\/p>\n<p><span style=\"font-family: Arial,sans-serif;\"><div class=\"fusion-sep-clear\"><\/div><div class=\"fusion-separator fusion-full-width-sep sep-single sep-solid\" style=\"border-color:#757474;border-top-width:1px;margin-left: auto;margin-right: auto;margin-top:10px;margin-bottom:10px;\"><\/div><\/span><\/p>\n<p><span style=\"font-family: Arial,sans-serif;\"><a href=\"http:\/\/wuerzburg-ststephan.de\/kirchenmusik\/kantorat\/\" target=\"_blank\" rel=\"noopener noreferrer\"><img loading=\"lazy\" decoding=\"async\" class=\"alignleft wp-image-815\" src=\"http:\/\/copalev.org\/wordpress\/wp-content\/uploads\/2017\/08\/Christian_Heidecker-2-711x900-237x300.jpg\" alt=\"\" width=\"115\" height=\"146\" srcset=\"https:\/\/copalev.org\/wordpress\/wp-content\/uploads\/2017\/08\/Christian_Heidecker-2-711x900-200x253.jpg 200w, https:\/\/copalev.org\/wordpress\/wp-content\/uploads\/2017\/08\/Christian_Heidecker-2-711x900-237x300.jpg 237w, https:\/\/copalev.org\/wordpress\/wp-content\/uploads\/2017\/08\/Christian_Heidecker-2-711x900-400x506.jpg 400w, https:\/\/copalev.org\/wordpress\/wp-content\/uploads\/2017\/08\/Christian_Heidecker-2-711x900-600x759.jpg 600w, https:\/\/copalev.org\/wordpress\/wp-content\/uploads\/2017\/08\/Christian_Heidecker-2-711x900.jpg 711w\" sizes=\"auto, (max-width: 115px) 100vw, 115px\" \/><\/a><br \/>\n<a href=\"http:\/\/wuerzburg-ststephan.de\/kirchenmusik\/kantorat\/\" target=\"_blank\" rel=\"noopener noreferrer\"><strong>Christian Heidecker, Kirchenmusikdirektor St. Stephan W\u00fcrzburg<\/strong><\/a><\/span><\/p>\n<div class=\"fusion-sep-clear\"><\/div><div class=\"fusion-separator fusion-full-width-sep sep-single sep-solid\" style=\"border-color:#757474;border-top-width:1px;margin-left: auto;margin-right: auto;margin-top:10px;margin-bottom:10px;\"><\/div>\n<p><span style=\"font-family: Arial,sans-serif;\"><a href=\"http:\/\/wuerzburg-ststephan.de\/kirchenmusik\/kantorat\/\" target=\"_blank\" rel=\"noopener noreferrer\"><br \/>\n<\/a><a href=\"http:\/\/wuerzburg-ststephan.de\/kirchenmusik\/kantorat\/\" target=\"_blank\" rel=\"noopener noreferrer\"><img loading=\"lazy\" decoding=\"async\" class=\"alignleft wp-image-813\" src=\"http:\/\/copalev.org\/wordpress\/wp-content\/uploads\/2017\/08\/Filmemacher-300x124.jpg\" alt=\"\" width=\"191\" height=\"79\" srcset=\"https:\/\/copalev.org\/wordpress\/wp-content\/uploads\/2017\/08\/Filmemacher-200x83.jpg 200w, https:\/\/copalev.org\/wordpress\/wp-content\/uploads\/2017\/08\/Filmemacher-300x124.jpg 300w, https:\/\/copalev.org\/wordpress\/wp-content\/uploads\/2017\/08\/Filmemacher-400x166.jpg 400w, https:\/\/copalev.org\/wordpress\/wp-content\/uploads\/2017\/08\/Filmemacher-600x248.jpg 600w, https:\/\/copalev.org\/wordpress\/wp-content\/uploads\/2017\/08\/Filmemacher-669x272.jpg 669w, https:\/\/copalev.org\/wordpress\/wp-content\/uploads\/2017\/08\/Filmemacher-768x318.jpg 768w, https:\/\/copalev.org\/wordpress\/wp-content\/uploads\/2017\/08\/Filmemacher-800x331.jpg 800w, https:\/\/copalev.org\/wordpress\/wp-content\/uploads\/2017\/08\/Filmemacher.jpg 826w\" sizes=\"auto, (max-width: 191px) 100vw, 191px\" \/><\/a><a href=\"http:\/\/www.ealem.mrecic.gov.ar\/de\/content\/vernissage-\u201ctierras-partirseleben-zwei-welten\u201d\" target=\"_blank\" rel=\"noopener noreferrer\"><strong>Diego Sachella, Filmemacher<\/strong><\/a><\/span><\/p>\n<p>Gemeinsam mit COPAL e.V. konnte Diego Sachella sein Filmprojekt &#8222;Tierras &#8211; Partir(se) &#8211; Leben in zwei Welten&#8220; in W\u00fcrzburg pr\u00e4sentieren. Das Projekt gew\u00e4hrt spannende Einblicke in\u00a0das Leben\u00a0lateinamerikanischer Migranten in Deutschland.<\/p>\n<div class=\"fusion-sep-clear\"><\/div><div class=\"fusion-separator fusion-full-width-sep sep-single sep-solid\" style=\"border-color:#757474;border-top-width:1px;margin-left: auto;margin-right: auto;margin-top:10px;margin-bottom:10px;\"><\/div>\n<p><span style=\"font-family: Arial,sans-serif;\"><a href=\"http:\/\/www.ealem.mrecic.gov.ar\/de\/content\/vernissage-\u201ctierras-partirseleben-zwei-welten\u201d\" target=\"_blank\" rel=\"noopener noreferrer\"><br \/>\n<\/a><a href=\"http:\/\/www.ealem.mrecic.gov.ar\/de\/content\/vernissage-\u201ctierras-partirseleben-zwei-welten\u201d\" target=\"_blank\" rel=\"noopener noreferrer\"><img loading=\"lazy\" decoding=\"async\" class=\"alignleft wp-image-812\" src=\"http:\/\/copalev.org\/wordpress\/wp-content\/uploads\/2017\/08\/Troubadour-Plakat-273x300.jpg\" alt=\"\" width=\"132\" height=\"145\" srcset=\"https:\/\/copalev.org\/wordpress\/wp-content\/uploads\/2017\/08\/Troubadour-Plakat-200x220.jpg 200w, https:\/\/copalev.org\/wordpress\/wp-content\/uploads\/2017\/08\/Troubadour-Plakat-273x300.jpg 273w, https:\/\/copalev.org\/wordpress\/wp-content\/uploads\/2017\/08\/Troubadour-Plakat-400x439.jpg 400w, https:\/\/copalev.org\/wordpress\/wp-content\/uploads\/2017\/08\/Troubadour-Plakat-600x659.jpg 600w, https:\/\/copalev.org\/wordpress\/wp-content\/uploads\/2017\/08\/Troubadour-Plakat-768x843.jpg 768w, https:\/\/copalev.org\/wordpress\/wp-content\/uploads\/2017\/08\/Troubadour-Plakat-800x878.jpg 800w, https:\/\/copalev.org\/wordpress\/wp-content\/uploads\/2017\/08\/Troubadour-Plakat-933x1024.jpg 933w, https:\/\/copalev.org\/wordpress\/wp-content\/uploads\/2017\/08\/Troubadour-Plakat-1200x1317.jpg 1200w, https:\/\/copalev.org\/wordpress\/wp-content\/uploads\/2017\/08\/Troubadour-Plakat.jpg 3498w\" sizes=\"auto, (max-width: 132px) 100vw, 132px\" \/><\/a><strong><a href=\"http:\/\/www.gospelchor-troubadour.de\/\" target=\"_blank\" rel=\"noopener noreferrer\">Gospelchor Troubadour<\/a><\/strong><\/span><\/p>\n<p><span style=\"font-family: Arial,sans-serif;\"><div class=\"fusion-sep-clear\"><\/div><div class=\"fusion-separator fusion-full-width-sep sep-single sep-solid\" style=\"border-color:#757474;border-top-width:1px;margin-left: auto;margin-right: auto;margin-top:10px;margin-bottom:10px;\"><\/div><\/span><\/p>\n<p><span style=\"font-family: Arial,sans-serif;\"><a href=\"http:\/\/www.diemaerchenerzaehlerin.de\/\" target=\"_blank\" rel=\"noopener noreferrer\"><img loading=\"lazy\" decoding=\"async\" class=\"alignleft wp-image-811\" src=\"http:\/\/copalev.org\/wordpress\/wp-content\/uploads\/2017\/08\/M\u00e4rchen-192x300.jpg\" alt=\"\" width=\"100\" height=\"157\" srcset=\"https:\/\/copalev.org\/wordpress\/wp-content\/uploads\/2017\/08\/M\u00e4rchen-192x300.jpg 192w, https:\/\/copalev.org\/wordpress\/wp-content\/uploads\/2017\/08\/M\u00e4rchen-200x312.jpg 200w, https:\/\/copalev.org\/wordpress\/wp-content\/uploads\/2017\/08\/M\u00e4rchen-400x624.jpg 400w, https:\/\/copalev.org\/wordpress\/wp-content\/uploads\/2017\/08\/M\u00e4rchen.jpg 517w\" sizes=\"auto, (max-width: 100px) 100vw, 100px\" \/><\/a><br \/>\n<strong><a href=\"http:\/\/www.diemaerchenerzaehlerin.de\/\" target=\"_blank\" rel=\"noopener noreferrer\">Karola Graf, M\u00e4rchenerz\u00e4hlerin<\/a><\/strong><\/span><\/p>\n<p><span style=\"font-family: Arial,sans-serif;\"><div class=\"fusion-sep-clear\"><\/div><div class=\"fusion-separator fusion-full-width-sep sep-single sep-solid\" style=\"border-color:#757474;border-top-width:1px;margin-left: auto;margin-right: auto;margin-top:10px;margin-bottom:10px;\"><\/div><\/span><\/p>\n<p><span style=\"font-family: Arial,sans-serif;\"><a href=\"http:\/\/www.barembuem-rojas.com\/de\/\"><img loading=\"lazy\" decoding=\"async\" class=\"alignleft wp-image-810\" src=\"http:\/\/copalev.org\/wordpress\/wp-content\/uploads\/2017\/08\/Rojas-300x275.jpg\" alt=\"\" width=\"134\" height=\"123\" srcset=\"https:\/\/copalev.org\/wordpress\/wp-content\/uploads\/2017\/08\/Rojas-200x184.jpg 200w, https:\/\/copalev.org\/wordpress\/wp-content\/uploads\/2017\/08\/Rojas-300x275.jpg 300w, https:\/\/copalev.org\/wordpress\/wp-content\/uploads\/2017\/08\/Rojas-400x367.jpg 400w, https:\/\/copalev.org\/wordpress\/wp-content\/uploads\/2017\/08\/Rojas-600x551.jpg 600w, https:\/\/copalev.org\/wordpress\/wp-content\/uploads\/2017\/08\/Rojas-768x705.jpg 768w, https:\/\/copalev.org\/wordpress\/wp-content\/uploads\/2017\/08\/Rojas-800x735.jpg 800w, https:\/\/copalev.org\/wordpress\/wp-content\/uploads\/2017\/08\/Rojas-1024x940.jpg 1024w, https:\/\/copalev.org\/wordpress\/wp-content\/uploads\/2017\/08\/Rojas.jpg 1053w\" sizes=\"auto, (max-width: 134px) 100vw, 134px\" \/><\/a><br \/>\n<strong><a href=\"http:\/\/www.barembuem-rojas.com\/de\/\" target=\"_blank\" rel=\"noopener noreferrer\">Pablo Rojas\u00a0und\u00a0\u00a0Paula Barembuem<\/a><\/strong><\/span><\/p>\n<p><span style=\"font-family: Arial,sans-serif;\"><div class=\"fusion-sep-clear\"><\/div><div class=\"fusion-separator fusion-full-width-sep sep-single sep-solid\" style=\"border-color:#757474;border-top-width:1px;margin-left: auto;margin-right: auto;margin-top:10px;margin-bottom:10px;\"><\/div><\/span><\/p>\n<p><span style=\"font-family: Arial,sans-serif;\"><a href=\"https:\/\/www.evangelisch-in-reichenberg.de\/kirchenmusik\/posaunenchor-reichenberg\/\" target=\"_blank\" rel=\"noopener noreferrer\"><img loading=\"lazy\" decoding=\"async\" class=\"alignleft wp-image-809\" src=\"http:\/\/copalev.org\/wordpress\/wp-content\/uploads\/2017\/08\/Posaunenchor-RB-300x164.jpg\" alt=\"\" width=\"159\" height=\"87\" srcset=\"https:\/\/copalev.org\/wordpress\/wp-content\/uploads\/2017\/08\/Posaunenchor-RB-200x110.jpg 200w, https:\/\/copalev.org\/wordpress\/wp-content\/uploads\/2017\/08\/Posaunenchor-RB-300x164.jpg 300w, https:\/\/copalev.org\/wordpress\/wp-content\/uploads\/2017\/08\/Posaunenchor-RB-400x219.jpg 400w, https:\/\/copalev.org\/wordpress\/wp-content\/uploads\/2017\/08\/Posaunenchor-RB-600x329.jpg 600w, https:\/\/copalev.org\/wordpress\/wp-content\/uploads\/2017\/08\/Posaunenchor-RB-768x421.jpg 768w, https:\/\/copalev.org\/wordpress\/wp-content\/uploads\/2017\/08\/Posaunenchor-RB-800x438.jpg 800w, https:\/\/copalev.org\/wordpress\/wp-content\/uploads\/2017\/08\/Posaunenchor-RB-1024x561.jpg 1024w, https:\/\/copalev.org\/wordpress\/wp-content\/uploads\/2017\/08\/Posaunenchor-RB-1200x657.jpg 1200w, https:\/\/copalev.org\/wordpress\/wp-content\/uploads\/2017\/08\/Posaunenchor-RB.jpg 1448w\" sizes=\"auto, (max-width: 159px) 100vw, 159px\" \/><\/a><br \/>\n<strong><a href=\"https:\/\/www.evangelisch-in-reichenberg.de\/kirchenmusik\/posaunenchor-reichenberg\/\" target=\"_blank\" rel=\"noopener noreferrer\">Posaunenchor Reichenberg<\/a><\/strong><\/span><\/p>\n<p><span style=\"font-family: Arial,sans-serif;\"><div class=\"fusion-sep-clear\"><\/div><div class=\"fusion-separator fusion-full-width-sep sep-single sep-solid\" style=\"border-color:#757474;border-top-width:1px;margin-left: auto;margin-right: auto;margin-top:10px;margin-bottom:10px;\"><\/div><\/span><\/p>\n<div id=\"attachment_880\" style=\"width: 168px\" class=\"wp-caption alignleft\"><img loading=\"lazy\" decoding=\"async\" aria-describedby=\"caption-attachment-880\" class=\"wp-image-880 \" src=\"http:\/\/copalev.org\/wordpress\/wp-content\/uploads\/2017\/09\/Ianova-\u2013-Delgado-218x300.jpg\" alt=\"\" width=\"158\" height=\"218\" srcset=\"https:\/\/copalev.org\/wordpress\/wp-content\/uploads\/2017\/09\/Ianova-\u2013-Delgado-200x275.jpg 200w, https:\/\/copalev.org\/wordpress\/wp-content\/uploads\/2017\/09\/Ianova-\u2013-Delgado-218x300.jpg 218w, https:\/\/copalev.org\/wordpress\/wp-content\/uploads\/2017\/09\/Ianova-\u2013-Delgado-400x550.jpg 400w, https:\/\/copalev.org\/wordpress\/wp-content\/uploads\/2017\/09\/Ianova-\u2013-Delgado.jpg 450w\" sizes=\"auto, (max-width: 158px) 100vw, 158px\" \/><p id=\"caption-attachment-880\" class=\"wp-caption-text\">Ivona &#8211; Delgado<\/p><\/div>\n<p><strong><a href=\"https:\/\/www.facebook.com\/events\/113383986033419\" target=\"_blank\" rel=\"noopener noreferrer\"><span style=\"font-family: Arial,sans-serif;\">Duo \u201eIvanova \u2013 Delgado\u201c (Cello und Klavier, bzw. Keyboard)\u00a0<\/span><\/a><\/strong><\/p>\n<p class=\"western\">\u00a0<div class=\"fusion-sep-clear\"><\/div><div class=\"fusion-separator fusion-full-width-sep sep-single sep-solid\" style=\"border-color:#757474;border-top-width:1px;margin-left: auto;margin-right: auto;margin-top:10px;margin-bottom:10px;\"><\/div><\/p>\n<p><strong><a href=\"https:\/\/www.puentelatino.de\/\" target=\"_blank\" rel=\"noopener noreferrer\">Puente Latino<\/a><\/strong><\/p>","protected":false},"excerpt":{"rendered":"<p>Soni Classico Soni Classico ist\u00a0ein Brass-Ensemble aus dem Raum\u00a0W\u00fcrzburg\u00a0und\u00a0Uettingen.\u00a0Sie spielen zu festlichen Anl\u00e4ssen, wie Hochzeiten, runden Geburtstagen, Wein- und Kirchenfesten und Firmenereignissen.\u00a0Mit ihrer Musik unterst\u00fctzen\u00a0sie schon seit Jahren die Sozialprojekte von COPAL e.V.\u00a0Gerne spielen sie auch\u00a0bei Ihrem Ereignis\u00a0&#8211; bitte einfach\u00a0Kontakt aufnehmen. Feurige Meistermusiker Marimba (Evgeniya Kavaldzhieva), Violinen (Miroslaw Bojadzijew, Maria Bojadzijewa) und Klavier (Daniel Delgado)\u00a0locken [&hellip;]<\/p>\n","protected":false},"author":14,"featured_media":0,"parent":0,"menu_order":0,"comment_status":"closed","ping_status":"closed","template":"","meta":{"footnotes":""},"class_list":["post-975","page","type-page","status-publish","hentry"],"_links":{"self":[{"href":"https:\/\/copalev.org\/de\/wp-json\/wp\/v2\/pages\/975","targetHints":{"allow":["GET"]}}],"collection":[{"href":"https:\/\/copalev.org\/de\/wp-json\/wp\/v2\/pages"}],"about":[{"href":"https:\/\/copalev.org\/de\/wp-json\/wp\/v2\/types\/page"}],"author":[{"embeddable":true,"href":"https:\/\/copalev.org\/de\/wp-json\/wp\/v2\/users\/14"}],"replies":[{"embeddable":true,"href":"https:\/\/copalev.org\/de\/wp-json\/wp\/v2\/comments?post=975"}],"version-history":[{"count":12,"href":"https:\/\/copalev.org\/de\/wp-json\/wp\/v2\/pages\/975\/revisions"}],"predecessor-version":[{"id":1251,"href":"https:\/\/copalev.org\/de\/wp-json\/wp\/v2\/pages\/975\/revisions\/1251"}],"wp:attachment":[{"href":"https:\/\/copalev.org\/de\/wp-json\/wp\/v2\/media?parent=975"}],"curies":[{"name":"wp","href":"https:\/\/api.w.org\/{rel}","templated":true}]}}