{"id":149,"date":"2017-05-03T21:47:35","date_gmt":"2017-05-03T19:47:35","guid":{"rendered":"http:\/\/copalev.org\/?page_id=149"},"modified":"2023-08-13T20:04:47","modified_gmt":"2023-08-13T18:04:47","slug":"downloads-2","status":"publish","type":"page","link":"https:\/\/copalev.org\/es\/deutsch-kontakt-und-service\/","title":{"rendered":"Downloads"},"content":{"rendered":"\t\t<div data-elementor-type=\"wp-page\" data-elementor-id=\"149\" class=\"elementor elementor-149\">\n\t\t\t\t\t\t\t\t\t<section class=\"elementor-section elementor-top-section elementor-element elementor-element-46d9a09f elementor-section-boxed elementor-section-height-default elementor-section-height-default\" data-id=\"46d9a09f\" data-element_type=\"section\">\n\t\t\t\t\t\t<div class=\"elementor-container elementor-column-gap-default\">\n\t\t\t\t\t<div class=\"elementor-column elementor-col-100 elementor-top-column elementor-element elementor-element-d8822bb\" data-id=\"d8822bb\" data-element_type=\"column\">\n\t\t\t<div class=\"elementor-widget-wrap elementor-element-populated\">\n\t\t\t\t\t\t\t\t<div class=\"elementor-element elementor-element-440340e0 elementor-widget elementor-widget-text-editor\" data-id=\"440340e0\" data-element_type=\"widget\" data-widget_type=\"text-editor.default\">\n\t\t\t\t<div class=\"elementor-widget-container\">\n\t\t\t\t\t\t\t<p><div  class=\"fusion-fullwidth fullwidth-box nonhundred-percent-fullwidth\"  style='background-color: rgba(255,255,255,0);background-position: center center;background-repeat: no-repeat;padding-top:0px;padding-right:0px;padding-bottom:0px;padding-left:0px;'><div class=\"fusion-builder-row fusion-row \"><div  class=\"fusion-layout-column fusion_builder_column fusion_builder_column_1_1  fusion-one-full fusion-column-first fusion-column-last 1_1\"  style='margin-top:0px;margin-bottom:0px;'>\n\t\t\t<div class=\"fusion-column-wrapper\" style=\"background-position:left top;background-repeat:no-repeat;-webkit-background-size:cover;-moz-background-size:cover;-o-background-size:cover;background-size:cover;\"  data-bg-url=\"\">\n\t\t\t\t<h2><span class=\"hps\">Zum Herunterladen&nbsp;<\/span><span class=\"hps\">bieten wir<\/span>&nbsp;folgende Dokumente an:<\/h2>\n<div class=\"fusion-clearfix\"><\/div>\n\n\t\t\t<\/div>\n\t\t<\/div><div  class=\"fusion-layout-column fusion_builder_column fusion_builder_column_2_3  fusion-two-third fusion-column-first 2_3\"  style='margin-top:0px;margin-bottom:20px;width:66.66%;width:calc(66.66% - ( ( 4% ) * 0.6666 ) );margin-right: 4%;'>\n\t\t\t<div class=\"fusion-column-wrapper\" style=\"background-position:left top;background-repeat:no-repeat;-webkit-background-size:cover;-moz-background-size:cover;-o-background-size:cover;background-size:cover;\"  data-bg-url=\"\">\n\t\t\t\t<p><a href=\"http:\/\/copalev.org\/wordpress\/wp-content\/uploads\/2017\/12\/COPAL-Satzung-Spanisch.pdf\" target=\"_blank\" rel=\"noopener noreferrer\">estatuto COPAL e.V.<\/a><\/p>\n<p><a href=\"http:\/\/copalev.org\/wordpress\/wp-content\/uploads\/2017\/07\/Registerauszug-COPAL-e.V.pdf\" target=\"_blank\" rel=\"noopener noreferrer\">Registerauszug COPAL e.V.<\/a><\/p>\n<p><a href=\"http:\/\/copalev.org\/wordpress\/wp-content\/uploads\/2017\/12\/Freistellungsbescheid-FA-W\u00fcrzburg-2017.pdf\" target=\"_blank\" rel=\"noopener noreferrer\">Freistellungsbescheid Finanzamt<\/a><\/p>\n<p><a href=\"http:\/\/copalev.org\/wordpress\/wp-content\/uploads\/2017\/07\/Beitrittserkl\u00e4rung.pdf\" target=\"_blank\" rel=\"noopener noreferrer\">Beitrittserkl\u00e4rung<\/a><\/p>\n<p><a href=\"http:\/\/copalev.org\/wordpress\/wp-content\/uploads\/2017\/07\/Spendenformular.pdf\" target=\"_blank\" rel=\"noopener noreferrer\">Einzugserm\u00e4chtigung f\u00fcr Spenden<\/a><\/p>\n<p><a href=\"http:\/\/copalev.org\/wordpress\/wp-content\/uploads\/2017\/07\/COPAL.pdf\" target=\"_blank\" rel=\"noopener noreferrer\">Pr\u00e4sentation COPAL e.V.<\/a><\/p>\n<h3>Flyer COPAL e.V.<\/h3>\n<p><a href=\"http:\/\/copalev.org\/wordpress\/wp-content\/uploads\/2017\/10\/Flyer-COPAL.pdf\" target=\"_blank\" rel=\"noopener noreferrer\">Flyer COPAL e.V.<\/a><\/p>\n<p><a href=\"http:\/\/copalev.org\/wordpress\/wp-content\/uploads\/2017\/10\/Flyer-Aktuelle-Projekte.pdf\" target=\"_blank\" rel=\"noopener noreferrer\">Flyer aktuelle Projekte<\/a><\/p>\n<p><a href=\"http:\/\/copalev.org\/wordpress\/wp-content\/uploads\/2017\/10\/Flyer-Schulpartnerschaft.pdf\" target=\"_blank\" rel=\"noopener noreferrer\">Flyer Schulpartnerschaft La Paz<\/a><\/p>\n<h2>Newsletter<\/h2>\n<p><a href=\"http:\/\/copalev.org\/wordpress\/wp-content\/uploads\/2017\/10\/Newsletter-1.pdf\" target=\"_blank\" rel=\"noopener noreferrer\">Newsletter 2013<\/a><\/p>\n<p><a href=\"http:\/\/copalev.org\/wordpress\/wp-content\/uploads\/2017\/10\/Newsletter-Mai-2014.pdf\" target=\"_blank\" rel=\"noopener noreferrer\">Newsletter Mai 2014<\/a><\/p>\n<p><a href=\"http:\/\/copalev.org\/wordpress\/wp-content\/uploads\/2017\/10\/RundbriefDezember2014.pdf\" target=\"_blank\" rel=\"noopener noreferrer\">Rundbrief Dezember 2014<\/a><\/p>\n<p><a href=\"http:\/\/copalev.org\/wordpress\/wp-content\/uploads\/2017\/10\/RundbriefNov2015.pdf\" target=\"_blank\" rel=\"noopener noreferrer\">Rundbrief November 2015<\/a><\/p>\n<p><a href=\"http:\/\/copalev.org\/wordpress\/wp-content\/uploads\/2017\/10\/RundbriefDez2016.pdf\" target=\"_blank\" rel=\"noopener noreferrer\">Rundbrief Dezember 2016<\/a><\/p>\n<p>Wollen Sie regelm\u00e4\u00dfig \u00fcber unsere Projekte und Veranstaltungen informiert werden? Dann nehmen wir Sie gerne in unseren <strong>E-Mail-Verteiler<\/strong> auf. Eine kurze Nachricht an <a href=\"mailto:info@copalev.org\" target=\"_blank\" rel=\"noopener noreferrer\">info@copalev.org<\/a> gen\u00fcgt!<\/p>\n<div class=\"fusion-clearfix\"><\/div>\n\n\t\t\t<\/div>\n\t\t<\/div><div  class=\"fusion-layout-column fusion_builder_column fusion_builder_column_1_3  fusion-one-third fusion-column-last 1_3\"  style='margin-top:0px;margin-bottom:20px;width:33.33%;width:calc(33.33% - ( ( 4% ) * 0.3333 ) );'>\n\t\t\t<div class=\"fusion-column-wrapper\" style=\"background-position:left top;background-repeat:no-repeat;-webkit-background-size:cover;-moz-background-size:cover;-o-background-size:cover;background-size:cover;\"  data-bg-url=\"\">\n\t\t\t\t<span class=\"fusion-imageframe imageframe-none imageframe-1 hover-type-none\"><img decoding=\"async\" src=\"http:\/\/copalev.org\/wordpress\/wp-content\/uploads\/2017\/03\/Startseite-1-300x169.jpg\" width=\"\" height=\"\" alt=\"\" title=\"\" class=\"img-responsive\"\/><\/span><div class=\"fusion-clearfix\"><\/div>\n\n\t\t\t<\/div>\n\t\t<\/div><\/div><\/div><\/p>\t\t\t\t\t\t<\/div>\n\t\t\t\t<\/div>\n\t\t\t\t\t<\/div>\n\t\t<\/div>\n\t\t\t\t\t\t\t<\/div>\n\t\t<\/section>\n\t\t\t\t\t\t\t<\/div>\n\t\t","protected":false},"excerpt":{"rendered":"<p>Disculpa, pero esta entrada est\u00e1 disponible s\u00f3lo en English. For the sake of viewer convenience, the content is shown below in the alternative language. You may click the link to switch the active language.Contact<\/p>\n","protected":false},"author":23,"featured_media":0,"parent":0,"menu_order":0,"comment_status":"closed","ping_status":"closed","template":"","meta":{"footnotes":""},"class_list":["post-149","page","type-page","status-publish","hentry"],"_links":{"self":[{"href":"https:\/\/copalev.org\/es\/wp-json\/wp\/v2\/pages\/149","targetHints":{"allow":["GET"]}}],"collection":[{"href":"https:\/\/copalev.org\/es\/wp-json\/wp\/v2\/pages"}],"about":[{"href":"https:\/\/copalev.org\/es\/wp-json\/wp\/v2\/types\/page"}],"author":[{"embeddable":true,"href":"https:\/\/copalev.org\/es\/wp-json\/wp\/v2\/users\/23"}],"replies":[{"embeddable":true,"href":"https:\/\/copalev.org\/es\/wp-json\/wp\/v2\/comments?post=149"}],"version-history":[{"count":53,"href":"https:\/\/copalev.org\/es\/wp-json\/wp\/v2\/pages\/149\/revisions"}],"predecessor-version":[{"id":1643,"href":"https:\/\/copalev.org\/es\/wp-json\/wp\/v2\/pages\/149\/revisions\/1643"}],"wp:attachment":[{"href":"https:\/\/copalev.org\/es\/wp-json\/wp\/v2\/media?parent=149"}],"curies":[{"name":"wp","href":"https:\/\/api.w.org\/{rel}","templated":true}]}}