{"id":937,"date":"2017-10-03T09:52:32","date_gmt":"2017-10-03T07:52:32","guid":{"rendered":"http:\/\/copalev.org\/de\/?page_id=937"},"modified":"2023-08-12T18:09:03","modified_gmt":"2023-08-12T16:09:03","slug":"downloads","status":"publish","type":"page","link":"https:\/\/copalev.org\/es\/deutsch-downloads\/","title":{"rendered":"contacto"},"content":{"rendered":"<p class=\"qtranxs-available-languages-message qtranxs-available-languages-message-es\">Disculpa, pero esta entrada est\u00e1 disponible s\u00f3lo en <a href=\"https:\/\/copalev.org\/de\/wp-json\/wp\/v2\/pages\/937\" class=\"qtranxs-available-language-link qtranxs-available-language-link-de\" title=\"Deutsch\">Deutsch<\/a>. For the sake of viewer convenience, the content is shown below in the alternative language. You may click the link to switch the active language.<\/p><p><\/p>\n<h3><strong><span class=\"hps\">Sie haben Fragen oder Anmerkungen zu Projekten oder anderen Themen rund um COPAL e.V.?\u00a0<\/span><\/strong><\/h3>\n<p>Wir freuen uns \u00fcber jede positive Resonanz oder konstruktive Kritik!<\/p>\n<p><strong>Sie erreichen uns per E-Mail unter:<\/strong><\/p>\n<p><a href=\"mailto:info@copalev.org\">info@copalev.org<\/a><\/p>\n<p>Gerne nehmen wir Sie auch in unseren <strong>E-Mail-Verteiler<\/strong> auf. Dadurch haben Sie die M\u00f6glichkeit, regelm\u00e4\u00dfig aktuelle Informationen \u00fcber unsere Projekte und Veranstaltungen zu erhalten. Eine kurze Nachricht gen\u00fcgt!<\/p>\n<p><b>T<\/b><strong>elefonisch sind wir zu erreichen unter:<\/strong><\/p>\n<p>09364 811254<\/p>\n<p>(Aus dem Ausland: +49-9364 811254)<\/p>\n<p><strong>Unsere Postanschrift:<\/strong><\/p>\n<p>COPAL e.V.<br \/>\nVorsitzender<br \/>\nBenjamin Navarro Canaviri<br \/>\nObere Ringstr. 29<br \/>\n97267 Himmelstadt<\/p>\n<h1><\/h1>\n<p><\/p>","protected":false},"excerpt":{"rendered":"<p>Disculpa, pero esta entrada est\u00e1 disponible s\u00f3lo en Deutsch. For the sake of viewer convenience, the content is shown below in the alternative language. You may click the link to switch the active language. Sie haben Fragen oder Anmerkungen zu Projekten oder anderen Themen rund um COPAL e.V.?\u00a0 Wir freuen uns \u00fcber jede positive Resonanz [&hellip;]<\/p>\n","protected":false},"author":14,"featured_media":0,"parent":0,"menu_order":0,"comment_status":"closed","ping_status":"closed","template":"","meta":{"footnotes":""},"class_list":["post-937","page","type-page","status-publish","hentry"],"_links":{"self":[{"href":"https:\/\/copalev.org\/es\/wp-json\/wp\/v2\/pages\/937","targetHints":{"allow":["GET"]}}],"collection":[{"href":"https:\/\/copalev.org\/es\/wp-json\/wp\/v2\/pages"}],"about":[{"href":"https:\/\/copalev.org\/es\/wp-json\/wp\/v2\/types\/page"}],"author":[{"embeddable":true,"href":"https:\/\/copalev.org\/es\/wp-json\/wp\/v2\/users\/14"}],"replies":[{"embeddable":true,"href":"https:\/\/copalev.org\/es\/wp-json\/wp\/v2\/comments?post=937"}],"version-history":[{"count":12,"href":"https:\/\/copalev.org\/es\/wp-json\/wp\/v2\/pages\/937\/revisions"}],"predecessor-version":[{"id":1564,"href":"https:\/\/copalev.org\/es\/wp-json\/wp\/v2\/pages\/937\/revisions\/1564"}],"wp:attachment":[{"href":"https:\/\/copalev.org\/es\/wp-json\/wp\/v2\/media?parent=937"}],"curies":[{"name":"wp","href":"https:\/\/api.w.org\/{rel}","templated":true}]}}